{"id":185455,"date":"2025-01-30T09:44:03","date_gmt":"2025-01-30T07:44:03","guid":{"rendered":"https:\/\/ownpowr.com\/?post_type=product&#038;p=185455"},"modified":"2025-01-30T09:44:03","modified_gmt":"2025-01-30T07:44:03","slug":"blauhoff-maxus-storage-only-385kwh-liquid-cooled-energy-storage-cabinet-10y-warantee-8000-cycles","status":"publish","type":"product","link":"https:\/\/ownpowr.com\/da\/product\/blauhoff-maxus-storage-only-385kwh-vaeskekolet-energilagringsskab-10-ars-garanti-8000-cyklusser\/","title":{"rendered":"Blauhoff Maxus Storage Only 385kWh V\u00e6skek\u00f8let energilagerskab 10 \u00e5rs garanti 8000 cyklusser"},"content":{"rendered":"<p>OBS!<\/p>\n<p>P\u00e5 grund af integration og kompleksitet er denne pris erhvervsinstallat\u00f8rpriser ekskl. moms og ekskl. montering.<\/p>\n<p>Monteringen foretages af din lokale installat\u00f8r med hj\u00e6lp fra vores tekniske medarbejder.<\/p>\n<p>Blauhoff Maxus Storage Only 385Kwh Energy Storage Cabinet V\u00e6skek\u00f8let 10 \u00e5rs garanti 8000 cyklusser<\/p>\n<p>Mulighed for tilskud https:\/\/blauhoff.nl\/subsidies-thuisbatterij-voor-bedrijven\/<\/p>\n<p>Prismatiske celler for h\u00f8jeste kvalitet og l\u00e6ngste levetid, 8000 cyklusser og 10 \u00e5rs garanti p\u00e5 cellerne uden ekstra omkostninger og 5 \u00e5r p\u00e5 helheden.<\/p>\n<p>De fleste andre leverand\u00f8rer har 3-5 \u00e5r p\u00e5 hele celler, og derefter skal man betale ekstra!<\/p>\n<p>Fuldt integreret ESS for nem transport og drift og vedligeholdelse. Kan tilpasses med mange store m\u00e6rker af invertere (somotec) og bruges som kompakt batterilager.<\/p>\n<p>Integreret og modul\u00e6rt design g\u00f8r den hurtig at s\u00e6tte op og bruge - maks. 3 timers arbejde.<\/p>\n<p>Blauhoff BLH-385kWh-Maxus, er et industrielt ESS-opbevaringsskab med v\u00e6skek\u00f8ling, er integreret med , batteri, BMS, termisk styring, str\u00f8mfordeling, brandbeskyttelse osv.<\/p>\n<p>Dets sikkerhedsdesign sikrer bedre batteriydelse og l\u00e6ngere levetid<br \/>\nlevetid. Flere skabss\u00e6t kan parallelkobles direkte op til 30 enheder for at opn\u00e5 energilagring.<br \/>\nsystemudvidelse. Det er superlet skalerbart og b\u00e6rbart.<\/p>\n<p>V\u00e6skek\u00f8ling :<br \/>\nBattericellers temperaturdrift<br \/>\ni hele systemet er inden for \u00b11,5 \u00b0C p\u00e5 grund af<br \/>\nintelligent v\u00e6skek\u00f8lesystem. Det kan<br \/>\nforl\u00e6nger systemets levetid med op til<br \/>\n30%, \u00f8ger systemets effektivitet p\u00e5 lang sigt<br \/>\nop til 88,5%.<\/p>\n<p>Sikker<br \/>\nSystemet har fire ledelsesniveauer<br \/>\nstruktur, der kan give pr\u00e6cis<br \/>\nkortslutningsbeskyttelse, overstr\u00f8m<br \/>\nbeskyttelse, oversp\u00e6ndingsbeskyttelse<br \/>\nbeskyttelse mod undersp\u00e6nding, overtemperatur<br \/>\nbeskyttelse osv.<\/p>\n<p><strong>NEN-EN-IEC 62619:2022 - Sekund\u00e6re celler og batterier, der indeholder alkaliske eller andre ikke-sure elektrolytter - Sikkerhedskrav til sekund\u00e6re lithiumceller og -batterier til brug i industrielle applikationer<\/strong><\/p>\n<p><strong>NEN-EN-IEC 61000-6-2\u3001EN IEC 61000-6-4<\/strong><\/p>\n<p><strong>UL 9540A:2019 udgave 4 - Standard for testmetode til evaluering af termisk l\u00f8bsk brandspredning i batteri-energilagringssystemer<\/strong><\/p>\n<p><strong>UN38.3<\/strong><strong>s<\/strong><\/p>","protected":false},"excerpt":{"rendered":"<p>OBS! P\u00e5 grund af integration og kompleksitet er denne pris erhvervsinstallat\u00f8rpriser ekskl. moms og ekskl. montering Montering udf\u00f8res af din lokale installat\u00f8r med hj\u00e6lp fra vores tekniske [...].<\/p>","protected":false},"featured_media":185452,"template":"","meta":{"_seopress_robots_primary_cat":"none","_seopress_titles_title":"","_seopress_titles_desc":"","_seopress_robots_index":"","_kad_blocks_custom_css":"","_kad_blocks_head_custom_js":"","_kad_blocks_body_custom_js":"","_kad_blocks_footer_custom_js":""},"product_cat":[17],"product_tag":[],"class_list":{"0":"post-185455","1":"product","2":"type-product","3":"status-publish","4":"has-post-thumbnail","6":"product_cat-home-batteries","8":"first","9":"instock","10":"sale","11":"taxable","12":"shipping-taxable","13":"purchasable","14":"product-type-simple"},"taxonomy_info":{"product_cat":[{"value":17,"label":"Home batteries"}]},"featured_image_src_large":["https:\/\/ownpowr.com\/wp-content\/uploads\/2024\/10\/maxus-.png",300,300,false],"author_info":[],"comment_info":"","_links":{"self":[{"href":"https:\/\/ownpowr.com\/da\/wp-json\/wp\/v2\/product\/185455","targetHints":{"allow":["GET"]}}],"collection":[{"href":"https:\/\/ownpowr.com\/da\/wp-json\/wp\/v2\/product"}],"about":[{"href":"https:\/\/ownpowr.com\/da\/wp-json\/wp\/v2\/types\/product"}],"wp:featuredmedia":[{"embeddable":true,"href":"https:\/\/ownpowr.com\/da\/wp-json\/wp\/v2\/media\/185452"}],"wp:attachment":[{"href":"https:\/\/ownpowr.com\/da\/wp-json\/wp\/v2\/media?parent=185455"}],"wp:term":[{"taxonomy":"product_cat","embeddable":true,"href":"https:\/\/ownpowr.com\/da\/wp-json\/wp\/v2\/product_cat?post=185455"},{"taxonomy":"product_tag","embeddable":true,"href":"https:\/\/ownpowr.com\/da\/wp-json\/wp\/v2\/product_tag?post=185455"}],"curies":[{"name":"wp","href":"https:\/\/api.w.org\/{rel}","templated":true}]}}