{"id":187742,"date":"2024-10-25T09:11:12","date_gmt":"2024-10-25T07:11:12","guid":{"rendered":"https:\/\/ownpowr.com\/?post_type=product&#038;p=187742"},"modified":"2025-01-30T09:53:51","modified_gmt":"2025-01-30T07:53:51","slug":"blauhoff-25k-80kwh-hv-3-phase-system-powerpack-ip55-100ah-1c-charge-discharge","status":"publish","type":"product","link":"https:\/\/ownpowr.com\/da\/product\/blauhoff-25k-80kwh-hv-3-fase-system-powerpack-ip55-100ah-1c-opladning-afladning\/","title":{"rendered":"Blauhoff 25K\/80kWh HV 3-faset system powerpack IP55 100aH 1C opladning\/afladning"},"content":{"rendered":"<h2>Blauhoff Home 25K\/80 kWh HV 3 Fase system Cobalt vrij Powerpack IP55 Outdoor\/Indoor\/Cobalt vrij 100aH 1C<\/h2>\n<p>Det super robuste og let udvidelige Blauhoff Home BLH-25k\/80 kWh 3 Fase System, af det anerkendte m\u00e6rke Blauhoff, giver en p\u00e5lidelig og effektiv l\u00f8sning til energiopslag i husholdninger med et st\u00f8rre forbrug. Med dette kraftfulde system kan du optimere husets energieffektivitet, reducere afh\u00e6ngigheden af elnettet og drage fordel af n\u00f8dstr\u00f8msforsyningen i forbindelse med str\u00f8mudfald. Desuden leveres dette system med gratis montage, hvilket giver en fantastisk installation. Kommunikerer med dynamisk str\u00f8m som n\u00f8dvendig uden abonnement og altid frit valg i energileverand\u00f8r!<\/p>\n<p>De omvormer har en l\u00e6ngde p\u00e5 780 mm og en v\u00e6gt p\u00e5 33,6 kg. Med et ekstra 300 mm kabel mellem omformeren og batteriet kan du bestemme den optimale placering for dit system, hvilket s\u00f8rger for en effektiv energioverf\u00f8rsel og minimal energiforbrug.<\/p>\n<p>Batterisystemet Blauhoff er holdbart, koboltfrit og kompakt og fladt, med m\u00e5l p\u00e5 734 mm x 400 mm pr. modul og en v\u00e6gt p\u00e5 906 kg. Batteriet har en kapacitet p\u00e5 80 kWh, hvilket betyder, at du kan lagre overskydende energi, som bliver lagret i dine solpaneler eller andre energikilder. P\u00e5 tidspunkter, hvor der ikke er nogen energiproduktion, kan du bruge den lagrede energi til at reducere din energiforbrug, s\u00e5 du bliver mindre afh\u00e6ngig af elnettet og dine energikilder. Dette sker helt automatisk i kombination med en dynamisk energikontrakt, som er til stede. Om vinteren kan du nyde godt af billig str\u00f8m i l\u00f8bet af natten og hele dagen, og i l\u00f8bet af sommeren kan du lade gratis i l\u00f8bet af middagen og aftenen, og i l\u00f8bet af morgenen eller natten kan du lade bilen op.<\/p>\n<p><strong>Specielt fremstillet Charge\/Discharge 1C (100aH), zodat u razend snel kunt laden en ontladen. 8000 cyklusser 10 \u00e5rs garanti &amp; UL9540A certificeret, den h\u00f8jest haalbare og brandsikre kategori!<\/strong><\/p>\n<p><strong>Altid leveret med gratis Blauhoff Smartlanhub inklusive app og hardware, s\u00e5 du automatisk og uden abonnementsomkostninger dynamisk kan handle og selv de baas over din energileverand\u00f8r bent.  Du kan dagligt skifte til den forreste leverand\u00f8r. Ogs\u00e5 kompatibel med Homeautomation og Homey Pro domotica.<\/strong><\/p>\n<p>Det Home BLH-25k\/80 kWh 3 Fase System er anbefalet til husholdninger med et gennemsnitligt \u00e5rligt forbrug p\u00e5 ca. 29200 kWh. Med en effekt p\u00e5 25 kW kan du f\u00e5 en betydelig del af din energibehov d\u00e6kket ved hj\u00e6lp af den opbrugte solenergi og den lagrede energi i batteriet. Desuden er systemet udstyret med n\u00f8dstr\u00f8msforsyning, s\u00e5 vigtige apparater kan blive ved med at arbejde under str\u00f8mafbrydelse, og dine daglige rutiner kan blive afbrudt. Desuden kan systemet bygges op til maks. 600 kWh.<\/p>\n<p>Det Blauhoff Home BLH-25k\/80 kWh 3 Fase Systeem Powerpack er designet med fleksibilitet i tankerne. Den er udstyret med en generator-\/vindm\u00f8lleport, som giver dig mulighed for at tilf\u00f8je ekstra energikilder og \u00f8ge din energiafh\u00e6ngighed. Med en minimal tilslutning p\u00e5 3x25A og egnet til 3-fase-konfigurationer er dette system kompatibelt med de fleste husholdningselektricitetsnetv\u00e6rk.<\/p>\n<p>Takket v\u00e6re den gratis montage kan du stole p\u00e5 professionel installation, hvorved dit system fungerer optimalt fra det allerf\u00f8rste \u00f8jeblik, og du kan nyde godt af en fantastisk oplevelse.<\/p>\n<p>G\u00f8r overgangen til en mere effektiv og b\u00e6redygtig energiforsyning med Blauhoff Home BLH-25k\/80kWh 3-faset system. Med kraftige energiopslag, str\u00f8mforsyninger og fleksibilitet i energibronnerne kan du stole p\u00e5 en p\u00e5lidelig str\u00f8mforsyning, opn\u00e5 besparelser og reducere dit \u00f8kologiske fodaftryk. V\u00e6lg Blauhoff og g\u00f8r din bolig klar til fremtidens energibehov.<\/p>\n<p><a href=\"https:\/\/blauhoff.nl\/wp-content\/uploads\/2024\/10\/Blauhoff-Power-Pack-HV-V1.4-1.pdf\" target=\"_blank\" rel=\"noopener\">Blauhoff Power Pack HV V1.4 (1)<\/a><\/p>","protected":false},"excerpt":{"rendered":"<p>Blauhoff Home 25K\/80 kWh HV 3 Fase system Cobalt vrij Powerpack IP55 Outdoor\/Indoor\/Cobalt vrij 100aH 1C Het super robuste en makkelijk uitbreidbare Blauhoff Home BLH-25k\/80 kWh 3 Fase Systeem, van [...]<\/p>","protected":false},"featured_media":187745,"template":"","meta":{"_seopress_robots_primary_cat":"none","_seopress_titles_title":"","_seopress_titles_desc":"","_seopress_robots_index":"","_kad_blocks_custom_css":"","_kad_blocks_head_custom_js":"","_kad_blocks_body_custom_js":"","_kad_blocks_footer_custom_js":""},"product_cat":[17,19],"product_tag":[],"class_list":{"0":"post-187742","1":"product","2":"type-product","3":"status-publish","4":"has-post-thumbnail","6":"product_cat-home-batteries","7":"product_cat-sets-with-inverters","9":"first","10":"instock","11":"taxable","12":"shipping-taxable","13":"purchasable","14":"product-type-simple"},"taxonomy_info":{"product_cat":[{"value":17,"label":"Home batteries"},{"value":19,"label":"Sets with inverters"}]},"featured_image_src_large":["https:\/\/ownpowr.com\/wp-content\/uploads\/2024\/10\/bh3-25k-80kwh-300x300-1.png",300,300,false],"author_info":[],"comment_info":"","_links":{"self":[{"href":"https:\/\/ownpowr.com\/da\/wp-json\/wp\/v2\/product\/187742","targetHints":{"allow":["GET"]}}],"collection":[{"href":"https:\/\/ownpowr.com\/da\/wp-json\/wp\/v2\/product"}],"about":[{"href":"https:\/\/ownpowr.com\/da\/wp-json\/wp\/v2\/types\/product"}],"wp:featuredmedia":[{"embeddable":true,"href":"https:\/\/ownpowr.com\/da\/wp-json\/wp\/v2\/media\/187745"}],"wp:attachment":[{"href":"https:\/\/ownpowr.com\/da\/wp-json\/wp\/v2\/media?parent=187742"}],"wp:term":[{"taxonomy":"product_cat","embeddable":true,"href":"https:\/\/ownpowr.com\/da\/wp-json\/wp\/v2\/product_cat?post=187742"},{"taxonomy":"product_tag","embeddable":true,"href":"https:\/\/ownpowr.com\/da\/wp-json\/wp\/v2\/product_tag?post=187742"}],"curies":[{"name":"wp","href":"https:\/\/api.w.org\/{rel}","templated":true}]}}