{"id":195855,"date":"2025-01-30T10:14:41","date_gmt":"2025-01-30T08:14:41","guid":{"rendered":"https:\/\/ownpowr.com\/?post_type=product&#038;p=195855"},"modified":"2025-01-30T10:14:42","modified_gmt":"2025-01-30T08:14:42","slug":"blauhoff-home-12k-35-kwh-lv-3-fase-systeem-powerpack-ip55-100ah-1c-charge-discharge","status":"publish","type":"product","link":"https:\/\/ownpowr.com\/da\/product\/blauhoff-home-12k-35-kwh-lv-3-fase-system-powerpack-ip55-100ah-1c-charge-discharge\/","title":{"rendered":"Blauhoff Home 12K\/35 kWh LV 3 Phase Systeem Powerpack IP55 100aH 1C Charge\/Discharge"},"content":{"rendered":"<p>Blauhoff Home 12K\/35 kWh LV 3-faset system Koboltfri Powerpack IP65 Udend\u00f8rs\/Indd\u00f8rs\/Koboltfri 100aH 1C<\/p>\n<p>Det super robuste og let udvidelige Blauhoff Home BLH-12k\/35 kWh 3-fase system fra det anerkendte m\u00e6rke Blauhoff er en p\u00e5lidelig og effektiv l\u00f8sning til energilagring i husholdninger med et h\u00f8jt forbrug. Med dette kraftfulde system kan du optimere energieffektiviteten i dit hjem, reducere din afh\u00e6ngighed af elnettet og drage fordel af n\u00f8dstr\u00f8msforsyning i tilf\u00e6lde af str\u00f8msvigt. Derudover leveres dette system med gratis installation, hvilket sikrer en ubekymret installation. Kommunikerer med dynamisk str\u00f8m efter behov uden abonnement og altid frit valg af energileverand\u00f8r!<\/p>\n<p>Inverteren har en l\u00e6ngde p\u00e5 780 mm og en v\u00e6gt p\u00e5 33,6 kg. Med et ekstra 300 mm kabel mellem inverteren og batteriet kan du bestemme den optimale placering for dit system, hvilket sikrer effektiv energioverf\u00f8rsel og minimalt energitab.<\/p>\n<p>Batterisystemet Blauhoff er b\u00e6redygtigt, koboltfrit og kompakt og fladt med dimensioner p\u00e5 734 mm x 400 mm pr. modul og en v\u00e6gt p\u00e5 397 kg. Batteriet har en kapacitet p\u00e5 35 kWh, s\u00e5 du kan gemme overskydende energi fra dine solpaneler eller andre energikilder. P\u00e5 tidspunkter, hvor der ikke er nogen energiproduktion, kan du bruge den lagrede energi til at d\u00e6kke dit energiforbrug, hvilket g\u00f8r dig mindre afh\u00e6ngig af elnettet og reducerer dine energiomkostninger yderligere. Alt dette sker automatisk i kombination med en dynamisk energikontrakt, hvis den er tilg\u00e6ngelig. Om vinteren kan du s\u00e5 nyde godt af billig elektricitet om natten og bruge den hele dagen, og om sommeren kan du oplade gratis om eftermiddagen og aftenen og bruge den til at oplade bilen om morgenen eller om natten.<\/p>\n<p>Specielt fremstillet Charge\/Discharge 1C (100aH), s\u00e5 du kan oplade og aflade meget hurtigt. 8000 cyklusser 10 \u00e5rs garanti &amp; UL9540A-certificeret, den h\u00f8jest opn\u00e5elige og brandsikre kategori!<\/p>\n<p>Leveres altid med gratis Blauhoff Smartlanhub inkl. app og hardware, s\u00e5 du kan handle automatisk og uden abonnementsomkostninger dynamisk og selv har kontrol over din energileverand\u00f8r. Du kan skifte til den mest fordelagtige leverand\u00f8r hver dag. Ogs\u00e5 kompatibel med Homeautomation og Homey Pro home automation.<\/p>\n<p>Home BLH-12k\/35 kWh 3-faset system anbefales til husholdninger med et gennemsnitligt \u00e5rligt forbrug p\u00e5 ca. 12775 kWh. Med en kapacitet p\u00e5 12 kW kan du d\u00e6kke en betydelig del af dit energibehov ved hj\u00e6lp af den genererede solenergi og den lagrede energi i batteriet. Derudover tilbyder dette system n\u00f8dstr\u00f8msforsyning, s\u00e5 vigtige enheder forts\u00e6tter med at fungere under str\u00f8mafbrydelser, og dine daglige rutiner kan forts\u00e6tte uforstyrret. Systemet kan ogs\u00e5 udvides til maks. 600 kWh.<\/p>\n<p>Blauhoff Home BLH-12k\/35 kWh 3 Phase System Powerpack er designet med fleksibilitet for \u00f8je. Den har en generator-\/vindm\u00f8lleport, som giver dig mulighed for at tilf\u00f8je yderligere energikilder og \u00f8ge din energiuafh\u00e6ngighed yderligere. Med en minimumstilslutning p\u00e5 3x25A og egnet til 3-fasede konfigurationer er dette system kompatibelt med de fleste husholdningsnetv\u00e6rk.<\/p>\n<p>Takket v\u00e6re den gratis installation kan du stole p\u00e5 en professionel installation, der sikrer, at dit system fungerer optimalt fra f\u00f8rste \u00f8jeblik, og at du kan nyde en ubekymret oplevelse.<\/p>\n<p>Skift til en mere effektiv og b\u00e6redygtig energiforsyning med Blauhoff Home BLH-12k\/35kWh 3-faset system. Med kraftig energilagring, n\u00f8dstr\u00f8msforsyning og fleksibilitet i energikilderne kan du stole p\u00e5 en p\u00e5lidelig str\u00f8mforsyning, opn\u00e5 omkostningsbesparelser og reducere dit CO2-fodaftryk. V\u00e6lg Blauhoff, og forbered dit hjem p\u00e5 fremtidens energibehov.<\/p>\n<p><a href=\"https:\/\/blauhoff.nl\/wp-content\/uploads\/2024\/07\/Blauhoff-Power-Pack-LV-V1.3-1.pdf\" target=\"_blank\" rel=\"noopener\">Blauhoff Power Pack LV V1.3<\/a><\/p>","protected":false},"excerpt":{"rendered":"<p>Blauhoff Home 12K\/35 kWh LV 3-faset system Koboltfri Powerpack IP65 Udend\u00f8rs\/Indd\u00f8rs\/Koboltfri 100aH 1C Det super robuste og let udvidelige Blauhoff Home BLH-12k\/35 kWh 3-faset system, fra [...].<\/p>","protected":false},"featured_media":195856,"template":"","meta":{"_seopress_robots_primary_cat":"","_seopress_titles_title":"","_seopress_titles_desc":"","_seopress_robots_index":"","_kad_blocks_custom_css":"","_kad_blocks_head_custom_js":"","_kad_blocks_body_custom_js":"","_kad_blocks_footer_custom_js":""},"product_cat":[17,19],"product_tag":[],"class_list":{"0":"post-195855","1":"product","2":"type-product","3":"status-publish","4":"has-post-thumbnail","6":"product_cat-home-batteries","7":"product_cat-sets-with-inverters","9":"first","10":"instock","11":"taxable","12":"shipping-taxable","13":"purchasable","14":"product-type-simple"},"taxonomy_info":{"product_cat":[{"value":17,"label":"Home batteries"},{"value":19,"label":"Sets with inverters"}]},"featured_image_src_large":["https:\/\/ownpowr.com\/wp-content\/uploads\/2024\/12\/bh3_12k_35kwh-480x480-1.png",480,480,false],"author_info":[],"comment_info":"","_links":{"self":[{"href":"https:\/\/ownpowr.com\/da\/wp-json\/wp\/v2\/product\/195855","targetHints":{"allow":["GET"]}}],"collection":[{"href":"https:\/\/ownpowr.com\/da\/wp-json\/wp\/v2\/product"}],"about":[{"href":"https:\/\/ownpowr.com\/da\/wp-json\/wp\/v2\/types\/product"}],"wp:featuredmedia":[{"embeddable":true,"href":"https:\/\/ownpowr.com\/da\/wp-json\/wp\/v2\/media\/195856"}],"wp:attachment":[{"href":"https:\/\/ownpowr.com\/da\/wp-json\/wp\/v2\/media?parent=195855"}],"wp:term":[{"taxonomy":"product_cat","embeddable":true,"href":"https:\/\/ownpowr.com\/da\/wp-json\/wp\/v2\/product_cat?post=195855"},{"taxonomy":"product_tag","embeddable":true,"href":"https:\/\/ownpowr.com\/da\/wp-json\/wp\/v2\/product_tag?post=195855"}],"curies":[{"name":"wp","href":"https:\/\/api.w.org\/{rel}","templated":true}]}}