{"id":197463,"date":"2025-01-30T10:32:48","date_gmt":"2025-01-30T08:32:48","guid":{"rendered":"https:\/\/ownpowr.com\/?post_type=product&#038;p=197463"},"modified":"2025-01-31T10:21:17","modified_gmt":"2025-01-31T08:21:17","slug":"blauhoff-home-6k-152-kwh-slim-line-hv","status":"publish","type":"product","link":"https:\/\/ownpowr.com\/da\/product\/blauhoff-home-6k-152-kwh-slim-line-hv\/","title":{"rendered":"Blauhoff Home 6K\/15,2 kWh 3-faset Slim Line HV"},"content":{"rendered":"<p>Blauhoff Home 6K\/15,2kWh 3-faset system Slim Line IP65 17 cm tynd udend\u00f8rs\/indend\u00f8rs!<\/p>\n<p>Det supertynde Blauhoff Home 6K\/15,2kWh 3-fase system fra det anerkendte m\u00e6rke Blauhoff er en p\u00e5lidelig og effektiv l\u00f8sning til energilagring i husholdninger med et gennemsnitligt forbrug. Med dette kraftfulde system kan du optimere energieffektiviteten i dit hjem, reducere din afh\u00e6ngighed af elnettet og drage fordel af n\u00f8dstr\u00f8msforsyning i tilf\u00e6lde af str\u00f8msvigt. Derudover leveres dette system med gratis installation, hvilket sikrer en ubekymret installation. Kommunikerer med dynamisk str\u00f8m efter behov uden abonnement og altid frit valg af energileverand\u00f8r!<\/p>\n<p>Inverteren har en l\u00e6ngde p\u00e5 780 mm og en v\u00e6gt p\u00e5 33,6 kg. Med et ekstra 300 mm kabel mellem inverteren og batteriet kan du bestemme den optimale placering for dit system, hvilket sikrer effektiv energioverf\u00f8rsel og minimalt energitab.<\/p>\n<p>Blauhoff-batterisystemet er holdbart og ultrakompakt og fladt, m\u00e5ler 670 mm x 900 mm x 170 mm og vejer 150 kg. Batteriet har en kapacitet p\u00e5 15,2 kWh, s\u00e5 du kan lagre overskydende energi fra dine solpaneler eller andre energikilder. N\u00e5r der ikke er nogen energiproduktion, kan du bruge den lagrede energi til at d\u00e6kke dit energiforbrug, hvilket g\u00f8r dig mindre afh\u00e6ngig af elnettet og reducerer dine energiomkostninger yderligere. Alt dette sker automatisk i kombination med en dynamisk energikontrakt, hvis den er tilg\u00e6ngelig. Om vinteren kan du s\u00e5 nyde godt af billig elektricitet om natten og bruge den hele dagen, og om sommeren kan du oplade gratis om eftermiddagen og aftenen og bruge den til at oplade din bil om morgenen eller om natten.<\/p>\n<p>Home 6K\/15,2kWh 3-faset system anbefales til husholdninger med et gennemsnitligt \u00e5rligt forbrug p\u00e5 ca. 5548 kWh. Med en kapacitet p\u00e5 6 kW kan du d\u00e6kke en betydelig del af dit energibehov ved hj\u00e6lp af den genererede solenergi og den energi, der er lagret i batteriet. Derudover leverer dette system n\u00f8dstr\u00f8m, s\u00e5 vigtige enheder forts\u00e6tter med at fungere under str\u00f8mafbrydelser, og dine daglige rutiner kan forts\u00e6tte uafbrudt.<\/p>\n<p>Blauhoff Home 6K\/15,2kWh 3 Phase System Slim Line er designet med fleksibilitet for \u00f8je. Det har en generator-\/vindm\u00f8lleport, som giver dig mulighed for at tilf\u00f8je yderligere energikilder og \u00f8ge din energiuafh\u00e6ngighed yderligere. Med en minimumstilslutning p\u00e5 3x25A og egnet til 3-fasede konfigurationer er dette system kompatibelt med de fleste husholdningsnetv\u00e6rk.<\/p>\n<p>Takket v\u00e6re den gratis installation kan du stole p\u00e5 en professionel installation, der sikrer, at dit system fungerer optimalt fra f\u00f8rste \u00f8jeblik, og at du kan nyde en ubekymret oplevelse.<\/p>\n<p>Skift til en mere effektiv og b\u00e6redygtig energiforsyning med Blauhoff Home 6K\/15,2kWh 3-faset system. Med kraftig energilagring, n\u00f8dstr\u00f8msforsyning og fleksibilitet i energikilderne kan du stole p\u00e5 en p\u00e5lidelig str\u00f8mforsyning, opn\u00e5 omkostningsbesparelser og reducere dit \u00f8kologiske fodaftryk. V\u00e6lg Blauhoff, og g\u00f8r dit hjem klar til fremtidens energibehov.<\/p>\n<p><a href=\"https:\/\/blauhoff.nl\/wp-content\/uploads\/2024\/02\/Datasheet-Blauhoff-RESS-HV-Slim-Line.pdf\" target=\"_blank\" rel=\"noopener\">Datablad Blauhoff RESS HV Slim Line<\/a><\/p>","protected":false},"excerpt":{"rendered":"<p>Blauhoff Home 6K\/15,2kWh 3-faset system Slim Line IP65 17 cm tynd udend\u00f8rs\/indend\u00f8rs! Det supertynde Blauhoff Home 6K\/15,2kWh 3-faset system fra det anerkendte m\u00e6rke Blauhoff tilbyder en [...]<\/p>","protected":false},"featured_media":197466,"template":"","meta":{"_seopress_robots_primary_cat":"none","_seopress_titles_title":"","_seopress_titles_desc":"","_seopress_robots_index":"","_kad_blocks_custom_css":"","_kad_blocks_head_custom_js":"","_kad_blocks_body_custom_js":"","_kad_blocks_footer_custom_js":""},"product_cat":[17,19],"product_tag":[],"class_list":{"0":"post-197463","1":"product","2":"type-product","3":"status-publish","4":"has-post-thumbnail","6":"product_cat-home-batteries","7":"product_cat-sets-with-inverters","9":"first","10":"instock","11":"taxable","12":"shipping-taxable","13":"purchasable","14":"product-type-simple"},"taxonomy_info":{"product_cat":[{"value":17,"label":"Home batteries"},{"value":19,"label":"Sets with inverters"}]},"featured_image_src_large":["https:\/\/ownpowr.com\/wp-content\/uploads\/2024\/12\/3-phase-6k-battery-152kwh-480x480-1.png",480,480,false],"author_info":[],"comment_info":"","_links":{"self":[{"href":"https:\/\/ownpowr.com\/da\/wp-json\/wp\/v2\/product\/197463","targetHints":{"allow":["GET"]}}],"collection":[{"href":"https:\/\/ownpowr.com\/da\/wp-json\/wp\/v2\/product"}],"about":[{"href":"https:\/\/ownpowr.com\/da\/wp-json\/wp\/v2\/types\/product"}],"wp:featuredmedia":[{"embeddable":true,"href":"https:\/\/ownpowr.com\/da\/wp-json\/wp\/v2\/media\/197466"}],"wp:attachment":[{"href":"https:\/\/ownpowr.com\/da\/wp-json\/wp\/v2\/media?parent=197463"}],"wp:term":[{"taxonomy":"product_cat","embeddable":true,"href":"https:\/\/ownpowr.com\/da\/wp-json\/wp\/v2\/product_cat?post=197463"},{"taxonomy":"product_tag","embeddable":true,"href":"https:\/\/ownpowr.com\/da\/wp-json\/wp\/v2\/product_tag?post=197463"}],"curies":[{"name":"wp","href":"https:\/\/api.w.org\/{rel}","templated":true}]}}