{"id":206803,"date":"2025-02-07T15:58:34","date_gmt":"2025-02-07T13:58:34","guid":{"rendered":"https:\/\/ownpowr.com\/?post_type=product&#038;p=206803"},"modified":"2025-02-14T16:28:57","modified_gmt":"2025-02-14T14:28:57","slug":"blauhoff-home-8k-20kwh-3-phase-system","status":"publish","type":"product","link":"https:\/\/ownpowr.com\/da\/product\/blauhoff-home-8k-20kwh-3-faset-system\/","title":{"rendered":"Blauhoff Home 8K\/20kWh 1- eller 3-faset system"},"content":{"rendered":"<p>Blauhoff Home 8K\/20kWh fasesystem<\/p>\n<p>Blauhoff Home 8K\/20kWh Phase System fra det p\u00e5lidelige m\u00e6rke Blauhoff tilbyder en avanceret l\u00f8sning til energilagring i hjemmet. Dette system er specielt designet til at opfylde energibehovet i husholdninger med et betydeligt forbrug. Med dette kraftfulde system kan du optimere effektiviteten af dit energiforbrug, reducere din afh\u00e6ngighed af elnettet og endda drage fordel af n\u00f8dstr\u00f8m i tilf\u00e6lde af str\u00f8mafbrydelse. Desuden leveres dette system med gratis installation, hvilket g\u00f8r installationen enkel og problemfri.<\/p>\n<p>Inverteren har en l\u00e6ngde p\u00e5 580 mm og vejer 33,6 kg. Med et ekstra kabel p\u00e5 300 mm mellem inverteren og batteriet kan du bestemme den optimale placering for dit system, hvilket sikrer effektiv energioverf\u00f8rsel og minimalt energitab.<\/p>\n<p>Batterisystemet Blauhoff er robust og holdbart, m\u00e5ler 580 mm x 387 mm x 1300 mm og vejer 180 kg. Batteriet har en imponerende kapacitet p\u00e5 20 kWh, s\u00e5 du kan gemme overskydende energi fra dine solpaneler. N\u00e5r der ikke er sollys til r\u00e5dighed, kan du bruge den oplagrede energi til at d\u00e6kke dit energiforbrug, hvilket reducerer din afh\u00e6ngighed af elnettet og yderligere reducerer dine energiomkostninger.<\/p>\n<p>Blauhoff Home 8K\/20kWh Phase System anbefales til husholdninger med et gennemsnitligt \u00e5rligt forbrug p\u00e5 omkring 7000 kWh. Med en kapacitet p\u00e5 8 kW kan du d\u00e6kke en betydelig del af dit energibehov ved hj\u00e6lp af den genererede solenergi og den energi, der er lagret i batteriet. Derudover tilbyder dette system n\u00f8dstr\u00f8m, s\u00e5 du kan forts\u00e6tte med at bruge vigtige apparater under str\u00f8mafbrydelser, hvilket sikrer din komfort og ro i sindet.<\/p>\n<p>Blauhoff Home 8K\/20kWh Phase System er designet med fleksibilitet for \u00f8je. Det har en generator-\/vindm\u00f8lleport, som giver dig mulighed for at tilf\u00f8je yderligere energikilder og \u00f8ge din energiuafh\u00e6ngighed yderligere. Med en minimumstilslutning p\u00e5 1x40A og egnet til 1-fasede konfigurationer er dette system kompatibelt med de fleste hjemlige elnet.<\/p>\n<p>Takket v\u00e6re den gratis installation kan du stole p\u00e5 en professionel installation, der sparer dig tid og kr\u00e6fter og sikrer, at dit system fungerer optimalt fra f\u00f8rste \u00f8jeblik.<\/p>\n<p>Skift til en mere effektiv og b\u00e6redygtig energiforsyning med Blauhoff Home 8K\/20kWh Phase System. Med kraftig energilagring, n\u00f8dstr\u00f8msforsyning og fleksibilitet i energikilderne kan du nyde godt af p\u00e5lidelig og omkostningseffektiv energistyring i dit hjem. V\u00e6lg Blauhoff, og forbered dit hjem p\u00e5 fremtidens energibehov.<\/p>\n<p><strong>Blauhoff Home 8K\/20 kWh 1-faset system er ogs\u00e5 tilg\u00e6ngeligt p\u00e5 foresp\u00f8rgsel!<\/strong><\/p>","protected":false},"excerpt":{"rendered":"<p>Blauhoff Home 8K\/20kWh Phase System Blauhoff Home 8K\/20kWh Phase System, fra det p\u00e5lidelige m\u00e6rke Blauhoff, tilbyder en avanceret l\u00f8sning til energilagring i hjemmet. Dette system er specielt designet til at opfylde [...]<\/p>","protected":false},"featured_media":206806,"template":"","meta":{"_seopress_robots_primary_cat":"none","_seopress_titles_title":"","_seopress_titles_desc":"","_seopress_robots_index":"","_kad_blocks_custom_css":"","_kad_blocks_head_custom_js":"","_kad_blocks_body_custom_js":"","_kad_blocks_footer_custom_js":""},"product_cat":[17,19],"product_tag":[],"class_list":{"0":"post-206803","1":"product","2":"type-product","3":"status-publish","4":"has-post-thumbnail","6":"product_cat-home-batteries","7":"product_cat-sets-with-inverters","9":"first","10":"instock","11":"taxable","12":"shipping-taxable","13":"purchasable","14":"product-type-simple"},"taxonomy_info":{"product_cat":[{"value":17,"label":"Home batteries"},{"value":19,"label":"Sets with inverters"}]},"featured_image_src_large":["https:\/\/ownpowr.com\/wp-content\/uploads\/2025\/02\/blh_8k_20kwh.jpg",480,480,false],"author_info":[],"comment_info":"","_links":{"self":[{"href":"https:\/\/ownpowr.com\/da\/wp-json\/wp\/v2\/product\/206803","targetHints":{"allow":["GET"]}}],"collection":[{"href":"https:\/\/ownpowr.com\/da\/wp-json\/wp\/v2\/product"}],"about":[{"href":"https:\/\/ownpowr.com\/da\/wp-json\/wp\/v2\/types\/product"}],"wp:featuredmedia":[{"embeddable":true,"href":"https:\/\/ownpowr.com\/da\/wp-json\/wp\/v2\/media\/206806"}],"wp:attachment":[{"href":"https:\/\/ownpowr.com\/da\/wp-json\/wp\/v2\/media?parent=206803"}],"wp:term":[{"taxonomy":"product_cat","embeddable":true,"href":"https:\/\/ownpowr.com\/da\/wp-json\/wp\/v2\/product_cat?post=206803"},{"taxonomy":"product_tag","embeddable":true,"href":"https:\/\/ownpowr.com\/da\/wp-json\/wp\/v2\/product_tag?post=206803"}],"curies":[{"name":"wp","href":"https:\/\/api.w.org\/{rel}","templated":true}]}}