{"id":207770,"date":"2025-02-14T12:09:30","date_gmt":"2025-02-14T10:09:30","guid":{"rendered":"https:\/\/ownpowr.com\/?post_type=product&#038;p=207770"},"modified":"2025-02-14T12:10:25","modified_gmt":"2025-02-14T10:10:25","slug":"blauhoff-home-3-6k-10kwh-1-phase-system","status":"publish","type":"product","link":"https:\/\/ownpowr.com\/da\/product\/blauhoff-home-3-6k-10kwh-1-fase-system\/","title":{"rendered":"Blauhoff Home 3,6K\/10kWh 1-fase-system"},"content":{"rendered":"<p>Blauhoff Home 3,6K\/10kWh 1-fase-system<\/p>\n<p>Blauhoff Home 3.6K\/10kWh 1 Phase System er et revolutionerende energilagringssystem, der er designet til at opfylde moderne husholdningers behov. Med avancerede teknologier og imponerende kapacitet tilbyder dette system en p\u00e5lidelig og effektiv l\u00f8sning til styring af dit energiforbrug.<\/p>\n<p>Dette system anbefales specifikt til et gennemsnitligt \u00e5rligt forbrug p\u00e5 3650 kWh, hvilket g\u00f8r det perfekt til de fleste husholdninger. Uanset om du \u00f8nsker at forsyne dine elektriske apparater med str\u00f8m, forsyne dit hjem med solenergi eller optimere dit energiforbrug, er Blauhoff Home-systemet designet til at opfylde dine behov.<\/p>\n<p>Med en gener\u00f8s kapacitet p\u00e5 10 kWh giver dette system rigelig opbevaring af overskydende energi genereret af solpaneler eller andre vedvarende kilder. Det betyder, at du kan lagre og bruge energi, n\u00e5r du har brug for det, selv i spidsbelastningsperioder, eller n\u00e5r der ikke er nogen ekstern str\u00f8mforsyning til r\u00e5dighed. Desuden har systemet en n\u00f8dstr\u00f8msfunktion, s\u00e5 du altid har str\u00f8m, selv under str\u00f8mafbrydelser.<\/p>\n<p>En af de bem\u00e6rkelsesv\u00e6rdige egenskaber ved Blauhoff Home-systemet er dets kompatibilitet med generatorer og vindm\u00f8lleporte. Det giver dig mulighed for at integrere forskellige kilder til vedvarende energi og reducere dit CO2-fodaftryk yderligere. Du kan drage fordel af gr\u00f8n energiproduktion og g\u00f8re dit elforbrug mere b\u00e6redygtigt.<\/p>\n<p>Med en effekt p\u00e5 3,6 kW giver Blauhoff Home-systemet nok str\u00f8m til dine daglige behov. Uanset om du vil tilslutte lys, k\u00f8leskab, aircondition eller andre elektriske apparater, leverer dette system p\u00e5lidelig ydelse og sikrer, at du aldrig er uden str\u00f8m.<\/p>\n<p>Det er nemt at installere Blauhoff Home 3,6K\/10 kWh 1-faset system, og det kr\u00e6ver kun en minimumstilslutning p\u00e5 1x25A. Desuden leveres systemet med gratis installation, s\u00e5 du kan begynde at nyde fordelene ved din nye energil\u00f8sning med det samme.<\/p>\n<p>V\u00e6lg Blauhoff Home 3.6K\/10 kWh 1 Phase System, og opdag en avanceret og p\u00e5lidelig m\u00e5de at styre dit energiforbrug p\u00e5. Nyd friheden til at generere, lagre og bruge din egen energi, mens du sparer p\u00e5 dine energiomkostninger og bidrager til en mere b\u00e6redygtig fremtid. Med Blauhoff Home har du kontrol over din energi.<\/p>","protected":false},"excerpt":{"rendered":"<p>Blauhoff Home 3.6K\/10kWh 1 Phase System Blauhoff Home 3.6K\/10kWh 1 Phase System er et revolutionerende energilagringssystem, der er designet til at opfylde moderne husholdningers behov. Med avancerede teknologier [...]<\/p>","protected":false},"featured_media":207773,"template":"","meta":{"_seopress_robots_primary_cat":"none","_seopress_titles_title":"","_seopress_titles_desc":"","_seopress_robots_index":"","_kad_blocks_custom_css":"","_kad_blocks_head_custom_js":"","_kad_blocks_body_custom_js":"","_kad_blocks_footer_custom_js":""},"product_cat":[17,19],"product_tag":[],"class_list":{"0":"post-207770","1":"product","2":"type-product","3":"status-publish","4":"has-post-thumbnail","6":"product_cat-home-batteries","7":"product_cat-sets-with-inverters","9":"first","10":"instock","11":"taxable","12":"shipping-taxable","13":"purchasable","14":"product-type-simple"},"taxonomy_info":{"product_cat":[{"value":17,"label":"Home batteries"},{"value":19,"label":"Sets with inverters"}]},"featured_image_src_large":["https:\/\/ownpowr.com\/wp-content\/uploads\/2025\/02\/blh_1_phase_36_10.jpg",600,600,false],"author_info":[],"comment_info":"","_links":{"self":[{"href":"https:\/\/ownpowr.com\/da\/wp-json\/wp\/v2\/product\/207770","targetHints":{"allow":["GET"]}}],"collection":[{"href":"https:\/\/ownpowr.com\/da\/wp-json\/wp\/v2\/product"}],"about":[{"href":"https:\/\/ownpowr.com\/da\/wp-json\/wp\/v2\/types\/product"}],"wp:featuredmedia":[{"embeddable":true,"href":"https:\/\/ownpowr.com\/da\/wp-json\/wp\/v2\/media\/207773"}],"wp:attachment":[{"href":"https:\/\/ownpowr.com\/da\/wp-json\/wp\/v2\/media?parent=207770"}],"wp:term":[{"taxonomy":"product_cat","embeddable":true,"href":"https:\/\/ownpowr.com\/da\/wp-json\/wp\/v2\/product_cat?post=207770"},{"taxonomy":"product_tag","embeddable":true,"href":"https:\/\/ownpowr.com\/da\/wp-json\/wp\/v2\/product_tag?post=207770"}],"curies":[{"name":"wp","href":"https:\/\/api.w.org\/{rel}","templated":true}]}}