{"id":207863,"date":"2025-02-14T16:12:44","date_gmt":"2025-02-14T14:12:44","guid":{"rendered":"https:\/\/ownpowr.com\/?post_type=product&#038;p=207863"},"modified":"2025-02-14T16:12:45","modified_gmt":"2025-02-14T14:12:45","slug":"blauhoff-home-10k-20kwh-3-phase-system-hv-lv","status":"publish","type":"product","link":"https:\/\/ownpowr.com\/da\/product\/blauhoff-home-10k-20kwh-3-fase-system-hv-lv\/","title":{"rendered":"Blauhoff Home 10K\/20kWh 3-faset system HV\/LV"},"content":{"rendered":"<p>Blauhoff Home 10K\/20kWh fasesystem<\/p>\n<p>Blauhoff Home 10K\/20kWh Phase System fra det anerkendte m\u00e6rke Blauhoff tilbyder en kraftfuld og p\u00e5lidelig l\u00f8sning til energilagring i husholdninger med et stort forbrug. Med dette avancerede system kan du optimere din energistyring, reducere din afh\u00e6ngighed af elnettet og drage fordel af n\u00f8dstr\u00f8m i tilf\u00e6lde af str\u00f8mafbrydelse. Derudover leveres dette system med gratis installation, hvilket g\u00f8r installationen nem og problemfri.<\/p>\n<p>Inverteren har en l\u00e6ngde p\u00e5 699,3 mm og vejer 33,6 kg. Med et ekstra 300 mm kabel mellem inverteren og batteriet kan du bestemme den optimale placering for dit system, hvilket sikrer effektiv energioverf\u00f8rsel og minimalt energitab.<\/p>\n<p>Batterisystemet Blauhoff er holdbart og robust med m\u00e5lene 586 mm x 387 mm x 1300 mm og en v\u00e6gt p\u00e5 180 kg. Batteriet har en imponerende kapacitet p\u00e5 20 kWh, s\u00e5 du kan gemme overskydende energi fra dine solpaneler eller andre energikilder. N\u00e5r der ikke er nogen energiproduktion, kan du bruge den lagrede energi til at d\u00e6kke dit energiforbrug, hvilket g\u00f8r dig mindre afh\u00e6ngig af elnettet og reducerer dine energiomkostninger yderligere.<\/p>\n<p>Blauhoff Home 10K\/20kWh Phase System anbefales til husholdninger med et gennemsnitligt \u00e5rligt forbrug p\u00e5 omkring 7300 kWh. Med en kapacitet p\u00e5 10 kW kan du d\u00e6kke en stor del af dit energibehov ved hj\u00e6lp af den genererede solenergi og den energi, der er lagret i batteriet. Derudover leverer dette system n\u00f8dstr\u00f8m, s\u00e5 vigtige enheder forts\u00e6tter med at fungere under str\u00f8mafbrydelser, og dine daglige rutiner kan forts\u00e6tte uafbrudt.<\/p>\n<p>Blauhoff Home 10K\/20kWh Phase System er designet med fleksibilitet for \u00f8je. Det har en generator-\/vindm\u00f8lleport, som giver dig mulighed for at tilf\u00f8je yderligere energikilder og \u00f8ge din energiuafh\u00e6ngighed yderligere. Med en minimumstilslutning p\u00e5 3x25A og egnet til fasekonfigurationer er dette system kompatibelt med de fleste husholdningsnetv\u00e6rk.<\/p>\n<p>Takket v\u00e6re den gratis installation kan du stole p\u00e5 en professionel installation, der sikrer, at dit system fungerer optimalt fra f\u00f8rste \u00f8jeblik, og at du kan nyde en ubekymret oplevelse.<\/p>\n<p>Skift til en mere effektiv og b\u00e6redygtig energiforsyning med Blauhoff Home 10K\/20kWh Phase System. Med kraftig energilagring, n\u00f8dstr\u00f8msforsyning og fleksibilitet i energikilderne kan du stole p\u00e5 en p\u00e5lidelig str\u00f8mforsyning, opn\u00e5 omkostningsbesparelser og reducere dit CO2-fodaftryk. V\u00e6lg Blauhoff, og forbered dit hjem p\u00e5 fremtidens energibehov.<\/p>\n<p><strong>Prisen er forskellig mellem HV og LV!<\/strong><\/p>","protected":false},"excerpt":{"rendered":"<p>Blauhoff Home 10K\/20kWh Phase System Blauhoff Home 10K\/20kWh Phase System fra det anerkendte m\u00e6rke Blauhoff tilbyder en kraftfuld og p\u00e5lidelig l\u00f8sning til energilagring i husholdninger med et stort forbrug. [...]<\/p>","protected":false},"featured_media":207866,"template":"","meta":{"_seopress_robots_primary_cat":"","_seopress_titles_title":"","_seopress_titles_desc":"","_seopress_robots_index":"","_kad_blocks_custom_css":"","_kad_blocks_head_custom_js":"","_kad_blocks_body_custom_js":"","_kad_blocks_footer_custom_js":""},"product_cat":[17,19],"product_tag":[],"class_list":{"0":"post-207863","1":"product","2":"type-product","3":"status-publish","4":"has-post-thumbnail","6":"product_cat-home-batteries","7":"product_cat-sets-with-inverters","9":"first","10":"instock","11":"taxable","12":"shipping-taxable","13":"purchasable","14":"product-type-simple"},"taxonomy_info":{"product_cat":[{"value":17,"label":"Home batteries"},{"value":19,"label":"Sets with inverters"}]},"featured_image_src_large":["https:\/\/ownpowr.com\/wp-content\/uploads\/2025\/02\/blh_5100_10k_20kwh-600x600-1.jpg",600,600,false],"author_info":[],"comment_info":"","_links":{"self":[{"href":"https:\/\/ownpowr.com\/da\/wp-json\/wp\/v2\/product\/207863","targetHints":{"allow":["GET"]}}],"collection":[{"href":"https:\/\/ownpowr.com\/da\/wp-json\/wp\/v2\/product"}],"about":[{"href":"https:\/\/ownpowr.com\/da\/wp-json\/wp\/v2\/types\/product"}],"wp:featuredmedia":[{"embeddable":true,"href":"https:\/\/ownpowr.com\/da\/wp-json\/wp\/v2\/media\/207866"}],"wp:attachment":[{"href":"https:\/\/ownpowr.com\/da\/wp-json\/wp\/v2\/media?parent=207863"}],"wp:term":[{"taxonomy":"product_cat","embeddable":true,"href":"https:\/\/ownpowr.com\/da\/wp-json\/wp\/v2\/product_cat?post=207863"},{"taxonomy":"product_tag","embeddable":true,"href":"https:\/\/ownpowr.com\/da\/wp-json\/wp\/v2\/product_tag?post=207863"}],"curies":[{"name":"wp","href":"https:\/\/api.w.org\/{rel}","templated":true}]}}