{"id":207867,"date":"2025-02-14T16:18:18","date_gmt":"2025-02-14T14:18:18","guid":{"rendered":"https:\/\/ownpowr.com\/?post_type=product&#038;p=207867"},"modified":"2025-02-14T16:18:19","modified_gmt":"2025-02-14T14:18:19","slug":"blauhoff-home-5k-20-kwh-1-phase-system-lv","status":"publish","type":"product","link":"https:\/\/ownpowr.com\/da\/product\/blauhoff-home-5k-20-kwh-1-fase-system-lv\/","title":{"rendered":"Blauhoff Home 5K\/20 kWh 1-faset system LV"},"content":{"rendered":"<p>Blauhoff Home 5K\/20 kWh 1-fase-system<\/p>\n<p>Blauhoff Home 5K\/20 kWh 1 Phase System er et kompakt og effektivt energilagringssystem, der er designet til at opfylde husholdningers og sm\u00e5 virksomheders energibehov. Med et anbefalet gennemsnitligt \u00e5rligt forbrug p\u00e5 7300 kWh tilbyder dette system en b\u00e6redygtig og p\u00e5lidelig l\u00f8sning til at generere, lagre og bruge din egen energi.<\/p>\n<p>Med en kapacitet p\u00e5 20 kWh giver dette system tilstr\u00e6kkelig lagerplads til at lagre solenergi, der genereres i l\u00f8bet af dagen, og bruge den om aftenen og natten. Det giver dig mulighed for at mindske din afh\u00e6ngighed af elnettet og reducere dine energiomkostninger. Desuden er systemet udstyret med n\u00f8dstr\u00f8m, s\u00e5 du fortsat kan nyde godt af str\u00f8mmen under str\u00f8mafbrydelser.<\/p>\n<p>Blauhoff Home er designet med kompatibilitet i tankerne. Systemet er udstyret med en generator og en vindm\u00f8lleport, som giver dig mulighed for at integrere alternative energikilder og generere endnu mere gr\u00f8n energi. Det giver dig fleksibilitet til at diversificere din energiproduktion yderligere og reducere dit CO2-fodaftryk.<\/p>\n<p>Med en kapacitet p\u00e5 5 kW er Blauhoff Home velegnet til en lang r\u00e6kke anvendelser. Uanset om du vil have str\u00f8m til elektriske apparater i dit hjem eller har brug for energi til din lille virksomhed, kan dette system opfylde dine behov. Systemet fungerer p\u00e5 en 1-faset forbindelse med et minimumskrav p\u00e5 1x40A, hvilket g\u00f8r det velegnet til husholdningsbrug.<\/p>\n<p>Blauhoff Home 5K\/20 kWh 1 Phase System er designet med brugervenlighed og p\u00e5lidelighed for \u00f8je. Inverterens kompakte st\u00f8rrelse og lette design giver mulighed for nem installation, mens det robuste batterisystem sikrer holdbarhed og langvarig ydeevne.<\/p>\n<p>V\u00e6lg Blauhoff Home 5K\/20 kWh 1 Phase System, og f\u00e5 en p\u00e5lidelig og effektiv l\u00f8sning til dine energibehov. Dette system giver dig mulighed for at drage fordel af gr\u00f8n energi, reducere dine energiregninger og bidrage til en b\u00e6redygtig fremtid. Stol p\u00e5 Blauhoff for at f\u00e5 energilagringsl\u00f8sninger af h\u00f8j kvalitet, der opfylder dine behov og giver dig ro i sindet.<\/p>","protected":false},"excerpt":{"rendered":"<p>Blauhoff Home 5K\/20 kWh 1 Phase System Blauhoff Home 5K\/20 kWh 1 Phase System er et kompakt og effektivt energilagringssystem, der er designet til at opfylde energibehovet hos [...].<\/p>","protected":false},"featured_media":207870,"template":"","meta":{"_seopress_robots_primary_cat":"","_seopress_titles_title":"","_seopress_titles_desc":"","_seopress_robots_index":"","_kad_blocks_custom_css":"","_kad_blocks_head_custom_js":"","_kad_blocks_body_custom_js":"","_kad_blocks_footer_custom_js":""},"product_cat":[17,19],"product_tag":[],"class_list":{"0":"post-207867","1":"product","2":"type-product","3":"status-publish","4":"has-post-thumbnail","6":"product_cat-home-batteries","7":"product_cat-sets-with-inverters","9":"first","10":"instock","11":"taxable","12":"shipping-taxable","13":"purchasable","14":"product-type-simple"},"taxonomy_info":{"product_cat":[{"value":17,"label":"Home batteries"},{"value":19,"label":"Sets with inverters"}]},"featured_image_src_large":["https:\/\/ownpowr.com\/wp-content\/uploads\/2025\/02\/blh_5k_20kwh.jpg",480,480,false],"author_info":[],"comment_info":"","_links":{"self":[{"href":"https:\/\/ownpowr.com\/da\/wp-json\/wp\/v2\/product\/207867","targetHints":{"allow":["GET"]}}],"collection":[{"href":"https:\/\/ownpowr.com\/da\/wp-json\/wp\/v2\/product"}],"about":[{"href":"https:\/\/ownpowr.com\/da\/wp-json\/wp\/v2\/types\/product"}],"wp:featuredmedia":[{"embeddable":true,"href":"https:\/\/ownpowr.com\/da\/wp-json\/wp\/v2\/media\/207870"}],"wp:attachment":[{"href":"https:\/\/ownpowr.com\/da\/wp-json\/wp\/v2\/media?parent=207867"}],"wp:term":[{"taxonomy":"product_cat","embeddable":true,"href":"https:\/\/ownpowr.com\/da\/wp-json\/wp\/v2\/product_cat?post=207867"},{"taxonomy":"product_tag","embeddable":true,"href":"https:\/\/ownpowr.com\/da\/wp-json\/wp\/v2\/product_tag?post=207867"}],"curies":[{"name":"wp","href":"https:\/\/api.w.org\/{rel}","templated":true}]}}