{"id":208743,"date":"2025-02-20T09:41:35","date_gmt":"2025-02-20T07:41:35","guid":{"rendered":"https:\/\/ownpowr.com\/?post_type=product&#038;p=208743"},"modified":"2025-08-25T14:41:27","modified_gmt":"2025-08-25T12:41:27","slug":"new-blauhoff-maxus-all-in-one-125k-289-kwh-energy-storage-cabinet-liquid-cooled","status":"publish","type":"product","link":"https:\/\/ownpowr.com\/da\/product\/nyt-blauhoff-maxus-all-in-one-125k-289-kwh-energilagringsskab-vaeskekolet\/","title":{"rendered":"Nyhed! Blauhoff Maxus Alt i \u00e9t 125K\/289 kWh energilagringsskab V\u00e6skek\u00f8let"},"content":{"rendered":"<p>Ny Blauhoff Maxus 125K\/289kWh Alt i \u00e9t energilagerskab 10 \u00e5rs garanti 8000 cyklusser<\/p>\n<p>Alle Blauhoff-batterisystemer har 10 \u00e5rs garanti p\u00e5 cellerne og 5 \u00e5rs garanti p\u00e5 inverteren uden yderligere betaling!<\/p>\n<p>Det er ikke tilf\u00e6ldet med de fleste andre m\u00e6rker, og garantien er begr\u00e6nset til kun 3-5 \u00e5r!<\/p>\n<p>Prismatiske celler giver den h\u00f8jeste kvalitet og l\u00e6ngste levetid, 8000 cyklusser og 10 \u00e5rs garanti p\u00e5 cellerne uden ekstra omkostninger og 5 \u00e5r p\u00e5 helheden.<\/p>\n<p>BLH-125K\/258KwH-Maxus-serien, en v\u00e6skek\u00f8let all-in-one kommerciel og industriel ESS, er<br \/>\nintegreret med energilagringsinverter, batteri, BMS, EMS, termisk styring,<br \/>\nstr\u00f8mfordeling, brandsikring osv. Alt-i-et-designet er nemt at installere og<br \/>\nDRIFT OG VEDLIGEHOLDELSE. I mellemtiden sikrer systemets sikkerhedsdesign bedre batteriydelse<br \/>\nog l\u00e6ngere levetid. Flere s\u00e6t skabe kan forbindes direkte parallelt med op til 30 stykker for at realisere<br \/>\nudvidelsen af energilagringssystemet.<\/p>\n<p>\u00d8konomisk:<\/p>\n<p>H\u00f8jt integreret ESS for nem<br \/>\ntransport og drift og vedligeholdelse. Den<br \/>\nintegreret design sikrer, at stedet kan v\u00e6re<br \/>\ns\u00e6ttes op og bruges hurtigt.<\/p>\n<p>Backup-funktion<\/p>\n<p>Peakshave-funktion<\/p>\n<p>PV-funktion<\/p>\n<p>Flydende k\u00f8ling:<\/p>\n<p>Temperaturafvigelsen p\u00e5<br \/>\nbattericeller i hele<br \/>\nsystemet er inden for 3\u00b0C, takket v\u00e6re<br \/>\ndet intelligente v\u00e6skek\u00f8lesystem.<br \/>\nDet kan udvide<br \/>\nbattericellernes levetid med op til 20%.<\/p>\n<p>Sikker:<\/p>\n<p>Systemet har fire niveauer<br \/>\nledelsesstruktur, som kan<br \/>\nstyrer pr\u00e6cist kortslutningsbeskyttelse, overstr\u00f8msbeskyttelse, oversp\u00e6ndingsbeskyttelse, undersp\u00e6ndingsbeskyttelse, overtemperatur<br \/>\nbeskyttelse osv.<\/p>\n<p>VDE4100<\/p>\n<p>IEC62619<\/p>\n<p>IEC61000<\/p>\n<p>UL9540A<\/p>\n<p>EN50549<\/p>\n<p><a href=\"https:\/\/blauhoff.nl\/wp-content\/uploads\/2025\/02\/NL-BLH-Maxus-125kW289kWh-Flyer-18-1-2025.pdf.pdf\" target=\"_blank\" rel=\"noopener\">NL BLH Maxus 125kW289kWh Flyer 18-1-2025.pdf<\/a><\/p>\n<p><iframe title=\"Blauhoff ESS Alt i \u00e9n\" width=\"1140\" height=\"641\" src=\"https:\/\/www.youtube.com\/embed\/4ygzOwu-j7I?feature=oembed\" frameborder=\"0\" allow=\"accelerometer; autoplay; clipboard-write; encrypted-media; gyroscope; picture-in-picture; web-share\" referrerpolicy=\"strict-origin-when-cross-origin\" allowfullscreen><\/iframe><\/p>\n<p>&nbsp;<\/p>\n<p>&nbsp;<\/p>","protected":false},"excerpt":{"rendered":"<p>Ny Blauhoff Maxus 125K\/289kWh All In One Energy Storage Cabinet 10 \u00e5rs garanti 8000 cyklusser Alle Blauhoff batterisystemer har 10 \u00e5rs garanti p\u00e5 cellerne og 5 \u00e5rs garanti [...].<\/p>","protected":false},"featured_media":185452,"template":"","meta":{"_seopress_robots_primary_cat":"none","_seopress_titles_title":"","_seopress_titles_desc":"","_seopress_robots_index":"","_kad_blocks_custom_css":"","_kad_blocks_head_custom_js":"","_kad_blocks_body_custom_js":"","_kad_blocks_footer_custom_js":""},"product_cat":[17,19],"product_tag":[],"class_list":{"0":"post-208743","1":"product","2":"type-product","3":"status-publish","4":"has-post-thumbnail","6":"product_cat-home-batteries","7":"product_cat-sets-with-inverters","9":"first","10":"instock","11":"taxable","12":"shipping-taxable","13":"purchasable","14":"product-type-simple"},"taxonomy_info":{"product_cat":[{"value":17,"label":"Home batteries"},{"value":19,"label":"Sets with inverters"}]},"featured_image_src_large":["https:\/\/ownpowr.com\/wp-content\/uploads\/2024\/10\/maxus-.png",300,300,false],"author_info":[],"comment_info":"","_links":{"self":[{"href":"https:\/\/ownpowr.com\/da\/wp-json\/wp\/v2\/product\/208743","targetHints":{"allow":["GET"]}}],"collection":[{"href":"https:\/\/ownpowr.com\/da\/wp-json\/wp\/v2\/product"}],"about":[{"href":"https:\/\/ownpowr.com\/da\/wp-json\/wp\/v2\/types\/product"}],"wp:featuredmedia":[{"embeddable":true,"href":"https:\/\/ownpowr.com\/da\/wp-json\/wp\/v2\/media\/185452"}],"wp:attachment":[{"href":"https:\/\/ownpowr.com\/da\/wp-json\/wp\/v2\/media?parent=208743"}],"wp:term":[{"taxonomy":"product_cat","embeddable":true,"href":"https:\/\/ownpowr.com\/da\/wp-json\/wp\/v2\/product_cat?post=208743"},{"taxonomy":"product_tag","embeddable":true,"href":"https:\/\/ownpowr.com\/da\/wp-json\/wp\/v2\/product_tag?post=208743"}],"curies":[{"name":"wp","href":"https:\/\/api.w.org\/{rel}","templated":true}]}}