{"id":221355,"date":"2025-04-17T14:50:19","date_gmt":"2025-04-17T12:50:19","guid":{"rendered":"https:\/\/ownpowr.com\/?post_type=product&#038;p=221355"},"modified":"2025-04-17T14:52:56","modified_gmt":"2025-04-17T12:52:56","slug":"afore-15k-hybrid-three-phase-inverter","status":"publish","type":"product","link":"https:\/\/ownpowr.com\/da\/product\/afore-15k-hybrid-trefaset-inverter\/","title":{"rendered":"Afore 15K hybrid trefaset inverter"},"content":{"rendered":"<p>Hybridinverter AF15K-THP, 2 MPPT'er, trefaset, nominel udgangseffekt 15 kW<br \/>\nAfore AF15K-THP er en trefaset hybridinverter med en udgangseffekt p\u00e5 15 kW. Med et h\u00f8jsp\u00e6ndingsbatteri kan batteriet bruges som et stand-alone-system\/off-grid eller som et ikke-str\u00f8mf\u00f8rende system. Den har to MPPT-trackere og mulighed for at tilslutte to strenge af fotovoltaiske moduler. Flere MPPT-sp\u00e6ndinger er ogs\u00e5 tilg\u00e6ngelige.<\/p>\n<p>H\u00f8jdepunkter<br \/>\nModerne design<br \/>\nOverv\u00e5gning under Wi-Fi-overv\u00e5gning<br \/>\nH\u00f8jere effektivitet p\u00e5 97,5%<br \/>\nIkke tilg\u00e6ngelig<br \/>\n2 MPPT'er med \u00e9n streng<br \/>\nNem og hurtig installation<br \/>\nKompakt st\u00f8rrelse (370 x 598,5 x 1,92 mm)<br \/>\nKompatibel med batterireparationer<br \/>\nVelegnet til batterityper: Litium-ion<\/p>\n<p>Specifikation<br \/>\nVarebeskrivelse: AF15K-THP hybrid inverter, 2 MPPT'er, trefaset, nominel udgangseffekt 15 kW<\/p>\n<p>AC-udgangsdata<br \/>\nNominel effekt: 15 kW<br \/>\nMaks. tilsyneladende udgangseffekt: 16,5 kVA<br \/>\nAC-sp\u00e6nding: 3P\/N\/PE 400 V<br \/>\nAC-frekvens: 50 Hz \/ 60 Hz<br \/>\nAC-str\u00f8m: 21,8 A<br \/>\nMaks. AC-str\u00f8m: 27 A<\/p>\n<p>Inputdata for PV-streng<br \/>\nMaks. DC-indgangseffekt: 22,5 kW<br \/>\nMaks. DC-indgangssp\u00e6nding: 1000 V<br \/>\nMaks. DC-indgangsstr\u00f8m: 2 x 18,5 A<br \/>\nOpstartssp\u00e6nding: 160 V<br \/>\nMPPT-sp\u00e6ndingsomr\u00e5de: 500-850 V<br \/>\nMaks. kortvarig effekt: 2 x 25 A<br \/>\nAntal MPPT-trackere\/antal strenge: 2\/2<\/p>\n<p>Batteriindgangsdata<br \/>\nBatteritype: Litium-ion \/ bly-syre \/ natriumklorid<br \/>\nNominel sp\u00e6nding: 500 V<br \/>\nSp\u00e6ndingsomr\u00e5de: 80-600 V<br \/>\nMaks. opladningsstr\u00f8m: 30 A<br \/>\nMaks. afladningsstr\u00f8m: 30 A<\/p>\n<p>Generelt<br \/>\nMaks. effektivitet: 98,3%<br \/>\nEU's effektivitetsgrad: 97,5%<br \/>\nKommunikation: Display, LED, RS485, CAN, Wi-Fi, GPRS, 4G<br \/>\nBeskyttelsesklasse: IP66<br \/>\nK\u00f8ling: Intelligent ventilator<br \/>\nTopologi: Transformerl\u00f8s<br \/>\nM\u00e5l (B x H x D): 370 x 598,5 x 192 mm<br \/>\nV\u00e6gt: 22 kg<\/p>\n<p>Best\u00e5r af:<br \/>\n1 x Afore hybrid inverter AF15K-THP<br \/>\n1 x tilbeh\u00f8rss\u00e6t<\/p>","protected":false},"excerpt":{"rendered":"<p>Hybridinverter AF15K-THP, 2 MPPT'er, trefaset, nominel udgangseffekt 15 kW Afore AF15K-THP er en trefaset hybridinverter med en udgangseffekt p\u00e5 15 kW. Med et h\u00f8jsp\u00e6ndingsbatteri [...]<\/p>","protected":false},"featured_media":221359,"template":"","meta":{"_seopress_robots_primary_cat":"none","_seopress_titles_title":"","_seopress_titles_desc":"","_seopress_robots_index":"","_kad_blocks_custom_css":"","_kad_blocks_head_custom_js":"","_kad_blocks_body_custom_js":"","_kad_blocks_footer_custom_js":""},"product_cat":[18],"product_tag":[],"class_list":{"0":"post-221355","1":"product","2":"type-product","3":"status-publish","4":"has-post-thumbnail","6":"product_cat-hybrid-inverters","8":"first","9":"instock","10":"taxable","11":"shipping-taxable","12":"purchasable","13":"product-type-simple"},"taxonomy_info":{"product_cat":[{"value":18,"label":"Hybrid inverters"}]},"featured_image_src_large":["https:\/\/ownpowr.com\/wp-content\/uploads\/2025\/04\/afore-hybrid-three-phase-inverter.png",640,640,false],"author_info":[],"comment_info":"","_links":{"self":[{"href":"https:\/\/ownpowr.com\/da\/wp-json\/wp\/v2\/product\/221355","targetHints":{"allow":["GET"]}}],"collection":[{"href":"https:\/\/ownpowr.com\/da\/wp-json\/wp\/v2\/product"}],"about":[{"href":"https:\/\/ownpowr.com\/da\/wp-json\/wp\/v2\/types\/product"}],"wp:featuredmedia":[{"embeddable":true,"href":"https:\/\/ownpowr.com\/da\/wp-json\/wp\/v2\/media\/221359"}],"wp:attachment":[{"href":"https:\/\/ownpowr.com\/da\/wp-json\/wp\/v2\/media?parent=221355"}],"wp:term":[{"taxonomy":"product_cat","embeddable":true,"href":"https:\/\/ownpowr.com\/da\/wp-json\/wp\/v2\/product_cat?post=221355"},{"taxonomy":"product_tag","embeddable":true,"href":"https:\/\/ownpowr.com\/da\/wp-json\/wp\/v2\/product_tag?post=221355"}],"curies":[{"name":"wp","href":"https:\/\/api.w.org\/{rel}","templated":true}]}}