{"id":221364,"date":"2025-04-17T15:19:16","date_gmt":"2025-04-17T13:19:16","guid":{"rendered":"https:\/\/ownpowr.com\/?post_type=product&#038;p=221364"},"modified":"2025-04-17T15:19:17","modified_gmt":"2025-04-17T13:19:17","slug":"afore-30kw-hybrid-three-phase-inverter","status":"publish","type":"product","link":"https:\/\/ownpowr.com\/da\/product\/afore-30kw-hybrid-trefaset-inverter\/","title":{"rendered":"Afore 30kw hybrid trefaset inverter"},"content":{"rendered":"<p>Hybrid inverter AF30K-TH, 2 MPPT'er, trefaset, nominel udgangseffekt 30.000W<br \/>\nAfore AF30K-TH er en trefaset hybridinverter med en udgangseffekt p\u00e5 30 kW. Med et h\u00f8jsp\u00e6ndingsbatteri kan inverteren bruges som et stand-alone-system\/off-grid og som n\u00f8dstr\u00f8msforsyning. Den har to MPPT-trackere og mulighed for at tilslutte flere strenge af fotovoltaiske moduler. Den har et bredt MPPT-sp\u00e6ndingsomr\u00e5de.<\/p>\n<p>H\u00f8jdepunkter<br \/>\nModerne design<br \/>\nOverv\u00e5gning via WiFi<br \/>\nH\u00f8j effektivitet p\u00e5 97,8%<br \/>\nMulighed for n\u00f8dstr\u00f8m<br \/>\n2 MPPT'er med 2 strenge hver<br \/>\nEnkel og hurtig installation<br \/>\nKompakte dimensioner (558 x 535 x 260 mm)<br \/>\nKompatibel med mange batteriproducenter<br \/>\nVelegnet til batterityper: Litium-ion<br \/>\nSpecifikationer<br \/>\nVarenavn: Hybrid inverter AF30K-TH, 2 MPPT'er, trefaset, nominel udgangseffekt 30.000 W<br \/>\nAC-udgangsdata<br \/>\nNominel udgangseffekt: 30.000 W<br \/>\nMaks. tilsyneladende udgangseffekt: 33.000 VA<br \/>\nAC-sp\u00e6nding: 3\/N\/PE 400 V<br \/>\nAC-frekvens: 50 Hz \/ 60 Hz<br \/>\nNominel vekselstr\u00f8m: 43,5 A<br \/>\nMaks. AC-str\u00f8m: 48,0 A<br \/>\nInputdata for PV-streng<br \/>\nMaks. DC-indgangseffekt: 45 kW<br \/>\nMaks. DC-indgangssp\u00e6nding: 1000V<br \/>\nMaks. DC-indgangsstr\u00f8m: 2 x 40A<br \/>\nOpstartssp\u00e6nding: 160V<br \/>\nMPPT-sp\u00e6ndingsomr\u00e5de: 150-850V<br \/>\nMaks. kortslutningsstr\u00f8m: 2 x 60A<br \/>\nAntal MPP-trackere\/antal strenge: 2\/4<br \/>\nBatteriindgangsdata<br \/>\nBatteritype: Litium-ion<br \/>\nNominel sp\u00e6nding: 500V<br \/>\nMaks. opladningssp\u00e6nding: 150-800V<br \/>\nMaks. opladningsstr\u00f8m: 60A<br \/>\nMaks. afladningsstr\u00f8m: 60A<br \/>\nGenerelt<br \/>\nMaks. effektivitet: 98,5%<br \/>\nEU's effektivitet: 98.1%<br \/>\nKommunikation: Display, LED, RS485, CAN, Wi-Fi, GRPS, 4G<br \/>\nBeskyttelsesklasse: IP65<br \/>\nTopologi: Transformerl\u00f8s<br \/>\nM\u00e5l (B x H x D): 558x535x260mm<br \/>\nV\u00e6gt: 36 kg<br \/>\nLeveringens omfang<br \/>\n1 x Afore Hybrid Inverter AF30K-TH<br \/>\n1 x tilbeh\u00f8rss\u00e6t<\/p>","protected":false},"excerpt":{"rendered":"<p>Hybridinverter AF30K-TH, 2 MPPT'er, trefaset, nominel udgangseffekt 30.000W Afore AF30K-TH er en trefaset hybridinverter med en udgangseffekt p\u00e5 30 kW. Med et h\u00f8jsp\u00e6ndingsbatteri kan inverteren [...]<\/p>","protected":false},"featured_media":221359,"template":"","meta":{"_seopress_robots_primary_cat":"none","_seopress_titles_title":"","_seopress_titles_desc":"","_seopress_robots_index":"","_kad_blocks_custom_css":"","_kad_blocks_head_custom_js":"","_kad_blocks_body_custom_js":"","_kad_blocks_footer_custom_js":""},"product_cat":[18],"product_tag":[],"class_list":{"0":"post-221364","1":"product","2":"type-product","3":"status-publish","4":"has-post-thumbnail","6":"product_cat-hybrid-inverters","8":"first","9":"instock","10":"taxable","11":"shipping-taxable","12":"purchasable","13":"product-type-simple"},"taxonomy_info":{"product_cat":[{"value":18,"label":"Hybrid inverters"}]},"featured_image_src_large":["https:\/\/ownpowr.com\/wp-content\/uploads\/2025\/04\/afore-hybrid-three-phase-inverter.png",640,640,false],"author_info":[],"comment_info":"","_links":{"self":[{"href":"https:\/\/ownpowr.com\/da\/wp-json\/wp\/v2\/product\/221364","targetHints":{"allow":["GET"]}}],"collection":[{"href":"https:\/\/ownpowr.com\/da\/wp-json\/wp\/v2\/product"}],"about":[{"href":"https:\/\/ownpowr.com\/da\/wp-json\/wp\/v2\/types\/product"}],"wp:featuredmedia":[{"embeddable":true,"href":"https:\/\/ownpowr.com\/da\/wp-json\/wp\/v2\/media\/221359"}],"wp:attachment":[{"href":"https:\/\/ownpowr.com\/da\/wp-json\/wp\/v2\/media?parent=221364"}],"wp:term":[{"taxonomy":"product_cat","embeddable":true,"href":"https:\/\/ownpowr.com\/da\/wp-json\/wp\/v2\/product_cat?post=221364"},{"taxonomy":"product_tag","embeddable":true,"href":"https:\/\/ownpowr.com\/da\/wp-json\/wp\/v2\/product_tag?post=221364"}],"curies":[{"name":"wp","href":"https:\/\/api.w.org\/{rel}","templated":true}]}}