{"id":265,"date":"2023-10-04T16:43:01","date_gmt":"2023-10-04T14:43:01","guid":{"rendered":"https:\/\/ownpowr.com\/product\/pylontech-force-l1-14-21\/"},"modified":"2025-12-30T14:50:46","modified_gmt":"2025-12-30T12:50:46","slug":"pylontech-force-l1-14-21","status":"publish","type":"product","link":"https:\/\/ownpowr.com\/da\/product\/pylontech-force-l1-14-21\/","title":{"rendered":"Pylontech kraft L1 14.21"},"content":{"rendered":"<p>Pylontech Force L1 14.21 best\u00e5r af en Pylontech BMU batteristyringsenhed og 4 Force L1 3,55 kWh batterimoduler.<\/p>\n<p>Mulighed for at skalere ved senere at tilf\u00f8je op til 3 ekstra Force L1-moduler<\/p>\n<div class=\"row\">\n<div class=\"col-lg-6\">\n<h3><strong>Pylontech Force L1 14.21 - Lav sp\u00e6nding<\/strong><\/h3>\n<p>Den <b>Kraft L1<\/b> er det nyeste HESS-batterisystem leveret af <strong>Pylontech<\/strong>. Den \"lange levetid\", den h\u00f8jeste energi- og effektt\u00e6thed i branchen, det moderigtige design, den nemme installation og udvidelse, afspejler alle slutbrugernes reelle krav og den st\u00e6rkeste tekniske kapacitet hos <strong>Pylontech<\/strong>.<\/p>\n<p><strong>PylontechForceL1<\/strong>14.21 best\u00e5r af en <strong>Pylontech<\/strong> BMU batteristyringsenhed og 4 Force L1 3,55 kWh batterimoduler. Mulighed for at skalere ved senere at tilf\u00f8je op til 3 ekstra Force L1-moduler parallelt med denne stak for at opn\u00e5 en brugbar udgangseffekt p\u00e5 op til 24,86 kWh.<\/p>\n<p><strong>Vertikal industriintegration sikrer mere end 6.000 cyklusser med 90% DoD<\/strong><\/p>\n<p><strong>Modul\u00e6rt design giver slutkunder mulighed for at v\u00e6lge kapacitet<\/strong><\/p>\n<p><strong>Kompatibel med de fleste tilg\u00e6ngelige hybridomformere<\/strong><\/p>\n<p><strong>Hurtigkobling minimerer installationstid og -omkostninger<\/strong><\/p>\n<p><strong>Smukt design - ud over b\u00e5de indend\u00f8rs og udend\u00f8rs installation<\/strong><\/p>\n<\/div>\n<\/div>","protected":false},"excerpt":{"rendered":"<p>Pylontech Force L1 14.21 best\u00e5r af en Pylontech BMU batteristyringsenhed og 4 Force L1 3.55kWh batterimoduler. Mulighed for at skalere ved senere at tilf\u00f8je op til 3 ekstra Force [...]<\/p>","protected":false},"featured_media":266,"template":"","meta":{"_seopress_robots_primary_cat":"none","_seopress_titles_title":"","_seopress_titles_desc":"","_seopress_robots_index":"","_kad_blocks_custom_css":"","_kad_blocks_head_custom_js":"","_kad_blocks_body_custom_js":"","_kad_blocks_footer_custom_js":""},"product_cat":[17],"product_tag":[],"class_list":{"0":"post-265","1":"product","2":"type-product","3":"status-publish","4":"has-post-thumbnail","6":"product_cat-home-batteries","8":"first","9":"outofstock","10":"sale","11":"taxable","12":"shipping-taxable","13":"purchasable","14":"product-type-simple"},"taxonomy_info":{"product_cat":[{"value":17,"label":"Home batteries"}]},"featured_image_src_large":["https:\/\/ownpowr.com\/wp-content\/uploads\/2022\/11\/SAM7623-0.jpeg",600,661,false],"author_info":[],"comment_info":"","_links":{"self":[{"href":"https:\/\/ownpowr.com\/da\/wp-json\/wp\/v2\/product\/265","targetHints":{"allow":["GET"]}}],"collection":[{"href":"https:\/\/ownpowr.com\/da\/wp-json\/wp\/v2\/product"}],"about":[{"href":"https:\/\/ownpowr.com\/da\/wp-json\/wp\/v2\/types\/product"}],"wp:featuredmedia":[{"embeddable":true,"href":"https:\/\/ownpowr.com\/da\/wp-json\/wp\/v2\/media\/266"}],"wp:attachment":[{"href":"https:\/\/ownpowr.com\/da\/wp-json\/wp\/v2\/media?parent=265"}],"wp:term":[{"taxonomy":"product_cat","embeddable":true,"href":"https:\/\/ownpowr.com\/da\/wp-json\/wp\/v2\/product_cat?post=265"},{"taxonomy":"product_tag","embeddable":true,"href":"https:\/\/ownpowr.com\/da\/wp-json\/wp\/v2\/product_tag?post=265"}],"curies":[{"name":"wp","href":"https:\/\/api.w.org\/{rel}","templated":true}]}}