{"id":278,"date":"2023-10-04T16:43:01","date_gmt":"2023-10-04T14:43:01","guid":{"rendered":"https:\/\/ownpowr.com\/product\/pylontech-force-l1-10-65\/"},"modified":"2025-07-07T19:54:49","modified_gmt":"2025-07-07T17:54:49","slug":"pylontech-force-l1-10-65","status":"publish","type":"product","link":"https:\/\/ownpowr.com\/da\/product\/pylontech-force-l1-10-65\/","title":{"rendered":"Pylontech Force L1 10.65"},"content":{"rendered":"<p>Vi pr\u00e6senterer Pylontech Force L1 10,26 kWh lavsp\u00e6ndingsbatterisystem:<\/p>\n<p><strong>N\u00f8glefunktioner:<\/strong><\/p>\n<ul>\n<li><strong>Batterikonfiguration:<\/strong> 3 x Force L1 3,55 kWh batterimoduler + 1 x Pylontech BMU batteristyringsenhed<\/li>\n<li><strong>Samlet brugbar kapacitet:<\/strong> 10,26 kWh<\/li>\n<li><strong>Skalerbarhed:<\/strong> Mulighed for at opskalere ved at tilf\u00f8je op til 2 ekstra Force L1-moduler senere, hvilket \u00f8ger den anvendelige kapacitet til op til 24,86 kWh.<\/li>\n<li><strong>Vertikal industriel integration:<\/strong> Giver over 6.000 cyklusser med 90% Depth of Discharge (DoD), hvilket sikrer langvarig ydeevne.<\/li>\n<li><strong>Modul\u00e6rt design:<\/strong> Giver slutkunderne mulighed for at v\u00e6lge den \u00f8nskede kapacitet, hvilket giver fleksibilitet.<\/li>\n<li><strong>Kompatibilitet:<\/strong> Kompatibel med de fleste tilg\u00e6ngelige hybridinvertere, hvilket sikrer problemfri integration med eksisterende systemer.<\/li>\n<li><strong>Hurtig frakobling:<\/strong> Minimerer installationstid og -omkostninger og forenkler ops\u00e6tningen.<\/li>\n<li><strong>Alsidigt design:<\/strong> Velegnet til b\u00e5de indend\u00f8rs og udend\u00f8rs installationer, hvilket giver fleksibilitet i placeringen.<\/li>\n<\/ul>\n<p><strong>Produktbeskrivelse:<\/strong><\/p>\n<p>Pylontech Force L1 er et banebrydende HESS-batterisystem (High Energy Storage System), der er designet til at opfylde brugernes skiftende behov. Det indeholder flere n\u00f8glefunktioner, der g\u00f8r det til noget s\u00e6rligt:<\/p>\n<ul>\n<li><strong>Lang levetid:<\/strong> Force L1 er designet med henblik p\u00e5 holdbarhed, hvilket sikrer, at den opfylder kravene til langvarig energilagring.<\/li>\n<li><strong>H\u00f8j energi- og effektt\u00e6thed:<\/strong> Dette batterisystem har branchens h\u00f8jeste energi- og effektt\u00e6thed, hvilket maksimerer energilagringen i et kompakt design.<\/li>\n<li><strong>Nem installation:<\/strong> Systemet er designet til nem installation og udvidelse, hvilket forenkler installationsprocessen for slutbrugerne.<\/li>\n<li><strong>Skalerbarhed:<\/strong> Brugere kan starte med s\u00e5 f\u00e5 som 1 Force L1-modul og udvide med op til 2 moduler senere, hvilket giver skalerbarhed til at im\u00f8dekomme skiftende energikrav.<\/li>\n<li><strong>Producentens garanti:<\/strong> Produktet leveres med en producentgaranti, der giver ro i sindet og produktp\u00e5lidelighed. Specifikke garantioplysninger skal verificeres med Pylontech.<\/li>\n<\/ul>\n<p>Pylontech Force L1 er et fremragende valg til energilagringsl\u00f8sninger i boliger og erhverv. Dens alsidige design, h\u00f8je ydeevne og skalerbarhed g\u00f8r den til en v\u00e6rdifuld tilf\u00f8jelse til ethvert energistyringssystem. Uanset om det er til backup-str\u00f8m under str\u00f8mafbrydelser eller optimering af energiforbruget, leverer Force L1 en p\u00e5lidelig og effektiv energilagringsl\u00f8sning.<\/p>","protected":false},"excerpt":{"rendered":"<p>Vi pr\u00e6senterer Pylontech Force L1 10,26 kWh lavsp\u00e6ndingsbatterisystem: N\u00f8glefunktioner: Batterikonfiguration: 3 x Force L1 3,55 kWh batterimoduler + 1 x Pylontech BMU Batteristyring [...]<\/p>","protected":false},"featured_media":279,"template":"","meta":{"_seopress_robots_primary_cat":"none","_seopress_titles_title":"Pylontech Force L1 10.65 - Low Voltage: The Latest and Most Powerful HESS Battery System","_seopress_titles_desc":"Discover the Pylontech Force L1 10.65, featuring high energy and power density, easy installation, and expandability. Suitable for indoor and outdoor use.","_seopress_robots_index":"","_kad_blocks_custom_css":"","_kad_blocks_head_custom_js":"","_kad_blocks_body_custom_js":"","_kad_blocks_footer_custom_js":""},"product_cat":[17],"product_tag":[],"class_list":{"0":"post-278","1":"product","2":"type-product","3":"status-publish","4":"has-post-thumbnail","6":"product_cat-home-batteries","8":"first","9":"outofstock","10":"sale","11":"taxable","12":"shipping-taxable","13":"purchasable","14":"product-type-simple"},"taxonomy_info":{"product_cat":[{"value":17,"label":"Home batteries"}]},"featured_image_src_large":["https:\/\/ownpowr.com\/wp-content\/uploads\/2022\/11\/SAM7622-0.jpeg",600,661,false],"author_info":[],"comment_info":"","_links":{"self":[{"href":"https:\/\/ownpowr.com\/da\/wp-json\/wp\/v2\/product\/278","targetHints":{"allow":["GET"]}}],"collection":[{"href":"https:\/\/ownpowr.com\/da\/wp-json\/wp\/v2\/product"}],"about":[{"href":"https:\/\/ownpowr.com\/da\/wp-json\/wp\/v2\/types\/product"}],"wp:featuredmedia":[{"embeddable":true,"href":"https:\/\/ownpowr.com\/da\/wp-json\/wp\/v2\/media\/279"}],"wp:attachment":[{"href":"https:\/\/ownpowr.com\/da\/wp-json\/wp\/v2\/media?parent=278"}],"wp:term":[{"taxonomy":"product_cat","embeddable":true,"href":"https:\/\/ownpowr.com\/da\/wp-json\/wp\/v2\/product_cat?post=278"},{"taxonomy":"product_tag","embeddable":true,"href":"https:\/\/ownpowr.com\/da\/wp-json\/wp\/v2\/product_tag?post=278"}],"curies":[{"name":"wp","href":"https:\/\/api.w.org\/{rel}","templated":true}]}}