{"id":286,"date":"2023-10-05T01:24:51","date_gmt":"2023-10-04T23:24:51","guid":{"rendered":"https:\/\/ownpowr.com\/product\/pylontech-force-l1-3-55\/"},"modified":"2025-10-15T13:54:02","modified_gmt":"2025-10-15T11:54:02","slug":"pylontech-force-l1-3-55","status":"publish","type":"product","link":"https:\/\/ownpowr.com\/da\/product\/pylontech-force-l1-3-55\/","title":{"rendered":"Pylontech kraft L1 3.55"},"content":{"rendered":"<h2><strong>Pylontech Force L1 3,55 kWh litiumbatterimodul udg\u00f8r et stabelbart batterisystem med mellem 2 og 7 moduler med en ekstern BMS.<\/strong><\/h2>\n<p>Pylontech Force L1 3.55 best\u00e5r af en Pylontech BMU batteristyringsenhed og 1 Force L1 3.55kWh batterimodul. Mulighed for opskalering ved senere tilf\u00f8jelse af op til 6 ekstra Force L1-moduler<\/p>\n<p>&nbsp;<\/p>\n<div class=\"row\">\n<div class=\"col-lg-6\">\n<h3><strong>Pylontech Force L1 3.55 <\/strong><strong>- Lav sp\u00e6nding<\/strong><\/h3>\n<p>Force L1 er det nyeste HESS-batterisystem fra Pylontech. Den \"lange levetid\", den h\u00f8jeste energi- og effektt\u00e6thed i branchen, det moderigtige design, den nemme installation og udvidelse afspejler alle de reelle krav fra slutbrugerne og Pylontech's st\u00e6rkeste tekniske kapacitet.<\/p>\n<p><strong>PylontechForceL1<\/strong>3.55 best\u00e5r af en <strong>Pylontech<\/strong> BMU batteristyringsenhed og 1 Force L1 3,55 kWh batterimodul. Mulighed for at opskalere ved senere at tilf\u00f8je op til 6 ekstra Force L1-moduler parallelt med denne stak for at opn\u00e5 en brugbar effekt p\u00e5 op til 24,86 kWh.<\/p>\n<p><strong>Vertikal industriel integration sikrer mere end 6.000 cyklusser med 90% DoD<\/strong><\/p>\n<p><strong>Modul\u00e6rt design giver slutkunder mulighed for at v\u00e6lge kapacitet<\/strong><\/p>\n<p><strong>Kompatibel med de fleste tilg\u00e6ngelige hybridomformere<\/strong><\/p>\n<p><strong>Hurtig frakobling minimerer installationstid og -omkostninger<\/strong><\/p>\n<p><strong>Smukt design - passer b\u00e5de indend\u00f8rs og udend\u00f8rs<\/strong><\/p>\n<div id=\"ProductInfoTabs\" class=\"ui-tabs ui-widget ui-widget-content ui-corner-all epProductInfoTabs ep-js\" data-js=\"\">\n<div id=\"tab-product-description\" class=\"ui-tabs-panel ui-widget-content ui-corner-bottom\" role=\"tabpanel\" aria-labelledby=\"ui-id-1\" aria-hidden=\"false\">\n<div class=\"description\">\n<p>&nbsp;<\/p>\n<p>Pylontech Force L1 Lithium Battery Module bruges til at have et Pylontech stabelbart batterisystem med mellem 2 og 7 moduler med en ekstern BMS, s\u00e5 det kan tilpasses til forskellige konfigurationssystemer. Med en nominel kapacitet p\u00e5 3,55 kWh og fremstillet af koboltfrit lithiumferrofosfat.<\/p>\n<p>Denne seneste version af HESS (Home Energy Storage System) har arvet konceptet med modul\u00e6rt design, kombineret med nem installation, enkle tilslutninger og udend\u00f8rs kompatibilitet.<\/p>\n<p>Det er den nyeste version af HESS (Home Energy Storage System), der har arvet konceptet med modul\u00e6rt design kombineret med nem installation, enkle tilslutninger og udend\u00f8rs kompatibilitet.<\/p>\n<p>Dette lagringssystem kan installeres uden behov for at forbinde kabler mellem batterierne, og det kan stables, hvilket g\u00f8r installationen nemmere og hurtigere. Dette er den nye Pylontech-l\u00f8sning til lavsp\u00e6ndingsboliger i L-serien, som omfatter Force L1 og L2.<\/p>\n<p>Disse produkter best\u00e5r af flere stabelbare batterier p\u00e5 mellem 2 og 7 med en ekstern BMS, s\u00e5 de kan tilpasses forskellige konfigurationssystemer.<\/p>\n<p>Det er s\u00e6rligt velegnet til sm\u00e5 steder med begr\u00e6nset plads, og ogs\u00e5 til installationer med meget str\u00f8m og lang levetid. Dette modul installeres sammen med en BMS FC0048M-100 med en nominel sp\u00e6nding p\u00e5 48V og en kapacitet p\u00e5 47Ah. Disse systemer har ogs\u00e5 en opladnings- og afladningsstr\u00f8m, der kan n\u00e5 op p\u00e5 i alt 60A og IP55-beskyttelse.<\/p>\n<p>Systemets enkelhed og stabelbarhed g\u00f8r det ekstremt fleksibelt, og det kan nemt udvides med tiden. Et andet vigtigt aspekt er uden tvivl afladningsdybden med 90%. Enhederne kan ogs\u00e5 kombineres med forskellige typer invertere, selv med den integrerede EPS-funktion.<\/p>\n<p>De vigtigste funktioner er det modul\u00e6re design, der giver maksimal fleksibilitet, den interne LFP-celle, der giver l\u00e6ngere levetid og st\u00f8rre sikkerhed, hurtige tilslutninger, der sparer installationstid, og en gennempr\u00f8vet BMS med den bredeste kompatibilitet med invertere.<\/p>\n<p>Batteriet har en juridisk garanti p\u00e5 3 \u00e5r og en producentgaranti p\u00e5 10 \u00e5r.<\/p>\n<p>&nbsp;<\/p>\n<h3><strong>Tekniske data for Pylontech Force L1 litiumbatterimodul<\/strong><\/h3>\n<p>- Batterikapacitet: 3,55 kWh<br \/>\n- Sp\u00e6ndingsomr\u00e5de: 44.5 -54h<br \/>\n- Anvendelig kapacitet: 4600W<br \/>\n- Grad af beskyttelse: IP55<br \/>\n- Kommunikationsport: RS485<br \/>\n- Garanti: 10 \u00e5r (opfylder producentens krav).<\/p>\n<\/div>\n<\/div>\n<\/div>\n<\/div>\n<\/div>","protected":false},"excerpt":{"rendered":"<p>Pylontech Force L1 3,55 kWh litiumbatterimodul udg\u00f8r et stabelbart batterisystem med mellem 2 og 7 moduler med en ekstern BMS. Pylontech Force L1 3.55 best\u00e5r af en Pylontech BMU [...]<\/p>","protected":false},"featured_media":287,"template":"","meta":{"_seopress_robots_primary_cat":"none","_seopress_titles_title":"","_seopress_titles_desc":"","_seopress_robots_index":"","_kad_blocks_custom_css":"","_kad_blocks_head_custom_js":"","_kad_blocks_body_custom_js":"","_kad_blocks_footer_custom_js":""},"product_cat":[17],"product_tag":[],"class_list":{"0":"post-286","1":"product","2":"type-product","3":"status-publish","4":"has-post-thumbnail","6":"product_cat-home-batteries","8":"first","9":"outofstock","10":"sale","11":"taxable","12":"shipping-taxable","13":"purchasable","14":"product-type-simple"},"taxonomy_info":{"product_cat":[{"value":17,"label":"Home batteries"}]},"featured_image_src_large":["https:\/\/ownpowr.com\/wp-content\/uploads\/2022\/11\/Schermafbeelding-2022-10-15-om-12.07.40.png",822,504,false],"author_info":[],"comment_info":"","_links":{"self":[{"href":"https:\/\/ownpowr.com\/da\/wp-json\/wp\/v2\/product\/286","targetHints":{"allow":["GET"]}}],"collection":[{"href":"https:\/\/ownpowr.com\/da\/wp-json\/wp\/v2\/product"}],"about":[{"href":"https:\/\/ownpowr.com\/da\/wp-json\/wp\/v2\/types\/product"}],"wp:featuredmedia":[{"embeddable":true,"href":"https:\/\/ownpowr.com\/da\/wp-json\/wp\/v2\/media\/287"}],"wp:attachment":[{"href":"https:\/\/ownpowr.com\/da\/wp-json\/wp\/v2\/media?parent=286"}],"wp:term":[{"taxonomy":"product_cat","embeddable":true,"href":"https:\/\/ownpowr.com\/da\/wp-json\/wp\/v2\/product_cat?post=286"},{"taxonomy":"product_tag","embeddable":true,"href":"https:\/\/ownpowr.com\/da\/wp-json\/wp\/v2\/product_tag?post=286"}],"curies":[{"name":"wp","href":"https:\/\/api.w.org\/{rel}","templated":true}]}}