{"id":3729,"date":"2025-01-30T09:44:02","date_gmt":"2025-01-30T07:44:02","guid":{"rendered":"https:\/\/ownpowr.com\/?post_type=product&#038;p=3729"},"modified":"2025-08-25T14:54:33","modified_gmt":"2025-08-25T12:54:33","slug":"blauhoff-maxus-200k-516kwh-all-in-one-8000-cycles-10-year-warantee","status":"publish","type":"product","link":"https:\/\/ownpowr.com\/da\/product\/blauhoff-maxus-200k-516kwh-alt-i-en-8000-cyklusser-10-ars-garanti\/","title":{"rendered":"Blauhoff Maxus 250K\/578kWh Alt i \u00e9t energilagerskab"},"content":{"rendered":"<h3>Blauhoff Maxus 250K\/578kWh Alt i \u00e9t energilagerskab 10 \u00e5rs garanti 8000 cyklusser<\/h3>\n<p><strong>Alle Blauhoff-batterisystemer har 10 \u00e5rs garanti p\u00e5 cellerne og 5 \u00e5rs garanti p\u00e5 inverteren uden nogen form for ekstra betaling!<\/strong><\/p>\n<p><strong>Det er ikke tilf\u00e6ldet med de fleste andre m\u00e6rker, og garantien er begr\u00e6nset til kun 3-5 \u00e5r!<\/strong><\/p>\n<p><strong>Prismatiske celler giver den h\u00f8jeste kvalitet og l\u00e6ngste levetid, 8000 cyklusser og 10 \u00e5rs garanti p\u00e5 cellerne uden ekstra omkostninger og 5 \u00e5r p\u00e5 det hele.<\/strong><\/p>\n<p>&nbsp;<\/p>\n<p>BLH-250K\/578KwH-Maxus-serien, en alt-i-en kommerciel og industriel ESS med v\u00e6skek\u00f8ling, er<br \/>\nintegreret med energilagringsomformer, batteri, BMS, EMS, termisk styring,<br \/>\nstr\u00f8mfordeling, brandbeskyttelse osv. Alt-i-et-designet er nemt at installere og<br \/>\nDRIFT OG VEDLIGEHOLDELSE. I mellemtiden sikrer systemets sikkerhedsdesign en bedre batteriydelse.<br \/>\nog l\u00e6ngere levetid. Flere s\u00e6t kabinetter kan forbindes direkte i parallel op til 30 stykker for at<br \/>\nrealisere udvidelsen af energilagringssystemet.<\/p>\n<h4>\u00d8konomisk:<\/h4>\n<p>H\u00f8jt integreret ESS for nem<br \/>\ntransport og drift og vedligeholdelse. Den<br \/>\nintegreret design g\u00f8r det muligt for webstedet at<br \/>\nhurtigt kan s\u00e6ttes op og bruges.<\/p>\n<p>Backup-funktion<\/p>\n<p>Peakshave-funktion<\/p>\n<p>PV-funktion<\/p>\n<h4>V\u00e6skek\u00f8ling:<\/h4>\n<p>Temperaturafvigelsen for<br \/>\nbattericeller i hele<br \/>\nsystemet er inden for 3\u00b0C, p\u00e5 grund af<br \/>\nintelligent v\u00e6skek\u00f8lesystem.<br \/>\nDet kan forl\u00e6nge levetiden for<br \/>\nbattericeller op til 20%.<\/p>\n<h4>Sikker:<\/h4>\n<p>Systemet har fire niveauer<br \/>\nledelsesstruktur, som<br \/>\nkan n\u00f8jagtigt give korte<br \/>\nkredsl\u00f8bsbeskyttelse, overstr\u00f8m<br \/>\nbeskyttelse, oversp\u00e6nding<br \/>\nbeskyttelse, under sp\u00e6nding<br \/>\nbeskyttelse, overtemperatur<br \/>\nbeskyttelse osv.<\/p>\n<p>&nbsp;<\/p>\n<p>VDE4100<\/p>\n<p>IEC62619<\/p>\n<p>IEC61000<\/p>\n<p>UL9540A<\/p>\n<p>EN50549<\/p>\n<h4>Datablad :<\/h4>\n<p><a href=\"https:\/\/ownpowr.com\/wp-content\/uploads\/2023\/10\/blauhoff_sd-125-258_energy_storage_cabinet.pdf\">Blauhoff_SD-125-258_Energy_Storage_Cabinet<\/a><\/p>\n<p><iframe title=\"Blauhoff ESS Alt i \u00e9n\" width=\"1140\" height=\"641\" src=\"https:\/\/www.youtube.com\/embed\/4ygzOwu-j7I?feature=oembed\" frameborder=\"0\" allow=\"accelerometer; autoplay; clipboard-write; encrypted-media; gyroscope; picture-in-picture; web-share\" referrerpolicy=\"strict-origin-when-cross-origin\" allowfullscreen><\/iframe><\/p>","protected":false},"excerpt":{"rendered":"<p><a href=\"https:\/\/ownpowr.com\/wp-content\/uploads\/2023\/10\/blauhoff_sd-125-258_energy_storage_cabinet.pdf\">Blauhoff_SD-125-258_Energy_Storage_Cabinet<\/a><\/p>\n<p>Bem\u00e6rk, prisen er uden moms og uden installation<\/p>","protected":false},"featured_media":3721,"template":"","meta":{"_seopress_robots_primary_cat":"none","_seopress_titles_title":"Blauhoff Maxus 250K\/578kWh All In One Energy Storage","_seopress_titles_desc":"Blauhoff Maxus Series is an easy-to-install all-in-one ESS with liquid cooling, integrated converter, battery, BMS, EMS, and more.","_seopress_robots_index":"","_kad_blocks_custom_css":"","_kad_blocks_head_custom_js":"","_kad_blocks_body_custom_js":"","_kad_blocks_footer_custom_js":""},"product_cat":[17,19],"product_tag":[],"class_list":{"0":"post-3729","1":"product","2":"type-product","3":"status-publish","4":"has-post-thumbnail","6":"product_cat-home-batteries","7":"product_cat-sets-with-inverters","9":"first","10":"instock","11":"taxable","12":"shipping-taxable","13":"purchasable","14":"product-type-simple"},"taxonomy_info":{"product_cat":[{"value":17,"label":"Home batteries"},{"value":19,"label":"Sets with inverters"}]},"featured_image_src_large":["https:\/\/ownpowr.com\/wp-content\/uploads\/2023\/10\/blh-maxus-2pcs-1024x846.jpg",1024,846,true],"author_info":[],"comment_info":"","_links":{"self":[{"href":"https:\/\/ownpowr.com\/da\/wp-json\/wp\/v2\/product\/3729","targetHints":{"allow":["GET"]}}],"collection":[{"href":"https:\/\/ownpowr.com\/da\/wp-json\/wp\/v2\/product"}],"about":[{"href":"https:\/\/ownpowr.com\/da\/wp-json\/wp\/v2\/types\/product"}],"wp:featuredmedia":[{"embeddable":true,"href":"https:\/\/ownpowr.com\/da\/wp-json\/wp\/v2\/media\/3721"}],"wp:attachment":[{"href":"https:\/\/ownpowr.com\/da\/wp-json\/wp\/v2\/media?parent=3729"}],"wp:term":[{"taxonomy":"product_cat","embeddable":true,"href":"https:\/\/ownpowr.com\/da\/wp-json\/wp\/v2\/product_cat?post=3729"},{"taxonomy":"product_tag","embeddable":true,"href":"https:\/\/ownpowr.com\/da\/wp-json\/wp\/v2\/product_tag?post=3729"}],"curies":[{"name":"wp","href":"https:\/\/api.w.org\/{rel}","templated":true}]}}