{"id":4030,"date":"2025-01-30T09:44:01","date_gmt":"2025-01-30T07:44:01","guid":{"rendered":"https:\/\/ownpowr.com\/?post_type=product&#038;p=4030"},"modified":"2025-08-25T15:06:43","modified_gmt":"2025-08-25T13:06:43","slug":"blauhoff-maxus-all-in-one-500k-1156kwh-energy-storage-cabinet-liquid-cooled","status":"publish","type":"product","link":"https:\/\/ownpowr.com\/da\/product\/blauhoff-maxus-all-in-one-500k-1032kwh-energilagerskab-vaeskekolet\/","title":{"rendered":"Blauhoff Maxus Alt i \u00e9t 500K\/1156kWh energilagerskab V\u00e6skek\u00f8let 1 Megawatt"},"content":{"rendered":"<p><strong>Alle Blauhoff-batterisystemer har 10 \u00e5rs garanti p\u00e5 cellerne og 5 \u00e5rs garanti p\u00e5 inverteren uden nogen form for ekstra betaling!<\/strong><\/p>\n<p><strong>Det er ikke tilf\u00e6ldet med de fleste andre m\u00e6rker, og garantien er begr\u00e6nset til kun 3-5 \u00e5r!<\/strong><\/p>\n<p><strong>Prismatiske celler giver den h\u00f8jeste kvalitet og l\u00e6ngste levetid, 8000 cyklusser og 10 \u00e5rs garanti p\u00e5 cellerne uden ekstra omkostninger og 5 \u00e5r p\u00e5 det hele.<\/strong><\/p>\n<p>&nbsp;<\/p>\n<p>Blauhoff Maxus All in One 500K-1156kWh = 2 mWh V\u00e6skek\u00f8let 10 \u00e5rs garanti 8000 cyklusser<\/p>\n<p>Prismatiske celler for h\u00f8jeste kvalitet og l\u00e6ngste levetid og 8000 cyklusser<\/p>\n<p>Fuldt integreret ESS for nem transport og drift og vedligeholdelse.<\/p>\n<p>Integreret og modulopbygget design g\u00f8r det hurtigt at s\u00e6tte op og bruge, 2-3 timers arbejde pr. enhed.<\/p>\n<p>Blauhoff BLH-100K-2064kWh-Maxus, en alt-i-en kommerciel og industriel ESS med v\u00e6skek\u00f8ling, er integreret med energilagringsomformer, batteri, BMS, EMS, termisk styring, str\u00f8mfordeling, brandbeskyttelse osv.<\/p>\n<p>I dette tilf\u00e6lde 8 stk.<\/p>\n<p>Alt-i-et-designet er nemt at installere og drive og er udstyret med backup-funktion og PV-funktion.<\/p>\n<p>Systemets sikkerhedsdesign sikrer bedre batteriydelse og l\u00e6ngere levetid.<br \/>\nliv. Flere skabss\u00e6t kan forbindes direkte i parallel op til 30 stk. for at realisere energilagring.<br \/>\nudvidelse af systemet. Det er super nemt at skalere og b\u00e6re.<\/p>\n<p>V\u00e6skek\u00f8ling :<br \/>\nBattericellers temperaturdrift<br \/>\ni hele systemet ligger inden for \u00b11,5 \u00b0C p\u00e5 grund af<br \/>\nintelligent v\u00e6skek\u00f8lesystem. Det kan<br \/>\nforl\u00e6nger systemets levetid med op til<br \/>\n30%, \u00f8ger den langsigtede systemeffektivitet<br \/>\nop til 88,5%.<\/p>\n<p>Sikker<br \/>\nSystemet har fire ledelsesniveauer<br \/>\nstruktur, som kan give pr\u00e6cise<br \/>\nkortslutningsbeskyttelse, overstr\u00f8m<br \/>\nbeskyttelse, oversp\u00e6ndingsbeskyttelse,<br \/>\nbeskyttelse mod undersp\u00e6nding, overtemperatur<br \/>\nbeskyttelse osv.<\/p>\n<p>VDE4100<\/p>\n<p>IEC62619<\/p>\n<p>IEC61000<\/p>\n<p>UL9540A<\/p>\n<p>EN50549<\/p>\n<h3><span style=\"font-size: 16px\">Datablad :<\/span><\/h3>\n<p><a href=\"https:\/\/blauhoff.nl\/wp-content\/uploads\/2023\/10\/Blauhoff_SD-125-258_Energy_Storage_Cabinet.pdf\" target=\"_blank\" rel=\"noopener\">Blauhoff_SD-125-258_Energy_Storage_Cabinet<\/a><\/p>\n<p>OBS!<\/p>\n<p>P\u00e5 grund af integration og kompleksitet er denne pris ekskl. moms og ekskl. montering.<\/p>\n<p>Monteringen udf\u00f8res af din lokale installat\u00f8r med hj\u00e6lp fra vores tekniske personale.<\/p>\n<p><iframe title=\"Blauhoff ESS Alt i \u00e9n\" width=\"1140\" height=\"641\" src=\"https:\/\/www.youtube.com\/embed\/4ygzOwu-j7I?feature=oembed\" frameborder=\"0\" allow=\"accelerometer; autoplay; clipboard-write; encrypted-media; gyroscope; picture-in-picture; web-share\" referrerpolicy=\"strict-origin-when-cross-origin\" allowfullscreen><\/iframe><\/p>","protected":false},"excerpt":{"rendered":"<p>Alle Blauhoff-batterisystemer har 10 \u00e5rs garanti p\u00e5 cellerne og 5 \u00e5rs garanti p\u00e5 inverteren uden nogen form for ekstra betaling! Dette er ikke tilf\u00e6ldet [...]<\/p>","protected":false},"featured_media":4028,"template":"","meta":{"_seopress_robots_primary_cat":"none","_seopress_titles_title":"Blauhoff Maxus All in One 500K\/1032kWh Energy Storage Cabinet Liquid cooled","_seopress_titles_desc":"Discover the game-changing products offered by OwnPowr to enhance your online presence and capture your target audience. Start growing your business today!","_seopress_robots_index":"","_kad_blocks_custom_css":"","_kad_blocks_head_custom_js":"","_kad_blocks_body_custom_js":"","_kad_blocks_footer_custom_js":""},"product_cat":[17,19],"product_tag":[],"class_list":{"0":"post-4030","1":"product","2":"type-product","3":"status-publish","4":"has-post-thumbnail","6":"product_cat-home-batteries","7":"product_cat-sets-with-inverters","9":"first","10":"instock","11":"taxable","12":"shipping-taxable","13":"purchasable","14":"product-type-simple"},"taxonomy_info":{"product_cat":[{"value":17,"label":"Home batteries"},{"value":19,"label":"Sets with inverters"}]},"featured_image_src_large":["https:\/\/ownpowr.com\/wp-content\/uploads\/2023\/10\/blauhoff-maxus.png",300,300,false],"author_info":[],"comment_info":"","_links":{"self":[{"href":"https:\/\/ownpowr.com\/da\/wp-json\/wp\/v2\/product\/4030","targetHints":{"allow":["GET"]}}],"collection":[{"href":"https:\/\/ownpowr.com\/da\/wp-json\/wp\/v2\/product"}],"about":[{"href":"https:\/\/ownpowr.com\/da\/wp-json\/wp\/v2\/types\/product"}],"wp:featuredmedia":[{"embeddable":true,"href":"https:\/\/ownpowr.com\/da\/wp-json\/wp\/v2\/media\/4028"}],"wp:attachment":[{"href":"https:\/\/ownpowr.com\/da\/wp-json\/wp\/v2\/media?parent=4030"}],"wp:term":[{"taxonomy":"product_cat","embeddable":true,"href":"https:\/\/ownpowr.com\/da\/wp-json\/wp\/v2\/product_cat?post=4030"},{"taxonomy":"product_tag","embeddable":true,"href":"https:\/\/ownpowr.com\/da\/wp-json\/wp\/v2\/product_tag?post=4030"}],"curies":[{"name":"wp","href":"https:\/\/api.w.org\/{rel}","templated":true}]}}