{"id":405,"date":"2023-10-05T01:24:56","date_gmt":"2023-10-04T23:24:56","guid":{"rendered":"https:\/\/ownpowr.com\/product\/pytes-e-box-48100r\/"},"modified":"2024-10-16T15:58:23","modified_gmt":"2024-10-16T13:58:23","slug":"pytes-e-box-48100r","status":"publish","type":"product","link":"https:\/\/ownpowr.com\/da\/product\/pytes-e-box-48100r\/","title":{"rendered":"PYTES E-BOX 48100R"},"content":{"rendered":"<p>Pytes-hjemmebatteriet til dine solpaneler er den nye generation af LFP-litiumbatterier til energilagring i hjemmet.<\/p>\n<p>Dette hjemmebatteri er et sikkert, veldesignet og kraftfuldt standard LFP-batteri til dit hjem eller din virksomhed.<br \/>\nBatteriet er kompakt og modul\u00e6rt og passer til dine solpaneler. Det er kompakt, nemt at installere, vedligeholdelsesfrit og kan bruges som byggesten i et energilagringssystem, n\u00e5r det monteres parallelt. Det bruges i vid udstr\u00e6kning i husholdninger til energilagring, eller i<br \/>\nsm\u00e5 kommercielle og industrielle energilagringssystemer, s\u00e5som telekommunikationsstationer.<\/p>\n<p>Maksimal parallelmontering er 8 * 5,12 kWh = 40,96 kWh, og med en HUB tilf\u00f8jet 56 * 5,12 kWh = 280 kWh.<\/p>\n<p>Egenskaber ved PYTES E-BOX 48100R Home Battery:<\/p>\n<ol>\n<li><strong>Imponerende 10 \u00e5rs garanti:<\/strong> Du kan regne med dette hjemmebatteri i det lange l\u00f8b, bakket op af en solid 10-\u00e5rs garanti.<\/li>\n<li><strong>Smart energistyring:<\/strong> PYTES E-BOX 48100R giver dig mulighed for fuldst\u00e6ndig selvstyring af dit energibehov. Den lagrer effektivt overskydende energi fra dine solpaneler ved n\u00f8je at m\u00e5le, overv\u00e5ge og styre processen. Str\u00f8mmen er let tilg\u00e6ngelig, n\u00e5r du har mest brug for den, takket v\u00e6re intelligente algoritmer, der optimerer systemets levetid.<\/li>\n<li><strong>Backup og n\u00f8dstr\u00f8m:<\/strong> V\u00e6r sikker p\u00e5, at dette hjemmebatteri giver p\u00e5lidelig backup og n\u00f8dstr\u00f8m, n\u00e5r elnettet svigter eller gennemg\u00e5r mere end 6000 cyklusser, hvilket sikrer b\u00e5de lang levetid og sikkerhed.<\/li>\n<li><strong>Bred kompatibilitet:<\/strong> PYTES E-BOX 48100R hjemmebatteri er designet med bred kompatibilitet for \u00f8je, s\u00e5 det problemfrit kan integreres i forskellige ops\u00e6tninger.<\/li>\n<li><strong>Besparelser p\u00e5 energiregningen:<\/strong> Uden for spidsbelastningsperioderne oplades hjemmebatteriet intelligent ved hj\u00e6lp af en inverter og aflades i spidsbelastningsperioderne. Denne strategi f\u00f8rer til en betydelig reduktion i din energiregning over tid.<\/li>\n<\/ol>\n<p>Tekniske specifikationer:<\/p>\n<ul>\n<li><strong>Model:<\/strong> 48100R<\/li>\n<li><strong>Batteriets kemi:<\/strong> Lithium-jernfosfat (LFP)<\/li>\n<li><strong>Nominel sp\u00e6nding:<\/strong> 51.2V<\/li>\n<li><strong>Sp\u00e6ndingsomr\u00e5de:<\/strong> 47,5 V-57,6 V<\/li>\n<li><strong>Nominel kapacitet:<\/strong> 100Ah<\/li>\n<li><strong>Nominel energi:<\/strong> 5,12 kWh<\/li>\n<li><strong>Enhedens dimensioner:<\/strong> L440mm x B620mm x H117mm (2,6U)<\/li>\n<li><strong>Enhedsv\u00e6gt:<\/strong> 51 kg<\/li>\n<li><strong>Standard opladningsstr\u00f8m:<\/strong> 50A<\/li>\n<li><strong>Maksimal opladningsstr\u00f8m:<\/strong> 50A<\/li>\n<li><strong>Standard udladningsstr\u00f8m:<\/strong> 50A<\/li>\n<li><strong>Maksimal udledningshastighed:<\/strong> 50A<\/li>\n<li><strong>Effektivitet tur\/retur:<\/strong> \u226595%<\/li>\n<li><strong>Kommunikationsprotokoller:<\/strong> RS232, RS485, KAN<\/li>\n<li><strong>Cykluslevetid:<\/strong> \u22656000 cyklusser<\/li>\n<li><strong>Kalenderliv:<\/strong> \u226510 \u00e5r<\/li>\n<li><strong>Driftstemperatur:<\/strong> -10 \u00b0C til 50 \u00b0C<\/li>\n<li><strong>Tilslutningsstil:<\/strong> Parallel<\/li>\n<li><strong>Opbevaringstemperatur:<\/strong> Inden for 1 m\u00e5ned: -20\u00b0C til 55\u00b0C, 1-3 m\u00e5neder: 0\u00b0C til 35\u00b0C, 3-12 m\u00e5neder: 20\u00b0C til 25\u00b0C<\/li>\n<li><strong>Kontrolpanel:<\/strong> De nemme installationsmuligheder omfatter individuel v\u00e6gmontering med de medf\u00f8lgende beslag eller stilfuld parring med den smarte homebox.<\/li>\n<\/ul>","protected":false},"excerpt":{"rendered":"<p>Pytes-hjemmebatteriet til dine solpaneler er den nye generation af LFP-litiumbatterier til energilagring i hjemmet. Dette hjemmebatteri er et sikkert, veldesignet og kraftigt standardbatteri [...].<\/p>","protected":false},"featured_media":406,"template":"","meta":{"_seopress_robots_primary_cat":"none","_seopress_titles_title":"The Pytes Home Battery: A Safe, Powerful LFP Lithium Battery for Solar Panels","_seopress_titles_desc":"Experience complete energy self-management with this compact, easy-to-install home battery. Store excess energy, reduce bills, and enjoy a 10-year warranty!","_seopress_robots_index":"","_kad_blocks_custom_css":"","_kad_blocks_head_custom_js":"","_kad_blocks_body_custom_js":"","_kad_blocks_footer_custom_js":""},"product_cat":[17],"product_tag":[],"class_list":{"0":"post-405","1":"product","2":"type-product","3":"status-publish","4":"has-post-thumbnail","6":"product_cat-home-batteries","8":"first","9":"instock","10":"sale","11":"taxable","12":"shipping-taxable","13":"purchasable","14":"product-type-simple"},"taxonomy_info":{"product_cat":[{"value":17,"label":"Home batteries"}]},"featured_image_src_large":["https:\/\/ownpowr.com\/wp-content\/uploads\/2022\/11\/48100R\u8be6\u60c5-920x640_08-420x420-1.jpeg",420,420,false],"author_info":[],"comment_info":"","_links":{"self":[{"href":"https:\/\/ownpowr.com\/da\/wp-json\/wp\/v2\/product\/405","targetHints":{"allow":["GET"]}}],"collection":[{"href":"https:\/\/ownpowr.com\/da\/wp-json\/wp\/v2\/product"}],"about":[{"href":"https:\/\/ownpowr.com\/da\/wp-json\/wp\/v2\/types\/product"}],"wp:featuredmedia":[{"embeddable":true,"href":"https:\/\/ownpowr.com\/da\/wp-json\/wp\/v2\/media\/406"}],"wp:attachment":[{"href":"https:\/\/ownpowr.com\/da\/wp-json\/wp\/v2\/media?parent=405"}],"wp:term":[{"taxonomy":"product_cat","embeddable":true,"href":"https:\/\/ownpowr.com\/da\/wp-json\/wp\/v2\/product_cat?post=405"},{"taxonomy":"product_tag","embeddable":true,"href":"https:\/\/ownpowr.com\/da\/wp-json\/wp\/v2\/product_tag?post=405"}],"curies":[{"name":"wp","href":"https:\/\/api.w.org\/{rel}","templated":true}]}}