{"id":4066,"date":"2023-10-27T15:05:46","date_gmt":"2023-10-27T13:05:46","guid":{"rendered":"https:\/\/ownpowr.com\/?post_type=product&#038;p=4066"},"modified":"2025-02-27T12:52:29","modified_gmt":"2025-02-27T10:52:29","slug":"deye-micro-inverter-sun600","status":"publish","type":"product","link":"https:\/\/ownpowr.com\/da\/product\/deye-micro-inverter-sun600-kun-i-kasse-med-4-stk\/","title":{"rendered":"Deye mikroinverter-SUN600"},"content":{"rendered":"<div class=\"left column\">\n<h1>DEYE SUN600\/800\/1000G3-US-220\/EU-230 |600-1000W| enfaset | 2 MPPT | mikro-inverter | hurtig nedlukning<\/h1>\n<p>H\u00f8jere udbytte \/ Sikkert \/ Smart \/ Brugervenligt<\/p>\n<div class=\"text\">\n<p>SUN 600\/800\/1000G3 er en ny generation af nettilsluttede mikroinvertere med intelligente netv\u00e6rks- og overv\u00e5gningssystemer, der sikrer maksimal effektivitet. SUN 600\/800\/1000G3 er optimeret til at rumme nutidens h\u00f8jeffektive PV-moduler effektivt med op til 500W output og dobbelt MPPT. Den underst\u00f8tter ogs\u00e5 hurtig nedlukning, s\u00e5 din investering er sikker.<\/p>\n<\/div>\n<\/div>\n<div class=\"prodet-2\">\n<div class=\"ui container\">\n<div class=\"box grid-box\">\n<div class=\"right column\">\n<h2 class=\"titleBig\">Fjernbetjent nedlukningsfunktion<\/h2>\n<h4>Smart overv\u00e5gningsplatform<\/h4>\n<p>Takket v\u00e6re den smarte overv\u00e5gningsplatform underst\u00f8tter Deye inverterprodukter i hele serien fjernnedlukning med det samme, n\u00e5r der sker en ulykke, indstilling af parametre og FW-opdatering p\u00e5 afstand, hvilket g\u00f8r PV-anl\u00e6ggets drift og vedligeholdelse lettere.<\/p>\n<\/div>\n<\/div>\n<\/div>\n<\/div>\n<div class=\"prodet-3\">\n<div class=\"ui container\">\n<div class=\"box grid-box\">\n<div class=\"left column\">\n<div class=\"slick-list draggable\">\n<div class=\"slick-track\">\n<div class=\"slick-slide slick-cloned\" data-slick-index=\"-2\" aria-hidden=\"true\">\n<ul>\n<li>Modulniveauoverv\u00e5gning, sikrere og smartere<\/li>\n<li>Max. DC-indgangsstr\u00f8m 13A, tilpasset til 500W PV-modul<\/li>\n<li>Hurtig nedlukningsfunktion<\/li>\n<li>IP67-beskyttelsesgrad \uff0c 10 \u00e5rs garanti<\/li>\n<li>PLC, Zigbee eller WIFI-kommunikation<\/li>\n<li>2 MPP-trackere, overv\u00e5gning p\u00e5 modulniveau<\/li>\n<\/ul>\n<\/div>\n<div class=\"slick-slide slick-cloned\" data-slick-index=\"-1\" aria-hidden=\"true\">\n<div id=\"av_articleherstbezeichnung\">\n<h1 class=\"av_fontnormal\">DEYE SUN600<\/h1>\n<\/div>\n<div id=\"av_articletext\" class=\"clearfix\"><span class=\"artbesch\">Lille inverter med h\u00f8j ydeevne<br \/>\nIntelligent mikroinverter til indf\u00f8dning i dit hjemmenet. Denne inverter er nem at s\u00e6tte op og konfigurere. Solpaneler fra n\u00e6sten alle producenter kan monteres. Ideel til sm\u00e5 solsystemer, f.eks. p\u00e5 altaner, havehuse, garager eller omr\u00e5der med skygge.<\/span><b>Leveres i \u00f8jeblikket uden Betteri-kobling og h\u00e6tte! Bestil venligst direkte<\/b><\/p>\n<ul type=\"disc\">\n<li>Gr\u00e6nseflader: WiFi<\/li>\n<li>Kompakt design<\/li>\n<li>Montering udend\u00f8rs, direkte p\u00e5 solcellemodulet<\/li>\n<li>K\u00f8ling ved konvektion<\/li>\n<li>Sporing af maksimalt effektpunkt (MPPT)<\/li>\n<li>hurtig opstartsfunktion p\u00e5 op til 12 sekunder<\/li>\n<li>sikker p\u00e5 grund af hurtig nedlukningsfunktion<\/li>\n<li>Overv\u00e5gning af jordfejl<\/li>\n<li>Netv\u00e6rksoverv\u00e5gning<\/li>\n<li>overv\u00e5gning af fejlstr\u00f8m<\/li>\n<li>Beskyttelsesklasse IP 67<\/li>\n<\/ul>\n<p>&nbsp;<\/p>\n<p><b>Smart overv\u00e5gning:<\/b><br \/>\nSpor dine succeser til enhver tid! Det integrerede WLAN-interface giver dig mulighed for at integrere denne inverter i dit netv\u00e6rk.<br \/>\nAdgang via SOLARMAN-appen er mulig med din smartphone eller tablet. Derudover er browserbaseret adgang mulig med din slutenhed.<\/p>\n<p><b>MPPT-sporing:<\/b><br \/>\nMaksimalt udbytte under alle vejrforhold. Uanset om det er d\u00e5rligt vejr eller delvis skygge, sikrer den moderne teknologi og den nyeste strengteknologi i inverteren optimalt udbytte.<\/p>\n<p><b>Kan nemt udvides:<\/b><br \/>\nEt system med denne mikroinverter kan til enhver tid udvides med yderligere mikroinvertere. Den ekstra inverter tilsluttes simpelthen til den eksisterende mikroinverter med Betteri-stikket.<\/p>\n<p><b>Certificeret i henhold til VDE:<\/b><br \/>\nMikroinverteren er certificeret i henhold til VDE-AR-N-4105:2018 og m\u00e5 drives i Germanyl. Den indeholder en NA-beskyttelse og slukker straks, n\u00e5r den kobles fra lysnettet.<\/p>\n<p><b>WLAN:<\/b><br \/>\nEt WLAN-modul er integreret i mikroinverteren. Det betyder, at der ikke kr\u00e6ves ekstra hardware for at etablere en forbindelse. Med SOLARMAN-appen kan du spore dine udbytter live og visualisere og analysere dem grafisk. WLAN-adgangskoden til Deye-inverteren er \"12345678\" og skal indtastes \u00e9n gang under integrationen i Solarman-appen. Der er ikke behov for yderligere enheder til energim\u00e5ling!<\/p>\n<p><b>Montering:<\/b><br \/>\nInverteren har en IP 67-klassificering og er ekstremt robust og holdbar. Inverteren monteres ganske enkelt udend\u00f8rs sammen med dit solcellemodul.<\/p>\n<p><b>AC-tilslutning:<\/b><br \/>\nTil tilslutning til husets netv\u00e6rk medf\u00f8lger et Betteri-stik p\u00e5 enhedens side til fri montering.<\/p>\n<p><b>DC-indgang - solsiden:<\/b><br \/>\nIndgangseffekt: 210 Watt - 400 Watt<br \/>\nMaks. indgangssp\u00e6nding Indgangssp\u00e6nding: 60 V DC<br \/>\nMax. Indgangsstr\u00f8m: 16 A<br \/>\nMPP-kontrol: Ja<br \/>\nDC-tilslutninger: Ja<br \/>\nForbindelse: MC4<\/p>\n<p><b>AC-udgang - Netudgang:<\/b><br \/>\nNominel effekt: 600 watt (230 V\/50 Hz)<br \/>\nNominel udgangssp\u00e6nding: 230 V<br \/>\nUdgangsstr\u00f8m: maks. 2.9 A<br \/>\nForbindelse: Betteri<\/p>\n<p><b>Enhed:<\/b><br \/>\nDimensioner (HxBxD): 229 x 212 x 40 mm<br \/>\nV\u00e6gt: 3,5 kg<br \/>\nNatforbrug: &lt; 50 mW<\/p>\n<p><b>Leveringsomfang:<\/b><br \/>\n1x SUN600<br \/>\n1x WLAN-antenne<br \/>\n1x manual (engelsk)<\/p>\n<p><b>Det er vigtigt:<\/b><br \/>\nVi anbefaler, at du altid konsulterer kvalificeret personale i forbindelse med konfiguration og tilpasning af str\u00f8mledninger\/hustilslutningsledninger. Firmaet reichelt elektronik GmbH &amp; Co. KG p\u00e5tager sig ikke noget ansvar. Informer dig venligst f\u00f8r k\u00f8b og tilslutning.<\/p>\n<div id=\"clipvideo\"><strong>Mere information:<\/strong><\/div>\n<div><a href=\"https:\/\/storeyourownpower.com\/wp-content\/uploads\/2022\/12\/Datasheet-English-microinverter.pdf\" target=\"_blank\" rel=\"noopener\">Datablad engelsk mikroinverter<\/a><\/div>\n<div><a href=\"https:\/\/storeyourownpower.com\/wp-content\/uploads\/2022\/12\/User-Manual-Deye-microinverter.pdf\" target=\"_blank\" rel=\"noopener\">Brugervejledning Deye mikroinverter<\/a><\/div>\n<\/div>\n<\/div>\n<\/div>\n<\/div>\n<\/div>\n<\/div>\n<\/div>\n<\/div>","protected":false},"excerpt":{"rendered":"<p>DEYE SUN600\/800\/1000G3-US-220\/EU-230 |600-1000W| Single Phase | 2 MPPT | Micro-Inverter | Rapid Shutdown H\u00f8jere udbytte \/ Sikker \/ Smart \/ Brugervenlig SUN 600\/800\/1000G3 er en ny generation af nettilsluttede mikroinvertere med [...]<\/p>","protected":false},"featured_media":4069,"template":"","meta":{"_seopress_robots_primary_cat":"none","_seopress_titles_title":"DEYE SUN600\/800\/1000G3-US-220\/EU-230 |600-1000W| Single Phase | 2 MPPT | Micro-Inverter | Rapid Shutdown","_seopress_titles_desc":"Get the DEYE SUN600\/800\/1000G3 microinverter for maximum efficiency and safe solar energy production. Supports rapid shutdown and smart monitoring.","_seopress_robots_index":"","_kad_blocks_custom_css":"","_kad_blocks_head_custom_js":"","_kad_blocks_body_custom_js":"","_kad_blocks_footer_custom_js":""},"product_cat":[18],"product_tag":[],"class_list":{"0":"post-4066","1":"product","2":"type-product","3":"status-publish","4":"has-post-thumbnail","6":"product_cat-hybrid-inverters","8":"first","9":"instock","10":"sale","11":"taxable","12":"shipping-taxable","13":"purchasable","14":"product-type-simple"},"taxonomy_info":{"product_cat":[{"value":18,"label":"Hybrid inverters"}]},"featured_image_src_large":["https:\/\/ownpowr.com\/wp-content\/uploads\/2023\/10\/deye-microinveretr.webp",420,420,false],"author_info":[],"comment_info":"","_links":{"self":[{"href":"https:\/\/ownpowr.com\/da\/wp-json\/wp\/v2\/product\/4066","targetHints":{"allow":["GET"]}}],"collection":[{"href":"https:\/\/ownpowr.com\/da\/wp-json\/wp\/v2\/product"}],"about":[{"href":"https:\/\/ownpowr.com\/da\/wp-json\/wp\/v2\/types\/product"}],"wp:featuredmedia":[{"embeddable":true,"href":"https:\/\/ownpowr.com\/da\/wp-json\/wp\/v2\/media\/4069"}],"wp:attachment":[{"href":"https:\/\/ownpowr.com\/da\/wp-json\/wp\/v2\/media?parent=4066"}],"wp:term":[{"taxonomy":"product_cat","embeddable":true,"href":"https:\/\/ownpowr.com\/da\/wp-json\/wp\/v2\/product_cat?post=4066"},{"taxonomy":"product_tag","embeddable":true,"href":"https:\/\/ownpowr.com\/da\/wp-json\/wp\/v2\/product_tag?post=4066"}],"curies":[{"name":"wp","href":"https:\/\/api.w.org\/{rel}","templated":true}]}}