{"id":418,"date":"2023-10-04T16:42:57","date_gmt":"2023-10-04T14:42:57","guid":{"rendered":"https:\/\/ownpowr.com\/product\/pylontech-force-h1-21-31\/"},"modified":"2025-06-03T11:10:17","modified_gmt":"2025-06-03T09:10:17","slug":"pylontech-force-h1-21-31","status":"publish","type":"product","link":"https:\/\/ownpowr.com\/da\/product\/pylontech-force-h1-21-31\/","title":{"rendered":"Pylontech Force H1 21.31 V2"},"content":{"rendered":"<p>Vi pr\u00e6senterer Pylontech Force H1 21,31 kWh h\u00f8jsp\u00e6ndingsbatterimodul:<\/p>\n<p><strong>N\u00f8glefunktioner:<\/strong><\/p>\n<ul>\n<li><strong>Batterikonfiguration:<\/strong> 6 x Force H1 3,55 kWh-moduler + 1 x BMU Force H1-base<\/li>\n<li><strong>Samlet brugbar kapacitet:<\/strong> 21,31 kWh<\/li>\n<li><strong>Vertikal industriel integration:<\/strong> Giver over 6000 cyklusser med 90% Depth of Discharge (DoD), hvilket sikrer langvarig ydeevne.<\/li>\n<li><strong>Modul\u00e6rt design:<\/strong> Giver slutkunderne mulighed for at v\u00e6lge deres \u00f8nskede kapacitet, hvilket g\u00f8r det fleksibelt at skalere.<\/li>\n<li><strong>Kompatibilitet:<\/strong> Kompatibel med de fleste tilg\u00e6ngelige hybridinvertere, hvilket sikrer problemfri integration med eksisterende systemer.<\/li>\n<li><strong>Genvejsinstallation:<\/strong> Minimerer installationstid og -omkostninger og str\u00f8mliner installationsprocessen.<\/li>\n<li><strong>Alsidigt design:<\/strong> Velegnet til b\u00e5de indend\u00f8rs og udend\u00f8rs installationer, hvilket giver fleksibilitet i placeringen.<\/li>\n<\/ul>\n<p><strong>Produktbeskrivelse:<\/strong><\/p>\n<p>Pylontech Force H1 er det nyeste HESS-batterimodul (High Energy Storage System), der er designet til at opfylde slutbrugernes skiftende behov. Det indeholder flere n\u00f8glefunktioner, der g\u00f8r det til noget s\u00e6rligt:<\/p>\n<ul>\n<li><strong>Lang levetid:<\/strong> Karakteren \"lang levetid\" sikrer systemets holdbarhed, hvilket g\u00f8r det til et p\u00e5lideligt valg til langsigtede energilagringsbehov.<\/li>\n<li><strong>H\u00f8j energi- og effektt\u00e6thed:<\/strong> Force H1 har den h\u00f8jeste energi- og effektt\u00e6thed i branchen, hvilket maksimerer energilagringskapaciteten i et kompakt design.<\/li>\n<li><strong>Nem installation:<\/strong> Systemet er designet til nem installation og udvidelse, hvilket forenkler installationsprocessen for slutbrugerne.<\/li>\n<li><strong>Skalerbarhed:<\/strong> Brugere kan starte med s\u00e5 f\u00e5 som 2 Force H1-batterimoduler og udvide med flere moduler senere, hvilket giver skalerbarhed til at im\u00f8dekomme skiftende energibehov.<\/li>\n<li><strong>Producentens garanti:<\/strong> Produktet leveres med 10 \u00e5rs producentgaranti, hvilket sikrer ro i sindet og produktp\u00e5lidelighed. Registrering er p\u00e5kr\u00e6vet for at aktivere garantien, og detaljer kan findes p\u00e5 producentens hjemmeside.<\/li>\n<\/ul>\n<p>Pylontech Force H1 er et ideelt valg til energilagringsl\u00f8sninger i boliger og erhverv. Dens alsidige design, h\u00f8je ydeevne og skalerbarhed g\u00f8r den til en v\u00e6rdifuld tilf\u00f8jelse til ethvert energistyringssystem. Uanset om det er til backup-str\u00f8m under str\u00f8mafbrydelser eller optimering af energiforbruget, leverer Force H1 en p\u00e5lidelig og effektiv energilagringsl\u00f8sning.<\/p>\n<p><a href=\"https:\/\/storeyourownpower.com\/wp-content\/uploads\/2022\/10\/Datasheet-English-2.pdf\" target=\"_blank\" rel=\"noopener\">Datablad p\u00e5 engelsk<\/a><br \/>\n<a href=\"https:\/\/storeyourownpower.com\/wp-content\/uploads\/2022\/10\/Compatibility-list-English.pdf\" target=\"_blank\" rel=\"noopener\">Kompatibilitetsliste Engelsk<\/a><br \/>\n<a href=\"https:\/\/storeyourownpower.com\/wp-content\/uploads\/2022\/10\/Operation-manual-English.pdf\" target=\"_blank\" rel=\"noopener\">Betjeningsvejledning p\u00e5 engelsk<\/a><br \/>\n<a href=\"https:\/\/storeyourownpower.com\/wp-content\/uploads\/2022\/10\/Consumer-Warranty.pdf\" target=\"_blank\" rel=\"noopener\">Forbrugergaranti<\/a><\/p>","protected":false},"excerpt":{"rendered":"<p>Vi pr\u00e6senterer Pylontech Force H1 21,31 kWh h\u00f8jsp\u00e6ndingsbatterimodul: N\u00f8glefunktioner: Batterikonfiguration: 6 x Force H1 3,55 kWh-moduler + 1 x BMU Force H1 Base I alt [...]<\/p>","protected":false},"featured_media":419,"template":"","meta":{"_seopress_robots_primary_cat":"none","_seopress_titles_title":"Pylontech Force H1 21.31kWh Battery Module - High Voltage","_seopress_titles_desc":"The latest HESS battery system with long life, highest energy density, easy installation, and compatibility with most hybrid inverters.","_seopress_robots_index":"","_kad_blocks_custom_css":"","_kad_blocks_head_custom_js":"","_kad_blocks_body_custom_js":"","_kad_blocks_footer_custom_js":""},"product_cat":[17],"product_tag":[],"class_list":{"0":"post-418","1":"product","2":"type-product","3":"status-publish","4":"has-post-thumbnail","6":"product_cat-home-batteries","8":"first","9":"instock","10":"sale","11":"taxable","12":"shipping-taxable","13":"purchasable","14":"product-type-simple"},"taxonomy_info":{"product_cat":[{"value":17,"label":"Home batteries"}]},"featured_image_src_large":["https:\/\/ownpowr.com\/wp-content\/uploads\/2022\/11\/Pylontech-Force-H1-10501-img-1.jpg",553,371,false],"author_info":[],"comment_info":"","_links":{"self":[{"href":"https:\/\/ownpowr.com\/da\/wp-json\/wp\/v2\/product\/418","targetHints":{"allow":["GET"]}}],"collection":[{"href":"https:\/\/ownpowr.com\/da\/wp-json\/wp\/v2\/product"}],"about":[{"href":"https:\/\/ownpowr.com\/da\/wp-json\/wp\/v2\/types\/product"}],"wp:featuredmedia":[{"embeddable":true,"href":"https:\/\/ownpowr.com\/da\/wp-json\/wp\/v2\/media\/419"}],"wp:attachment":[{"href":"https:\/\/ownpowr.com\/da\/wp-json\/wp\/v2\/media?parent=418"}],"wp:term":[{"taxonomy":"product_cat","embeddable":true,"href":"https:\/\/ownpowr.com\/da\/wp-json\/wp\/v2\/product_cat?post=418"},{"taxonomy":"product_tag","embeddable":true,"href":"https:\/\/ownpowr.com\/da\/wp-json\/wp\/v2\/product_tag?post=418"}],"curies":[{"name":"wp","href":"https:\/\/api.w.org\/{rel}","templated":true}]}}