{"id":429,"date":"2023-10-04T16:42:58","date_gmt":"2023-10-04T14:42:58","guid":{"rendered":"https:\/\/ownpowr.com\/product\/pylontech-force-h1-3-55kwh-battery\/"},"modified":"2025-03-27T12:51:37","modified_gmt":"2025-03-27T10:51:37","slug":"pylontech-force-h1-3-55kwh-battery","status":"publish","type":"product","link":"https:\/\/ownpowr.com\/da\/product\/pylontech-force-h1-3-55kwh-batteri\/","title":{"rendered":"Pylontech force H1 3.55kWh batteri V2"},"content":{"rendered":"<h3>Pylontech Force H1 3.55kWh batterimodul - h\u00f8jsp\u00e6nding<\/h3>\n<p>Force H1 er det nyeste HESS-batterisystem fra Pylontech. Den \"lange levetid\", den h\u00f8jeste energi- og effektt\u00e6thed i branchen, det moderigtige design, den nemme installation og udvidelse afspejler alle de reelle krav fra slutbrugerne og Pylontech's st\u00e6rkeste tekniske kapacitet.<\/p>\n<p>Pylontech Force H1 3,55 kWh batterimodul til at samle 1 Force H1 stak fra 2 til 7 Force H1 batterimoduler i serie for at opn\u00e5 en brugbar kapacitet p\u00e5 7,1 til 24,86 kWh. Mulighed for at opskalere ved at tilf\u00f8je Force H1-moduler senere<\/p>\n<p>\u2714 Vertikal industriel integration giver over 6000 cyklusser med 90% DoD<\/p>\n<p>\u2714 Modul\u00e6rt design giver slutkunder mulighed for at v\u00e6lge kapacitet<\/p>\n<p>\u2714 Kompatibel med de fleste tilg\u00e6ngelige hybridomformere<\/p>\n<p>\u2714 Hurtig frakobling minimerer installationstid og -omkostninger<\/p>\n<p>\u2714 Flot design - passer til b\u00e5de indend\u00f8rs og udend\u00f8rs installation<\/p>\n<p>*10 \u00e5rs producentgaranti efter vellykket registrering p\u00e5 <a href=\"http:\/\/en.pylontech.com.cn\/service\/support\">http:\/\/en.pylontech.com.cn\/service\/support<\/a> og i henhold til de betingelser, der er angivet i dokumentet \"Begr\u00e6nset garanti\", der er knyttet til denne vare.<\/p>\n<p><a href=\"https:\/\/storeyourownpower.com\/wp-content\/uploads\/2022\/10\/Datasheet-English-2.pdf\" target=\"_blank\" rel=\"noopener\">Datablad p\u00e5 engelsk<\/a><br \/>\n<a href=\"https:\/\/storeyourownpower.com\/wp-content\/uploads\/2022\/10\/Compatibility-list-English.pdf\" target=\"_blank\" rel=\"noopener\">Kompatibilitetsliste Engelsk<\/a><br \/>\n<a href=\"https:\/\/storeyourownpower.com\/wp-content\/uploads\/2022\/10\/Operation-manual-English.pdf\" target=\"_blank\" rel=\"noopener\">Betjeningsvejledning p\u00e5 engelsk<\/a><br \/>\n<a href=\"https:\/\/storeyourownpower.com\/wp-content\/uploads\/2022\/10\/Consumer-Warranty.pdf\" target=\"_blank\" rel=\"noopener\">Forbrugergaranti<\/a><\/p>","protected":false},"excerpt":{"rendered":"<p>Pylontech Force H1 3.55kWh batterimodul - h\u00f8jsp\u00e6nding Force H1 er det nyeste HESS-batterisystem leveret af Pylontech. Den \"lange levetid\", den h\u00f8jeste energi og effekt [...].<\/p>","protected":false},"featured_media":430,"template":"","meta":{"_seopress_robots_primary_cat":"none","_seopress_titles_title":"Pylontech Force H1 3.55kWh Battery Module - High Voltage","_seopress_titles_desc":"The latest HESS battery system with industry-leading features. Easily expandable, high energy density, and compatible with most hybrid inverters. 10-year warranty.","_seopress_robots_index":"","_kad_blocks_custom_css":"","_kad_blocks_head_custom_js":"","_kad_blocks_body_custom_js":"","_kad_blocks_footer_custom_js":""},"product_cat":[17],"product_tag":[],"class_list":{"0":"post-429","1":"product","2":"type-product","3":"status-publish","4":"has-post-thumbnail","6":"product_cat-home-batteries","8":"first","9":"instock","10":"sale","11":"taxable","12":"shipping-taxable","13":"purchasable","14":"product-type-simple"},"taxonomy_info":{"product_cat":[{"value":17,"label":"Home batteries"}]},"featured_image_src_large":["https:\/\/ownpowr.com\/wp-content\/uploads\/2022\/11\/Pylontech-Force-H1-3.55kWh-Battery-Module-10484-img.png",553,347,false],"author_info":[],"comment_info":"","_links":{"self":[{"href":"https:\/\/ownpowr.com\/da\/wp-json\/wp\/v2\/product\/429","targetHints":{"allow":["GET"]}}],"collection":[{"href":"https:\/\/ownpowr.com\/da\/wp-json\/wp\/v2\/product"}],"about":[{"href":"https:\/\/ownpowr.com\/da\/wp-json\/wp\/v2\/types\/product"}],"wp:featuredmedia":[{"embeddable":true,"href":"https:\/\/ownpowr.com\/da\/wp-json\/wp\/v2\/media\/430"}],"wp:attachment":[{"href":"https:\/\/ownpowr.com\/da\/wp-json\/wp\/v2\/media?parent=429"}],"wp:term":[{"taxonomy":"product_cat","embeddable":true,"href":"https:\/\/ownpowr.com\/da\/wp-json\/wp\/v2\/product_cat?post=429"},{"taxonomy":"product_tag","embeddable":true,"href":"https:\/\/ownpowr.com\/da\/wp-json\/wp\/v2\/product_tag?post=429"}],"curies":[{"name":"wp","href":"https:\/\/api.w.org\/{rel}","templated":true}]}}