{"id":4519,"date":"2023-11-01T11:34:21","date_gmt":"2023-11-01T09:34:21","guid":{"rendered":"https:\/\/ownpowr.com\/?post_type=product&#038;p=4519"},"modified":"2025-03-20T16:15:10","modified_gmt":"2025-03-20T14:15:10","slug":"deye-gb-lm4-0-battery-module","status":"publish","type":"product","link":"https:\/\/ownpowr.com\/da\/product\/deye-gb-lm4-0-batterimodul\/","title":{"rendered":"Deye GB-LM4.0 batterimodul"},"content":{"rendered":"<p>Deye GB-LM4.0 h\u00f8jsp\u00e6ndingsbatterimodulet kan stables (se datablad) p\u00e5 GB-SL og GB-L deye-serien.<\/p>\n<p>GB-LM4.0 Batterimodul til klyngens h\u00f8jsp\u00e6ndingsbatteri GB-L 4kWh (HV) LiFePO4 | 40ah solbatteri<br \/>\n<strong>Sikkerhed og tryghed<\/strong><br \/>\nIndbygget eksplosionsudluftningsanordning til at udlede gas og indbygget brandbeskyttelsesanordning til at slukke for brandkilden i 3 sekunder<br \/>\n<strong>H\u00f8jsp\u00e6ndingsstabel<\/strong><br \/>\nModulerne forbindes i serie uden kabelforbindelse, og h\u00f8jsp\u00e6ndingsplatformen forbedrer systemets effektivitet.<br \/>\n<strong>Termisk styring<\/strong><br \/>\nTemperaturregistrering af vigtige dele, celler, str\u00f8mstik osv.<br \/>\n<strong>Drift i et bredt temperaturomr\u00e5de<\/strong><br \/>\nOpvarmningsfunktionen er valgfri for at im\u00f8dekomme anvendelsesscenarier med lav temperatur og nosense.<br \/>\n<strong>Milj\u00f8venlighed<\/strong><br \/>\nIP-beskyttelsesklasse 65, korrosionsbeskyttelsesklasse \u2265C2, milj\u00f8beskyttelsesbatteri<br \/>\n<strong>Intelligent og visuel<\/strong><br \/>\nUnderst\u00f8tter fjernopgradering, batteriadvarselsinformation i realtid og LCD-datavisning.<\/p>\n<p>Generel information:<\/p>\n<p>Batteritype: LiFePO4(LFP)<br \/>\nNominel sp\u00e6nding: 102,4 Vdc<br \/>\nNominel kapacitet: 40Ah<br \/>\nNominel energi: 4,09 kWh<br \/>\nMax. Opladnings-\/afladningsstr\u00f8m: 40A<br \/>\nMaksimal opladnings-\/afladningsstr\u00f8m: 50A<br \/>\nOpladningstemperatur: 0~55\u00b0C<br \/>\nUdledningstemperatur: -20\u00b0C~55\u00b0C<br \/>\nOpbevaringstemperatur: 0\u00b0C~35\u00b0C<br \/>\nBeskyttelse mod indtr\u00e6ngen: IP65<br \/>\nDimension (B\/D\/H): 540*385*220mm<br \/>\nOmtrentlig v\u00e6gt: 39 kg<\/p>\n<p><a href=\"https:\/\/ownpowr.com\/wp-content\/uploads\/2023\/11\/datasheet-gb-sl-eu.pdf\" target=\"_blank\" rel=\"noopener\">Datablad GB-SL-EU<\/a><\/p>\n<p>&nbsp;<\/p>","protected":false},"excerpt":{"rendered":"<p>Deye GB-LM4.0 h\u00f8jsp\u00e6ndingsbatterimodul kan stables (se datablad) p\u00e5 GB-SL og GB-L deye-serien. GB-LM4.0 Batterimodul til klyngens h\u00f8jsp\u00e6ndingsbatteri GB-L 4kWh (HV) LiFePO4 [...]<\/p>","protected":false},"featured_media":4528,"template":"","meta":{"_seopress_robots_primary_cat":"none","_seopress_titles_title":"Deye GB-LM4.0 High Voltage, Stackable LiFePO4 Battery Module","_seopress_titles_desc":"Discover the stackable high-voltage GB-LM4.0 battery module by Deye featuring LiFePO4(LFP) type, 102.4Vdc voltage, 40Ah capacity, and 4.09kWh energy.","_seopress_robots_index":"","_kad_blocks_custom_css":"","_kad_blocks_head_custom_js":"","_kad_blocks_body_custom_js":"","_kad_blocks_footer_custom_js":""},"product_cat":[17],"product_tag":[],"class_list":{"0":"post-4519","1":"product","2":"type-product","3":"status-publish","4":"has-post-thumbnail","6":"product_cat-home-batteries","8":"first","9":"instock","10":"sale","11":"taxable","12":"shipping-taxable","13":"purchasable","14":"product-type-simple"},"taxonomy_info":{"product_cat":[{"value":17,"label":"Home batteries"}]},"featured_image_src_large":["https:\/\/ownpowr.com\/wp-content\/uploads\/2023\/11\/gb-lm4.0.jpg",550,322,false],"author_info":[],"comment_info":"","_links":{"self":[{"href":"https:\/\/ownpowr.com\/da\/wp-json\/wp\/v2\/product\/4519","targetHints":{"allow":["GET"]}}],"collection":[{"href":"https:\/\/ownpowr.com\/da\/wp-json\/wp\/v2\/product"}],"about":[{"href":"https:\/\/ownpowr.com\/da\/wp-json\/wp\/v2\/types\/product"}],"wp:featuredmedia":[{"embeddable":true,"href":"https:\/\/ownpowr.com\/da\/wp-json\/wp\/v2\/media\/4528"}],"wp:attachment":[{"href":"https:\/\/ownpowr.com\/da\/wp-json\/wp\/v2\/media?parent=4519"}],"wp:term":[{"taxonomy":"product_cat","embeddable":true,"href":"https:\/\/ownpowr.com\/da\/wp-json\/wp\/v2\/product_cat?post=4519"},{"taxonomy":"product_tag","embeddable":true,"href":"https:\/\/ownpowr.com\/da\/wp-json\/wp\/v2\/product_tag?post=4519"}],"curies":[{"name":"wp","href":"https:\/\/api.w.org\/{rel}","templated":true}]}}