{"id":4738,"date":"2023-12-15T10:29:33","date_gmt":"2023-12-15T08:29:33","guid":{"rendered":"https:\/\/ownpowr.com\/?post_type=product&#038;p=4738"},"modified":"2024-10-16T15:47:54","modified_gmt":"2024-10-16T13:47:54","slug":"deye-gb-sl-12k-hybrid-inverter-and-8-18kwh-gb-lm4-0-battery-module","status":"publish","type":"product","link":"https:\/\/ownpowr.com\/da\/product\/deye-gb-sl-12k-hybrid-inverter-og-8-18kwh-gb-lm4-0-batterimodul\/","title":{"rendered":"Deye GB-SL 12K hybrid inverter+8.18kWh GB-LM4.0 batterimodul"},"content":{"rendered":"<p>Deye GB-SL 12K hybrid inverter og 8,18 kWh GB-LM4.0 batterimodul er et alt i \u00e9t s\u00e6t.<\/p>\n<p>S\u00e6ttet indeholder:<br \/>\n1 x GB-S12K<br \/>\n2 x GB-LM4.0<br \/>\n1 x GB-LB<br \/>\n1 x GB-LBase<\/p>\n<p>GB-SL(HV)<br \/>\nALT I ET<br \/>\nIntegreret design, smukt udseende og sceneintegration<br \/>\nMaksimalt output :100% ubalanceret output, hver fase; Maks. output op til 50% nominel effekt<br \/>\nMaksimal tilslutning :Max. 10 stk. parallelt til on grid- og off grid-drift<br \/>\nMere st\u00f8tte: St\u00f8tte til lagring af energi fra dieselgenerator<br \/>\nH\u00f8jsp\u00e6ndingsstabel: Moduler serieforbindes uden kabelforbindelse, og h\u00f8jsp\u00e6ndingsplatformen forbedrer systemets effektivitet.<br \/>\nTermisk styring: Temperaturregistrering af n\u00f8gledele, celle, str\u00f8mstik osv.<br \/>\nBred temperaturdrift: Opvarmningsfunktionen er valgfri for at im\u00f8dekomme anvendelsesscenarier med lav temperatur og ingen f\u00f8lelse<\/p>\n<p><a href=\"https:\/\/ownpowr.com\/wp-content\/uploads\/2023\/11\/datasheet-gb-sl-eu.pdf\" target=\"_blank\" rel=\"noopener\">Datablad GB-SL-EU<\/a><\/p>","protected":false},"excerpt":{"rendered":"<p>Deye GB-SL 12K hybrid inverter og 8,18 kWh GB-LM4.0 batterimodul er et alt i \u00e9t-s\u00e6t. S\u00e6ttet indeholder: 1 x GB-S12K 2 x GB-LM4.0 1 x GB-LB 1 [...]<\/p>","protected":false},"featured_media":4742,"template":"","meta":{"_seopress_robots_primary_cat":"none","_seopress_titles_title":"Deye GB-SL 12K hybrid inverter and 8.18kWh GB-LM4.0 Battery","_seopress_titles_desc":"Maximize output with the Deye GB-SL 12K hybrid inverter & 8.18 kWh GB-LM4.0 battery module. Supports energy storage from a diesel generator. Improved efficiency!","_seopress_robots_index":"","_kad_blocks_custom_css":"","_kad_blocks_head_custom_js":"","_kad_blocks_body_custom_js":"","_kad_blocks_footer_custom_js":""},"product_cat":[17,19],"product_tag":[],"class_list":{"0":"post-4738","1":"product","2":"type-product","3":"status-publish","4":"has-post-thumbnail","6":"product_cat-home-batteries","7":"product_cat-sets-with-inverters","9":"first","10":"instock","11":"sale","12":"taxable","13":"shipping-taxable","14":"purchasable","15":"product-type-simple"},"taxonomy_info":{"product_cat":[{"value":17,"label":"Home batteries"},{"value":19,"label":"Sets with inverters"}]},"featured_image_src_large":["https:\/\/ownpowr.com\/wp-content\/uploads\/2023\/11\/image-4-1.png",300,300,false],"author_info":[],"comment_info":"","_links":{"self":[{"href":"https:\/\/ownpowr.com\/da\/wp-json\/wp\/v2\/product\/4738","targetHints":{"allow":["GET"]}}],"collection":[{"href":"https:\/\/ownpowr.com\/da\/wp-json\/wp\/v2\/product"}],"about":[{"href":"https:\/\/ownpowr.com\/da\/wp-json\/wp\/v2\/types\/product"}],"wp:featuredmedia":[{"embeddable":true,"href":"https:\/\/ownpowr.com\/da\/wp-json\/wp\/v2\/media\/4742"}],"wp:attachment":[{"href":"https:\/\/ownpowr.com\/da\/wp-json\/wp\/v2\/media?parent=4738"}],"wp:term":[{"taxonomy":"product_cat","embeddable":true,"href":"https:\/\/ownpowr.com\/da\/wp-json\/wp\/v2\/product_cat?post=4738"},{"taxonomy":"product_tag","embeddable":true,"href":"https:\/\/ownpowr.com\/da\/wp-json\/wp\/v2\/product_tag?post=4738"}],"curies":[{"name":"wp","href":"https:\/\/api.w.org\/{rel}","templated":true}]}}