{"id":48386,"date":"2024-03-29T11:33:07","date_gmt":"2024-03-29T09:33:07","guid":{"rendered":"https:\/\/ownpowr.com\/?post_type=product&#038;p=48386"},"modified":"2025-01-31T10:47:14","modified_gmt":"2025-01-31T08:47:14","slug":"blauhoff-home-6k-11-4-kwh-3-fase-systeem-slim-line-ip65","status":"publish","type":"product","link":"https:\/\/ownpowr.com\/da\/product\/blauhoff-home-6k-11-4-kwh-3-fase-system-slim-line-ip65\/","title":{"rendered":"Blauhoff Home 6K\/11,4 kWh 3-faset system Slim Line IP65"},"content":{"rendered":"<p>Blauhoff Home 6K\/11,4kWh 3-faset system Slim Line IP65 17 cm tynd Udend\u00f8rs\/indend\u00f8rs!<\/p>\n<p>Det superslanke Blauhoff Home 6K\/11kWh 3 Phase System fra det anerkendte m\u00e6rke Blauhoff er en p\u00e5lidelig og effektiv l\u00f8sning til energilagring i husholdninger med et mellemstort forbrug. Med dette kraftfulde system kan du optimere energieffektiviteten i dit hjem, reducere din afh\u00e6ngighed af elnettet og drage fordel af n\u00f8dstr\u00f8msforsyning i tilf\u00e6lde af str\u00f8mafbrydelser. Desuden leveres dette system med gratis montering, hvilket sikrer en problemfri installation.<\/p>\n<p>Inverteren har en l\u00e6ngde p\u00e5 780 mm og en v\u00e6gt p\u00e5 33,6 kg. Et ekstra 300 mm kabel mellem inverteren og batteriet giver dig mulighed for at bestemme den optimale placering for dit system, hvilket sikrer effektiv energioverf\u00f8rsel og minimalt energitab.<\/p>\n<p>Batterisystemet Blauhoff er holdbart og ultrakompakt og fladt med m\u00e5lene 670 mm x 900 mm x 170 mm og en v\u00e6gt p\u00e5 90 kg. Batteriet har en kapacitet p\u00e5 11 kWh, s\u00e5 du kan opbevare overskydende energi, der genereres af dine solpaneler eller andre energikilder. P\u00e5 tidspunkter, hvor der ikke er nogen energiproduktion, kan du bruge den lagrede energi til at d\u00e6kke dit energiforbrug, reducere din afh\u00e6ngighed af nettet og yderligere reducere dine energiomkostninger. Alt dette sker automatisk i forbindelse med en dynamisk energiaftale. Om vinteren kan du s\u00e5 udnytte billig str\u00f8m om natten og bruge den hele dagen, og om sommeren kan du bruge gratis opladning om eftermiddagen og bruge den om aftenen og oplade bilen med den om morgenen eller om natten.<\/p>\n<p>Home 6K\/11kWh 3 Phase System anbefales til husholdninger med et gennemsnitligt \u00e5rligt forbrug p\u00e5 ca. 3000 kWh. Med en effekt p\u00e5 6 kW kan du d\u00e6kke en betydelig del af dit energibehov ved hj\u00e6lp af den solenergi, der genereres, og den energi, der lagres i batteriet. Derudover leverer dette system n\u00f8dstr\u00f8m, s\u00e5 vigtige enheder kan forts\u00e6tte med at fungere under str\u00f8mafbrydelser, og dine daglige rutiner kan forts\u00e6tte uafbrudt.<\/p>\n<p>Blauhoff Home 6K\/11kWh 3 Phase System Slim Line er designet med fleksibilitet for \u00f8je. Det har en generator\/vindm\u00f8lleport, som giver dig mulighed for at tilf\u00f8je yderligere str\u00f8mkilder og \u00f8ge din energiuafh\u00e6ngighed yderligere. Med en minimumstilslutning p\u00e5 3x25A og egnet til 3-fasede konfigurationer er dette system kompatibelt med de fleste husholdningers elnet.<\/p>\n<p>Med gratis montering kan du stole p\u00e5 professionel installation, der sikrer, at dit system fungerer optimalt fra f\u00f8rste \u00f8jeblik, og at du kan nyde en bekymringsfri oplevelse.<\/p>\n<p>Skift til en mere effektiv og b\u00e6redygtig energiforsyning med Blauhoff Home 6K\/11kWh 3-faset system. Med kraftfuld energilagring, backup-str\u00f8m og fleksibilitet i energikilderne kan du stole p\u00e5 en p\u00e5lidelig str\u00f8mforsyning, opn\u00e5 omkostningsbesparelser og reducere dit CO2-fodaftryk. V\u00e6lg Blauhoff, og forbered dit hjem p\u00e5 fremtidens energibehov.<\/p>\n<p>&nbsp;<\/p>\n<p><a href=\"https:\/\/blauhoff.nl\/wp-content\/uploads\/2024\/02\/Datasheet-Blauhoff-RESS-HV-Slim-Line.pdf\" target=\"_blank\" rel=\"noopener\">Datablad Blauhoff RESS HV Slim Line<\/a><\/p>\n<p>&nbsp;<\/p>\n<p>&nbsp;<\/p>","protected":false},"excerpt":{"rendered":"<p>Blauhoff Home 6K\/11.4kWh 3-faset system Slim Line IP65 17 cm tynd udend\u00f8rs\/indend\u00f8rs! Det superslanke Blauhoff Home 6K\/11kWh 3-fasede system fra det anerkendte m\u00e6rke Blauhoff tilbyder en [...]<\/p>","protected":false},"featured_media":48389,"template":"","meta":{"_seopress_robots_primary_cat":"none","_seopress_titles_title":"Blauhoff Home 6K\/11kWh 3 Phase Slim line","_seopress_titles_desc":"Ease your energy concerns with Blauhoff Home 6K\/11.4kWh 3 Phase System. Amplify your home efficiency, cut costs and boost reliability. Enjoy free assembly for effortless installation.","_seopress_robots_index":"","_kad_blocks_custom_css":"","_kad_blocks_head_custom_js":"","_kad_blocks_body_custom_js":"","_kad_blocks_footer_custom_js":""},"product_cat":[17,19],"product_tag":[],"class_list":{"0":"post-48386","1":"product","2":"type-product","3":"status-publish","4":"has-post-thumbnail","6":"product_cat-home-batteries","7":"product_cat-sets-with-inverters","9":"first","10":"instock","11":"taxable","12":"shipping-taxable","13":"purchasable","14":"product-type-simple"},"taxonomy_info":{"product_cat":[{"value":17,"label":"Home batteries"},{"value":19,"label":"Sets with inverters"}]},"featured_image_src_large":["https:\/\/ownpowr.com\/wp-content\/uploads\/2024\/03\/3-phase-6k-battery-11kwh-480x480-1.png",480,480,false],"author_info":[],"comment_info":"","_links":{"self":[{"href":"https:\/\/ownpowr.com\/da\/wp-json\/wp\/v2\/product\/48386","targetHints":{"allow":["GET"]}}],"collection":[{"href":"https:\/\/ownpowr.com\/da\/wp-json\/wp\/v2\/product"}],"about":[{"href":"https:\/\/ownpowr.com\/da\/wp-json\/wp\/v2\/types\/product"}],"wp:featuredmedia":[{"embeddable":true,"href":"https:\/\/ownpowr.com\/da\/wp-json\/wp\/v2\/media\/48389"}],"wp:attachment":[{"href":"https:\/\/ownpowr.com\/da\/wp-json\/wp\/v2\/media?parent=48386"}],"wp:term":[{"taxonomy":"product_cat","embeddable":true,"href":"https:\/\/ownpowr.com\/da\/wp-json\/wp\/v2\/product_cat?post=48386"},{"taxonomy":"product_tag","embeddable":true,"href":"https:\/\/ownpowr.com\/da\/wp-json\/wp\/v2\/product_tag?post=48386"}],"curies":[{"name":"wp","href":"https:\/\/api.w.org\/{rel}","templated":true}]}}