{"id":48427,"date":"2024-03-29T14:22:35","date_gmt":"2024-03-29T12:22:35","guid":{"rendered":"https:\/\/ownpowr.com\/?post_type=product&#038;p=48427"},"modified":"2025-01-31T10:27:39","modified_gmt":"2025-01-31T08:27:39","slug":"blauhoff-home-12k-19-kwh-3-fase-systeem-slim-line-ip65","status":"publish","type":"product","link":"https:\/\/ownpowr.com\/da\/product\/blauhoff-home-12k-19-kwh-3-fase-system-slim-line-ip65\/","title":{"rendered":"Blauhoff Home 12K\/19 kWh 3-faset system Slim Line IP65"},"content":{"rendered":"<p>Blauhoff Home 12K\/19kWh 3-faset system Slim Line IP65 17 cm tynd Udend\u00f8rs\/indend\u00f8rs!<br \/>\nDet superslanke Blauhoff Home 12K\/19kWh 3-fasede system fra det anerkendte Blauhoff-brand tilbyder en p\u00e5lidelig og effektiv energilagringsl\u00f8sning til husstande med mellemstort forbrug.<br \/>\nMed dette kraftfulde system kan du optimere energieffektiviteten i dit hjem, reducere din afh\u00e6ngighed af elnettet og drage fordel af n\u00f8dstr\u00f8msforsyning i tilf\u00e6lde af str\u00f8mafbrydelser.<br \/>\nDesuden leveres dette system med gratis montering, hvilket sikrer en problemfri installation.<br \/>\nKommunikerer med dynamisk str\u00f8m efter behov uden abonnement og altid frit valg af energileverand\u00f8r!<br \/>\nInverteren har en l\u00e6ngde p\u00e5 780 mm og en v\u00e6gt p\u00e5 33,6 kg. 300 mm ekstra kabel mellem inverteren og batteriet giver dig mulighed for at bestemme den optimale placering for dit system, hvilket sikrer effektiv energioverf\u00f8rsel og minimalt energitab.<br \/>\nBatterisystemet Blauhoff er holdbart og ultrakompakt og fladt med m\u00e5lene 670 mm x 900 mm x 170 mm og en v\u00e6gt p\u00e5 150 kg. Batteriet har en kapacitet p\u00e5 19 kWh, s\u00e5 du kan lagre overskydende energi, der genereres af dine solpaneler eller andre energikilder. P\u00e5 tidspunkter, hvor der ikke er nogen energiproduktion, kan du bruge den lagrede energi til at d\u00e6kke dit energiforbrug, reducere din afh\u00e6ngighed af elnettet og reducere dine energiomkostninger yderligere.Alt dette sker automatisk i forbindelse med den nuv\u00e6rende dynamiske energiaftale, s\u00e5 du kan drage fordel af billig str\u00f8m om natten om vinteren og bruge den hele dagen, og om sommeren kan du bruge gratis opladning om eftermiddagen og bruge den om aftenen og oplade bilen med den om morgenen eller om natten.<br \/>\nHome 12K\/19kWh 3 Phase System anbefales til husholdninger med et gennemsnitligt \u00e5rligt forbrug p\u00e5 ca. 7300 kWh. Med en effekt p\u00e5 12 kW kan du d\u00e6kke en betydelig del af dit energibehov ved hj\u00e6lp af den genererede solenergi og den energi, der er lagret i batteriet. Derudover leverer dette system n\u00f8dstr\u00f8m, s\u00e5 vigtige enheder forts\u00e6tter med at fungere under str\u00f8mafbrydelser, og dine daglige rutiner kan forts\u00e6tte uafbrudt.<br \/>\nBlauhoff Home 12K\/19kWh 3 Phase System Slim Line er designet med fleksibilitet for \u00f8je og har en generator-\/vindm\u00f8lleport, som giver dig mulighed for at tilf\u00f8je yderligere str\u00f8mkilder og \u00f8ge din energiuafh\u00e6ngighed yderligere. Med en minimumstilslutning p\u00e5 3x25A og egnet til 3-fasede konfigurationer er dette system kompatibelt med de fleste husholdningsstr\u00f8mnet.<br \/>\nMed gratis montering kan du stole p\u00e5 professionel installation, der sikrer, at dit system fungerer optimalt fra f\u00f8rste \u00f8jeblik, og at du kan nyde en bekymringsfri oplevelse.<br \/>\nSkift til en mere effektiv og b\u00e6redygtig energiforsyning med Blauhoff Home 12K\/19kWh 3-faset system. Med kraftfuld energilagring, backup-str\u00f8m og fleksibilitet i energikilderne kan du stole p\u00e5 en p\u00e5lidelig str\u00f8mforsyning, opn\u00e5 omkostningsbesparelser og reducere dit CO2-fodaftryk. V\u00e6lg Blauhoff, og forbered dit hjem p\u00e5 fremtidens energibehov.<\/p>\n<p><a href=\"https:\/\/blauhoff.nl\/wp-content\/uploads\/2024\/02\/Datasheet-Blauhoff-RESS-HV-Slim-Line.pdf\" target=\"_blank\" rel=\"noopener\">Datablad Blauhoff RESS HV Slim Line<\/a><\/p>\n<p>&nbsp;<\/p>","protected":false},"excerpt":{"rendered":"<p>Blauhoff Home 12K\/19kWh 3-faset system Slim Line IP65 17 cm tynd udend\u00f8rs\/indend\u00f8rs! Det superslanke Blauhoff Home 12K\/19kWh 3-fasede system fra det anerkendte Blauhoff-m\u00e6rke tilbyder en [...]<\/p>","protected":false},"featured_media":48430,"template":"","meta":{"_seopress_robots_primary_cat":"none","_seopress_titles_title":"Maximize Home Energy Efficiency with Blauhoff Slim Line System","_seopress_titles_desc":"Discover Blauhoff slim line home energy system. Efficient, reliable and convenient with free assembly. Optimize your power usage and lessen grid dependence.","_seopress_robots_index":"","_kad_blocks_custom_css":"","_kad_blocks_head_custom_js":"","_kad_blocks_body_custom_js":"","_kad_blocks_footer_custom_js":""},"product_cat":[17,19],"product_tag":[],"class_list":{"0":"post-48427","1":"product","2":"type-product","3":"status-publish","4":"has-post-thumbnail","6":"product_cat-home-batteries","7":"product_cat-sets-with-inverters","9":"first","10":"instock","11":"taxable","12":"shipping-taxable","13":"purchasable","14":"product-type-simple"},"taxonomy_info":{"product_cat":[{"value":17,"label":"Home batteries"},{"value":19,"label":"Sets with inverters"}]},"featured_image_src_large":["https:\/\/ownpowr.com\/wp-content\/uploads\/2024\/03\/3-phase-12k-battery-19kwh-1-480x480-1.png",480,480,false],"author_info":[],"comment_info":"","_links":{"self":[{"href":"https:\/\/ownpowr.com\/da\/wp-json\/wp\/v2\/product\/48427","targetHints":{"allow":["GET"]}}],"collection":[{"href":"https:\/\/ownpowr.com\/da\/wp-json\/wp\/v2\/product"}],"about":[{"href":"https:\/\/ownpowr.com\/da\/wp-json\/wp\/v2\/types\/product"}],"wp:featuredmedia":[{"embeddable":true,"href":"https:\/\/ownpowr.com\/da\/wp-json\/wp\/v2\/media\/48430"}],"wp:attachment":[{"href":"https:\/\/ownpowr.com\/da\/wp-json\/wp\/v2\/media?parent=48427"}],"wp:term":[{"taxonomy":"product_cat","embeddable":true,"href":"https:\/\/ownpowr.com\/da\/wp-json\/wp\/v2\/product_cat?post=48427"},{"taxonomy":"product_tag","embeddable":true,"href":"https:\/\/ownpowr.com\/da\/wp-json\/wp\/v2\/product_tag?post=48427"}],"curies":[{"name":"wp","href":"https:\/\/api.w.org\/{rel}","templated":true}]}}