{"id":506,"date":"2023-10-04T16:37:56","date_gmt":"2023-10-04T14:37:56","guid":{"rendered":"https:\/\/ownpowr.com\/product\/growatt-1ph-hybrid-inverter-sph6000\/"},"modified":"2025-03-27T13:31:36","modified_gmt":"2025-03-27T11:31:36","slug":"growatt-1ph-hybrid-inverter-sph6000","status":"publish","type":"product","link":"https:\/\/ownpowr.com\/da\/product\/growatt-1ph-hybrid-inverter-sph6000\/","title":{"rendered":"Growatt 1PH hybrid inverter SPH6000 ikke til Tyskland"},"content":{"rendered":"<p>Growatt SPH6000 Hybrid inverter er kompatibel med PV-systemer op til 4000Wp. Hybrid inverteren er beregnet til lagring af str\u00f8m i batterier. Batterierne kan bestilles separat og leveres ikke som standard. Med dette praktiske system er solcelleanl\u00e6gget ikke afh\u00e6ngigt af elnettet og kan klare sig selv. Systemet kan fungere uden batteri, og det er muligt at tilslutte det til elnettet.<\/p>\n<p>Batteriomformeren indeholder 2 MPPT, s\u00e5 der i alt kan tilsluttes 2 strenge.<\/p>\n<p><strong>Lydl\u00f8s inverter<\/strong><br \/>\nGrowatt SPH6000 inverteren indeholder ingen ventilator og transformer, hvilket g\u00f8r den meget lydl\u00f8s. Det g\u00f8r hybridinverteren perfekt til private installationer. Inverteren bruger naturlig k\u00f8ling, hvilket giver den en ekstra lang levetid.<\/p>\n<p><strong>Udbytte<\/strong><br \/>\nSPH6000 har en maksimal virkningsgrad p\u00e5 97,5% Dette g\u00f8r det muligt for inverteren at opn\u00e5 maksimalt energiudbytte. Inverteren er en af de bedst s\u00e6lgende invertere p\u00e5 verdensplan.<\/p>\n<p><strong>Growatt online service<\/strong><br \/>\nInverteren har stabile overv\u00e5gningsmuligheder som LAN, WiFi eller en kombination af RF\/UTP (Shinelink). Growatt tilbyder en smart onlinetjeneste til at l\u00f8se tekniske problemer og foretage opdateringer p\u00e5 afstand. Det forbedrer inverterens brugervenlighed og effektivitet. Disse funktioner og tjenester g\u00f8r inverteren til et bedre valg til dit solcellesystem.<\/p>\n<p><a href=\"https:\/\/storeyourownpower.com\/wp-content\/uploads\/2022\/11\/Datasheet-Growatt-SPH6000.pdf\" target=\"_blank\" rel=\"noopener\">Datablad Growatt SPH6000<\/a><\/p>","protected":false},"excerpt":{"rendered":"<p>Growatt SPH6000 Hybrid inverter er kompatibel med PV-systemer op til 4000Wp. Hybrid-inverteren er beregnet til lagring af str\u00f8m i batterier. Batterierne kan bestilles separat og [...]<\/p>","protected":false},"featured_media":507,"template":"","meta":{"_seopress_robots_primary_cat":"none","_seopress_titles_title":"Growatt SPH6000 Hybrid Inverter: Efficient and Silent with Battery Compatibility","_seopress_titles_desc":"Maximize your energy yield with this silent, efficient inverter. Connect to the grid or store power in batteries for a self-sufficient system. Enjoy reliable monitoring and remote updates with Growatt's online service.","_seopress_robots_index":"","_kad_blocks_custom_css":"","_kad_blocks_head_custom_js":"","_kad_blocks_body_custom_js":"","_kad_blocks_footer_custom_js":""},"product_cat":[18],"product_tag":[],"class_list":{"0":"post-506","1":"product","2":"type-product","3":"status-publish","4":"has-post-thumbnail","6":"product_cat-hybrid-inverters","8":"first","9":"instock","10":"sale","11":"taxable","12":"shipping-taxable","13":"purchasable","14":"product-type-simple"},"taxonomy_info":{"product_cat":[{"value":18,"label":"Hybrid inverters"}]},"featured_image_src_large":["https:\/\/ownpowr.com\/wp-content\/uploads\/2022\/11\/Growatt_SPH_3000_6000_d63d-1024x1024.webp",1024,1024,true],"author_info":[],"comment_info":"","_links":{"self":[{"href":"https:\/\/ownpowr.com\/da\/wp-json\/wp\/v2\/product\/506","targetHints":{"allow":["GET"]}}],"collection":[{"href":"https:\/\/ownpowr.com\/da\/wp-json\/wp\/v2\/product"}],"about":[{"href":"https:\/\/ownpowr.com\/da\/wp-json\/wp\/v2\/types\/product"}],"wp:featuredmedia":[{"embeddable":true,"href":"https:\/\/ownpowr.com\/da\/wp-json\/wp\/v2\/media\/507"}],"wp:attachment":[{"href":"https:\/\/ownpowr.com\/da\/wp-json\/wp\/v2\/media?parent=506"}],"wp:term":[{"taxonomy":"product_cat","embeddable":true,"href":"https:\/\/ownpowr.com\/da\/wp-json\/wp\/v2\/product_cat?post=506"},{"taxonomy":"product_tag","embeddable":true,"href":"https:\/\/ownpowr.com\/da\/wp-json\/wp\/v2\/product_tag?post=506"}],"curies":[{"name":"wp","href":"https:\/\/api.w.org\/{rel}","templated":true}]}}