{"id":545,"date":"2023-10-04T16:37:39","date_gmt":"2023-10-04T14:37:39","guid":{"rendered":"https:\/\/ownpowr.com\/product\/encharge-3t-35-kwh\/"},"modified":"2025-03-20T13:35:02","modified_gmt":"2025-03-20T11:35:02","slug":"encharge-3t-35-kwh","status":"publish","type":"product","link":"https:\/\/ownpowr.com\/da\/product\/encharge-3t-35-kwh\/","title":{"rendered":"Enphase Encharge 3T kun d\u00e6ksel"},"content":{"rendered":"<p>Enphase Encharge 3T med 15 \u00e5rs garanti<\/p>\n<p>Vigtig bem\u00e6rkning: Installat\u00f8rcertificering p\u00e5kr\u00e6vet! Bes\u00f8g Enphase University for at f\u00e5 din certificering.<\/p>\n<p>Enphase IQ Battery 3T\/10T Funktioner:<\/p>\n<ul>\n<li>Fuldt integreret AC-batterisystem med indbyggede IQ 8X-BAT mikroinvertere.<\/li>\n<li>Problemfri tilslutning til vekselstr\u00f8m i en almindelig husholdningsinstallation.<\/li>\n<li>Optimale systemjusteringer skr\u00e6ddersyet til brugerens behov.<\/li>\n<li>Praktisk styring og overv\u00e5gning via en mobilapp.<\/li>\n<li>Passivt k\u00f8ledesign (ingen bev\u00e6gelige dele eller bl\u00e6sere).<\/li>\n<li>Langtidsholdbar ydelse med 10 \u00e5rs garanti.<\/li>\n<\/ul>\n<p>Bem\u00e6rk venligst, at installat\u00f8rcertificering er obligatorisk for batteriinstallation. Du kan kontakte din Enphase account manager for at f\u00e5 oplysninger om certificering.<\/p>\n<p>P\u00e5kr\u00e6vet enhed: Enphase IQ Gateway-S M\u00e5lt.<\/p>\n<p>Enphase IQ 3T har en samlet lagringskapacitet p\u00e5 3,5 kWh og fire integrerede mikroinvertere med en samlet udgangseffekt p\u00e5 1,28 kW.<\/p>\n<p>Installat\u00f8rer kan effektivt designe systemer, der opfylder energikravene hos b\u00e5de nye kunder og dem med eksisterende solcelleanl\u00e6g.<\/p>\n<p>Encharge 3T-batterilagringssystemet omfatter integrerede mikroinvertere fra Enphase IQ-serien og en batteristyringsenhed (BMU).<\/p>\n<p>Pakkens indhold:<\/p>\n<ul>\n<li>1x Encharge 3T baseenhed (ENP-B03-T01-INT00-1-2)<\/li>\n<li>1x Encharge 3T d\u00e6ks\u00e6t med tilbeh\u00f8r (ENP-B03T-C-0430-O)<\/li>\n<\/ul>\n<p><strong>Mere information:<\/strong><\/p>\n<ul>\n<li><a href=\"https:\/\/storeyourownpower.com\/wp-content\/uploads\/2022\/12\/Datenblatt-German-Encharge-3T.pdf\" target=\"_blank\" rel=\"noopener\">Datenblatt tysk Encharge 3T<\/a><\/li>\n<li><a href=\"https:\/\/storeyourownpower.com\/wp-content\/uploads\/2022\/12\/Datasheet-English-Encharge-3T.pdf\" target=\"_blank\" rel=\"noopener\">Datablad engelsk Encharge 3T<\/a><\/li>\n<li><a href=\"https:\/\/storeyourownpower.com\/wp-content\/uploads\/2022\/12\/Warranty-terms-English-Encharge-3T.pdf\" target=\"_blank\" rel=\"noopener\">Garantibetingelser Engelsk Encharge 3T<\/a><\/li>\n<li><a href=\"https:\/\/storeyourownpower.com\/wp-content\/uploads\/2022\/12\/Warranty-terms-German-Encharge-3T.pdf\" target=\"_blank\" rel=\"noopener\">Garantibetingelser Tysk Encharge 3T<\/a><\/li>\n<li><a href=\"https:\/\/storeyourownpower.com\/wp-content\/uploads\/2022\/12\/Mounting-instructions-English-Encharge-3T.pdf\" target=\"_blank\" rel=\"noopener\">Monteringsvejledning engelsk Encharge 3T<\/a><\/li>\n<\/ul>","protected":false},"excerpt":{"rendered":"<p>15 \u00e5rs garanti i denne pris!<\/p>","protected":false},"featured_media":546,"template":"","meta":{"_seopress_robots_primary_cat":"none","_seopress_titles_title":"Enphase Encharge 3T: Long-lasting battery storage system with integrated microinverters and warranty","_seopress_titles_desc":"Installer certification required! Optimal AC battery system with mobile app control, passive cooling, and 10-year warranty. Get certified at Enphase University.","_seopress_robots_index":"","_kad_blocks_custom_css":"","_kad_blocks_head_custom_js":"","_kad_blocks_body_custom_js":"","_kad_blocks_footer_custom_js":""},"product_cat":[17],"product_tag":[],"class_list":{"0":"post-545","1":"product","2":"type-product","3":"status-publish","4":"has-post-thumbnail","6":"product_cat-home-batteries","8":"first","9":"instock","10":"sale","11":"taxable","12":"shipping-taxable","13":"purchasable","14":"product-type-simple"},"taxonomy_info":{"product_cat":[{"value":17,"label":"Home batteries"}]},"featured_image_src_large":["https:\/\/ownpowr.com\/wp-content\/uploads\/2022\/12\/1-8-2-6-18265324d3fe1b03cc0df847668d9c62cbe673aa_det_bp_ee_encharge_3t-jpg_600x600@2x.jpeg",600,540,false],"author_info":[],"comment_info":"","_links":{"self":[{"href":"https:\/\/ownpowr.com\/da\/wp-json\/wp\/v2\/product\/545","targetHints":{"allow":["GET"]}}],"collection":[{"href":"https:\/\/ownpowr.com\/da\/wp-json\/wp\/v2\/product"}],"about":[{"href":"https:\/\/ownpowr.com\/da\/wp-json\/wp\/v2\/types\/product"}],"wp:featuredmedia":[{"embeddable":true,"href":"https:\/\/ownpowr.com\/da\/wp-json\/wp\/v2\/media\/546"}],"wp:attachment":[{"href":"https:\/\/ownpowr.com\/da\/wp-json\/wp\/v2\/media?parent=545"}],"wp:term":[{"taxonomy":"product_cat","embeddable":true,"href":"https:\/\/ownpowr.com\/da\/wp-json\/wp\/v2\/product_cat?post=545"},{"taxonomy":"product_tag","embeddable":true,"href":"https:\/\/ownpowr.com\/da\/wp-json\/wp\/v2\/product_tag?post=545"}],"curies":[{"name":"wp","href":"https:\/\/api.w.org\/{rel}","templated":true}]}}