{"id":549,"date":"2022-12-01T12:58:41","date_gmt":"2022-12-01T10:58:41","guid":{"rendered":"https:\/\/ownpowr.com\/product\/sungrow-sh10-0rt-v112\/"},"modified":"2025-03-30T21:03:00","modified_gmt":"2025-03-30T19:03:00","slug":"sungrow-sh10-0rt-v112","status":"publish","type":"product","link":"https:\/\/ownpowr.com\/da\/product\/sungrow-sh10-0rt-v112\/","title":{"rendered":"Sungrow Hybrid-inverter SH10.0RT 10 kW"},"content":{"rendered":"<p>Sungrow SH10.0RT-V112<\/p>\n<p>Fleksibel anvendelse:<\/p>\n<p>- 150-600V bredt batterisp\u00e6ndingsomr\u00e5de<\/p>\n<p>- Underst\u00f8tter parallel tilslutning med master-slave-styring<\/p>\n<p>- Giver 100% str\u00f8m til ubalancerede belastninger i backup-tilstand<\/p>\n<p>Smart ledelse:<\/p>\n<p>- H\u00f8jt selvforbrug med optimeret indbygget EMS<\/p>\n<p>- Gratis online overv\u00e5gning for at forbedre energistyringen for slutbruger, installat\u00f8r og forhandler<\/p>\n<p>- Fjernopdatering af firmware og brugerdefinerbare indstillinger<\/p>\n<p>Uafh\u00e6ngighed af energi:<\/p>\n<p>- Problemfri overgang til backup-tilstand for beskyttelse mod str\u00f8mafbrydelser<\/p>\n<p>- Hurtig opladning\/afladning for at im\u00f8dekomme behovet for h\u00f8jere forbrug<\/p>\n<p>Nem installation:<\/p>\n<p>- Unikke push-in-stik til tidsbesparende installation<\/p>\n<p>- Ber\u00f8ringsfri idrifts\u00e6ttelse med smartphone<\/p>\n<p>- Let og kompakt<\/p>\n<p><a href=\"https:\/\/storeyourownpower.com\/wp-content\/uploads\/2022\/12\/Datasheet-English-2.pdf\" target=\"_blank\" rel=\"noopener\">Datablad p\u00e5 engelsk<\/a><br \/>\n<a href=\"https:\/\/storeyourownpower.com\/wp-content\/uploads\/2022\/12\/Datasheet-German-2.pdf\" target=\"_blank\" rel=\"noopener\">Datablad tysk<\/a><br \/>\n<a href=\"https:\/\/storeyourownpower.com\/wp-content\/uploads\/2022\/11\/DE-FS-SHRT-und-SBR-Unterschiede-und-Kompatibilita\u0308t-Versionen.pdf\" target=\"_blank\" rel=\"noopener\">Forskelle og kompatibilitet mellem SHRT- og SBR-versioner<\/a><\/p>","protected":false},"excerpt":{"rendered":"<p>Sungrow SH10.0RT-V112 Fleksibel anvendelse: - 150-600V bredt batterisp\u00e6ndingsomr\u00e5de - Underst\u00f8tter parallelforbindelse med master-slave-styring - Giver 100%-str\u00f8m til ubalancerede belastninger i backup-tilstand Smart styring: - [...]<\/p>","protected":false},"featured_media":550,"template":"","meta":{"_seopress_robots_primary_cat":"none","_seopress_titles_title":"Sungrow SH10.0RT-V112: Flexible Application, Smart Management, Energy Independence, Easy Installation","_seopress_titles_desc":"Discover the Sungrow SH10.0RT-V112 with wide battery voltage range, smart management features, seamless backup mode, and easy installation for energy independence.","_seopress_robots_index":"","_kad_blocks_custom_css":"","_kad_blocks_head_custom_js":"","_kad_blocks_body_custom_js":"","_kad_blocks_footer_custom_js":""},"product_cat":[18],"product_tag":[],"class_list":{"0":"post-549","1":"product","2":"type-product","3":"status-publish","4":"has-post-thumbnail","6":"product_cat-hybrid-inverters","8":"first","9":"outofstock","10":"sale","11":"taxable","12":"shipping-taxable","13":"purchasable","14":"product-type-simple"},"taxonomy_info":{"product_cat":[{"value":18,"label":"Hybrid inverters"}]},"featured_image_src_large":["https:\/\/ownpowr.com\/wp-content\/uploads\/2022\/12\/b-1-1-f-b11f61014011a7497a53e4a35156c0f10529e03c_det_ivh_sung_shx-xrt-jpg_600x600@2x.jpeg",600,540,false],"author_info":[],"comment_info":"","_links":{"self":[{"href":"https:\/\/ownpowr.com\/da\/wp-json\/wp\/v2\/product\/549","targetHints":{"allow":["GET"]}}],"collection":[{"href":"https:\/\/ownpowr.com\/da\/wp-json\/wp\/v2\/product"}],"about":[{"href":"https:\/\/ownpowr.com\/da\/wp-json\/wp\/v2\/types\/product"}],"wp:featuredmedia":[{"embeddable":true,"href":"https:\/\/ownpowr.com\/da\/wp-json\/wp\/v2\/media\/550"}],"wp:attachment":[{"href":"https:\/\/ownpowr.com\/da\/wp-json\/wp\/v2\/media?parent=549"}],"wp:term":[{"taxonomy":"product_cat","embeddable":true,"href":"https:\/\/ownpowr.com\/da\/wp-json\/wp\/v2\/product_cat?post=549"},{"taxonomy":"product_tag","embeddable":true,"href":"https:\/\/ownpowr.com\/da\/wp-json\/wp\/v2\/product_tag?post=549"}],"curies":[{"name":"wp","href":"https:\/\/api.w.org\/{rel}","templated":true}]}}