{"id":610,"date":"2023-01-12T07:31:13","date_gmt":"2023-01-12T05:31:13","guid":{"rendered":"https:\/\/ownpowr.com\/product\/sungrow-sbr-accessories-bms\/"},"modified":"2025-02-27T10:14:26","modified_gmt":"2025-02-27T08:14:26","slug":"sungrow-sbr-accessories-bms","status":"publish","type":"product","link":"https:\/\/ownpowr.com\/da\/product\/sungrow-sbr-tilbehor-bms\/","title":{"rendered":"Sungrow SBR batteri premium BMS + tilbeh\u00f8r V2\/V1 (v114)"},"content":{"rendered":"<p>Sungrow SBR BATTERI PREMIUM TILBEH\u00d8R Batteristyringssystem + tilbeh\u00f8r V2 Bl\u00e5 V1 Orange<\/p>\n<p>Dette batterisystem er specielt udviklet til energilagringsl\u00f8sninger i boliger.<\/p>\n<p>Det integrerede batteristyringssystem overv\u00e5ger konstant dets ydeevne og sikrer sikker drift inden for definerede parametre.<\/p>\n<p>Inkluderede komponenter:<\/p>\n<ul>\n<li>1x Batteriholder<\/li>\n<li>1x Batterid\u00e6ksel<\/li>\n<li>1x Batteriafbryder<\/li>\n<li>1x Holder<\/li>\n<li>1x Ledningsnet<\/li>\n<li>1x Bolt<\/li>\n<li>2x ekspansionsankers\u00e6t<\/li>\n<li>4x f\u00f8dder<\/li>\n<li>6x Skrue M5<\/li>\n<li>4x Coilover M5<\/li>\n<li>2x Skiver M6<\/li>\n<li>1x Dokumentation<\/li>\n<\/ul>","protected":false},"excerpt":{"rendered":"<p>Sungrow SBR BATTERI PREMIUM TILBEH\u00d8R Batteristyringssystem + tilbeh\u00f8r V2 Bl\u00e5 V1 Orange Dette batterisystem er specielt konstrueret til energilagringsl\u00f8sninger til boliger. Det integrerede batteristyringssystem [...]<\/p>","protected":false},"featured_media":611,"template":"","meta":{"_seopress_robots_primary_cat":"none","_seopress_titles_title":"","_seopress_titles_desc":"","_seopress_robots_index":"","_kad_blocks_custom_css":"","_kad_blocks_head_custom_js":"","_kad_blocks_body_custom_js":"","_kad_blocks_footer_custom_js":""},"product_cat":[33,17],"product_tag":[],"class_list":{"0":"post-610","1":"product","2":"type-product","3":"status-publish","4":"has-post-thumbnail","6":"product_cat-accessories","7":"product_cat-home-batteries","9":"first","10":"instock","11":"sale","12":"taxable","13":"shipping-taxable","14":"purchasable","15":"product-type-simple"},"taxonomy_info":{"product_cat":[{"value":33,"label":"Accessories"},{"value":17,"label":"Home batteries"}]},"featured_image_src_large":["https:\/\/ownpowr.com\/wp-content\/uploads\/2023\/01\/Sungrow-Management-System.jpeg",420,420,false],"author_info":[],"comment_info":"","_links":{"self":[{"href":"https:\/\/ownpowr.com\/da\/wp-json\/wp\/v2\/product\/610","targetHints":{"allow":["GET"]}}],"collection":[{"href":"https:\/\/ownpowr.com\/da\/wp-json\/wp\/v2\/product"}],"about":[{"href":"https:\/\/ownpowr.com\/da\/wp-json\/wp\/v2\/types\/product"}],"wp:featuredmedia":[{"embeddable":true,"href":"https:\/\/ownpowr.com\/da\/wp-json\/wp\/v2\/media\/611"}],"wp:attachment":[{"href":"https:\/\/ownpowr.com\/da\/wp-json\/wp\/v2\/media?parent=610"}],"wp:term":[{"taxonomy":"product_cat","embeddable":true,"href":"https:\/\/ownpowr.com\/da\/wp-json\/wp\/v2\/product_cat?post=610"},{"taxonomy":"product_tag","embeddable":true,"href":"https:\/\/ownpowr.com\/da\/wp-json\/wp\/v2\/product_tag?post=610"}],"curies":[{"name":"wp","href":"https:\/\/api.w.org\/{rel}","templated":true}]}}