{"id":620,"date":"2023-10-04T16:36:05","date_gmt":"2023-10-04T14:36:05","guid":{"rendered":"https:\/\/ownpowr.com\/product\/byd-premium-lvs-pdu-base\/"},"modified":"2025-10-15T14:01:34","modified_gmt":"2025-10-15T12:01:34","slug":"byd-premium-lvs-pdu-base","status":"publish","type":"product","link":"https:\/\/ownpowr.com\/da\/product\/byd-premium-lvs-pdu-base\/","title":{"rendered":"BYD premium LVS PDU + base"},"content":{"rendered":"<p>BYD Premium LVS batterikontrolsystem med base<\/p>\n<p>BYD Premium LVS PDU (Power Distribution Unit) med base er en styreenhed designet til LVS-batteris\u00e6ttet. Hver stak batterier kr\u00e6ver en PDU for optimal drift.<\/p>\n<p>N\u00f8glefunktioner:<\/p>\n<ul>\n<li>Skalerbar kapacitet fra 4 kWh til 256 kWh<\/li>\n<li>Maksimal fleksibilitet med underst\u00f8ttelse af op til 64 batterimoduler<\/li>\n<li>Mulighed for parallel tilslutning<\/li>\n<li>Kompatibel med f\u00f8rende 1- og 3-fasede invertere<\/li>\n<li>Udnytter koboltfri litiumjernfosfat (LFP) batteriteknologi for \u00f8get sikkerhed, l\u00e6ngere livscyklusser og overlegen ydelse<\/li>\n<li>Mulighed for kraftig n\u00f8dstr\u00f8msbackup og off-grid-funktionalitet<\/li>\n<li>Patenteret indvendigt stikdesign eliminerer behovet for ekstra ledninger<\/li>\n<li>Optimering af egetforbrug til private og kommercielle anvendelser<\/li>\n<\/ul>\n<p>BATTERIBOKS PREMIUM LVS<\/p>\n<p>4 kWh-modul Forenklet transport og installation med modul\u00e6rt design<\/p>\n<p>BYD Battery-Box Premium LVS er en alsidig litiumjernfosfat-batteripakke (LFP), der er designet til brug med en ekstern inverter. Hver Battery-Box Premium LVS best\u00e5r af 1 til 6 batterimoduler stablet parallelt, hvilket giver en brugbar kapacitet p\u00e5 mellem 4 og 24,0 kWh i et enkelt t\u00e5rn. Tilg\u00e6ngelige konfigurationer omfatter:<\/p>\n<ul>\n<li>Batteriboks LVS 4.0 (4 kWh)<\/li>\n<li>Batteriboks LVS 8.0 (8 kWh)<\/li>\n<li>Batteriboks LVS 12.0 (12 kWh)<\/li>\n<li>Batteriboks LVS 16.0 (16 kWh)<\/li>\n<li>Batteriboks LVS 20.0 (20 kWh - kun enkelt t\u00e5rn)<\/li>\n<li>Batteriboks LVS 24.0 (24 kWh - kun enkelt t\u00e5rn)<\/li>\n<\/ul>\n<p>Ved st\u00f8rre behov for energilagring kan du tilslutte op til 16 Battery-Box LVS 16.0-enheder parallelt, hvilket giver en maksimal kapacitet p\u00e5 256 kWh. Desuden er systemet skalerbart, s\u00e5 man senere kan tilf\u00f8je LVS-moduler eller parallelle t\u00e5rne med 1 til 4 moduler.<\/p>\n<h2><strong style=\"font-size: 16px\">Mere information:<\/strong><\/h2>\n<ul>\n<li><a href=\"https:\/\/storeyourownpower.com\/wp-content\/uploads\/2023\/01\/Datasheet-English-LVS.pdf\" target=\"_blank\" rel=\"noopener\">Datablad p\u00e5 engelsk LVS<\/a><\/li>\n<li><a href=\"https:\/\/storeyourownpower.com\/wp-content\/uploads\/2023\/01\/Datenblatt-German-LVS.pdf\" target=\"_blank\" rel=\"noopener\">Datenblatt tysk LVS<\/a><\/li>\n<li><a href=\"https:\/\/storeyourownpower.com\/wp-content\/uploads\/2023\/01\/Mounting-instructions-English-LVS.pdf\" target=\"_blank\" rel=\"noopener\">Monteringsvejledning engelsk LVS<\/a><\/li>\n<li><a href=\"https:\/\/storeyourownpower.com\/wp-content\/uploads\/2023\/01\/Mounting-instructions-German-LVS.pdf\" target=\"_blank\" rel=\"noopener\">Monteringsvejledning tysk LVS<\/a><\/li>\n<li><a href=\"https:\/\/storeyourownpower.com\/wp-content\/uploads\/2023\/01\/Warranty-terms-English.pdf\" target=\"_blank\" rel=\"noopener\">Garantibetingelser Engelsk<\/a><\/li>\n<li><a href=\"https:\/\/storeyourownpower.com\/wp-content\/uploads\/2023\/01\/Warranty-terms-German-LVS.pdf\" target=\"_blank\" rel=\"noopener\">Garantibetingelser Tysk LVS<\/a><\/li>\n<\/ul>","protected":false},"excerpt":{"rendered":"<p>BYD Premium LVS Battery Control System med base BYD Premium LVS PDU (Power Distribution Unit) med base er en kontrolenhed designet til LVS-batteris\u00e6ttet. Hver stak [...]<\/p>","protected":false},"featured_media":621,"template":"","meta":{"_seopress_robots_primary_cat":"none","_seopress_titles_title":"BYD Premium LVS PDU + base | Maximum Flexibility for any Application","_seopress_titles_desc":"The BYD Battery-Box Premium LVS offers scalable power storage from 4 kWh to 256 kWh with safety, flexibility, and high-powered capabilities for residential and commercial applications.","_seopress_robots_index":"","_kad_blocks_custom_css":"","_kad_blocks_head_custom_js":"","_kad_blocks_body_custom_js":"","_kad_blocks_footer_custom_js":""},"product_cat":[17],"product_tag":[],"class_list":{"0":"post-620","1":"product","2":"type-product","3":"status-publish","4":"has-post-thumbnail","6":"product_cat-home-batteries","8":"first","9":"instock","10":"sale","11":"taxable","12":"shipping-taxable","13":"purchasable","14":"product-type-simple"},"taxonomy_info":{"product_cat":[{"value":17,"label":"Home batteries"}]},"featured_image_src_large":["https:\/\/ownpowr.com\/wp-content\/uploads\/2023\/01\/BYD-LVS-BMU.jpeg",600,540,false],"author_info":[],"comment_info":"","_links":{"self":[{"href":"https:\/\/ownpowr.com\/da\/wp-json\/wp\/v2\/product\/620","targetHints":{"allow":["GET"]}}],"collection":[{"href":"https:\/\/ownpowr.com\/da\/wp-json\/wp\/v2\/product"}],"about":[{"href":"https:\/\/ownpowr.com\/da\/wp-json\/wp\/v2\/types\/product"}],"wp:featuredmedia":[{"embeddable":true,"href":"https:\/\/ownpowr.com\/da\/wp-json\/wp\/v2\/media\/621"}],"wp:attachment":[{"href":"https:\/\/ownpowr.com\/da\/wp-json\/wp\/v2\/media?parent=620"}],"wp:term":[{"taxonomy":"product_cat","embeddable":true,"href":"https:\/\/ownpowr.com\/da\/wp-json\/wp\/v2\/product_cat?post=620"},{"taxonomy":"product_tag","embeddable":true,"href":"https:\/\/ownpowr.com\/da\/wp-json\/wp\/v2\/product_tag?post=620"}],"curies":[{"name":"wp","href":"https:\/\/api.w.org\/{rel}","templated":true}]}}