{"id":631,"date":"2023-10-05T01:25:09","date_gmt":"2023-10-04T23:25:09","guid":{"rendered":"https:\/\/ownpowr.com\/product\/sofar-solar-hyd-10ktl-3ph\/"},"modified":"2025-03-27T12:59:51","modified_gmt":"2025-03-27T10:59:51","slug":"sofar-solar-hyd-10ktl-3ph","status":"publish","type":"product","link":"https:\/\/ownpowr.com\/da\/product\/sofar-solar-hyd-10ktl-3ph\/","title":{"rendered":"SofarSolar HYD-10KTL-3PH"},"content":{"rendered":"<p>Vores nyeste tilf\u00f8jelse til invertersegmentet, den kinesiske producent Sofar Solar, lancerer et komplet produktsortiment.<\/p>\n<p>Hybridinverterne i HYD KTL-3PH-serien brillerer med et bredt sp\u00e6ndingsomr\u00e5de til kraftige modulgenerationer og op til 2 batteritilslutninger. Integreret AC + DC oversp\u00e6ndingsbeskyttelse og shadow management er ogs\u00e5 en del af standardudstyret her. Med effektklasser fra 5 til 20 kW kan du altid finde den rigtige.<\/p>\n<p>Kompatible batterier:<\/p>\n<p>- Pylontech Kraft H1 14,2 til 24,86<\/p>\n<p>- Pylontech Kraft H2 7,1 til 14,2<\/p>\n<p>- Axitec AXIstorage Li SV1 13.5 til 23.6<\/p>\n<p>- Axitec AXIstorage Li SV2 6.7 til 13.5<\/p>\n<p>Produktfordele:<\/p>\n<p>- Bredt MPPT-sp\u00e6ndingsomr\u00e5de fra 180 til 960 V<\/p>\n<p>- Integreret oversp\u00e6ndingsbeskyttelse AC\/DC type II<\/p>\n<p>- Aktiv styring af skygger<\/p>\n<p>Produktets egenskaber:<\/p>\n<p>- AC-effekt: 5 kW<\/p>\n<p>- Antal MPPT: 2<\/p>\n<p>- Tilslutning af faser: 3<\/p>\n<p>- Gr\u00e6nseflader: RS485, WiFi, Bluetooth, Ethernet, 4 x dig.in (FRE)<\/p>\n<p>- Tilslutningsstik: MC4<\/p>\n<p>- Beskyttelsesklasse: IP 65<\/p>\n<p>- K\u00f8ling: passiv<\/p>\n<p>- M\u00e5l: 571 x 515 x 264 mm (HxBxD)<\/p>\n<p>- V\u00e6gt: 33,0 kg<\/p>\n<p>- Garanti: 5 \u00e5r<\/p>\n<p><a href=\"https:\/\/storeyourownpower.com\/wp-content\/uploads\/2023\/02\/Datasheet-German-Sofar.pdf\" target=\"_blank\" rel=\"noopener\">Datablad tysk Sofar<\/a><\/p>","protected":false},"excerpt":{"rendered":"<p>Vores nyeste tilf\u00f8jelse til invertersegmentet, den kinesiske producent Sofar Solar, lancerer et fuldt udbygget produktsortiment. Hybridinverterne i HYD KTL-3PH-serien skinner med en bred sp\u00e6nding [...]<\/p>","protected":false},"featured_media":628,"template":"","meta":{"_seopress_robots_primary_cat":"none","_seopress_titles_title":"Sofar Solar HYD 10KTL-3PH","_seopress_titles_desc":"Sofar Solar HYD KTL-3PH series offers a wide voltage range, 2 battery connections, overvoltage protection, shadow management, and more. Find the perfect power class from 5 to 20 kW.","_seopress_robots_index":"","_kad_blocks_custom_css":"","_kad_blocks_head_custom_js":"","_kad_blocks_body_custom_js":"","_kad_blocks_footer_custom_js":""},"product_cat":[18],"product_tag":[],"class_list":{"0":"post-631","1":"product","2":"type-product","3":"status-publish","4":"has-post-thumbnail","6":"product_cat-hybrid-inverters","8":"first","9":"instock","10":"sale","11":"taxable","12":"shipping-taxable","13":"purchasable","14":"product-type-simple"},"taxonomy_info":{"product_cat":[{"value":18,"label":"Hybrid inverters"}]},"featured_image_src_large":["https:\/\/ownpowr.com\/wp-content\/uploads\/2023\/02\/Sofar-inverter.jpeg",672,606,false],"author_info":[],"comment_info":"","_links":{"self":[{"href":"https:\/\/ownpowr.com\/da\/wp-json\/wp\/v2\/product\/631","targetHints":{"allow":["GET"]}}],"collection":[{"href":"https:\/\/ownpowr.com\/da\/wp-json\/wp\/v2\/product"}],"about":[{"href":"https:\/\/ownpowr.com\/da\/wp-json\/wp\/v2\/types\/product"}],"wp:featuredmedia":[{"embeddable":true,"href":"https:\/\/ownpowr.com\/da\/wp-json\/wp\/v2\/media\/628"}],"wp:attachment":[{"href":"https:\/\/ownpowr.com\/da\/wp-json\/wp\/v2\/media?parent=631"}],"wp:term":[{"taxonomy":"product_cat","embeddable":true,"href":"https:\/\/ownpowr.com\/da\/wp-json\/wp\/v2\/product_cat?post=631"},{"taxonomy":"product_tag","embeddable":true,"href":"https:\/\/ownpowr.com\/da\/wp-json\/wp\/v2\/product_tag?post=631"}],"curies":[{"name":"wp","href":"https:\/\/api.w.org\/{rel}","templated":true}]}}