{"id":82534,"date":"2024-05-31T12:02:10","date_gmt":"2024-05-31T10:02:10","guid":{"rendered":"https:\/\/ownpowr.com\/?post_type=product&#038;p=82534"},"modified":"2025-08-25T14:32:05","modified_gmt":"2025-08-25T12:32:05","slug":"blauhoff-maxus-60k-96kwh-energy-storage-cabinet-liquid-cooling-with-ev-charger","status":"publish","type":"product","link":"https:\/\/ownpowr.com\/da\/product\/blauhoff-maxus-60k-96kwh-energilagringsskab-vaeskekoling-med-ev-oplader\/","title":{"rendered":"Blauhoff Maxus 60K\/96KWh energilagerskab V\u00e6skek\u00f8ling med EV-oplader"},"content":{"rendered":"<p>&nbsp;<\/p>\n<p>Monteringen foretages af din lokale installat\u00f8r med hj\u00e6lp fra vores tekniske personale.<\/p>\n<p>Blauhoff Maxus 96Kwh energilagerskab V\u00e6skek\u00f8let 10 \u00e5rs garanti 8000 cyklusser med EV-oplader<\/p>\n<p>Tilskud muligt<\/p>\n<p>Prismatiske celler for h\u00f8jeste kvalitet og l\u00e6ngste levetid, 8000 cyklusser og 10 \u00e5rs garanti p\u00e5 cellerne uden ekstra omkostninger og 5 \u00e5r p\u00e5 det hele.<\/p>\n<p>De fleste andre udbydere har 3-5 \u00e5r p\u00e5 hele og celler, og s\u00e5 skal du betale ekstra, dette g\u00e6lder ogs\u00e5 for EMS'en fra Dijkman, som vi bruger, ingen m\u00e5nedlige omkostninger og kan arbejde med ubalancemarkedet.<\/p>\n<p>Fuldt integreret ESS for nem transport og drift og vedligeholdelse.<\/p>\n<p>Integreret batteri med EV-oplader og modul\u00e6rt design g\u00f8r den hurtig at s\u00e6tte op og bruge - maks. 3 timers arbejde.<\/p>\n<p>Blauhoff BLH-96kWh-Maxus, en alt-i-en kommerciel og industriel ESS med v\u00e6skek\u00f8ling, er integreret med energilagringskonverter, batteri, BMS, EMS, termisk styring, str\u00f8mfordeling, brandbeskyttelse, Ev-oplader osv.<\/p>\n<p>Alt-i-et-designet er nemt at installere og drive og vedligeholde og har en gr\u00e6nseflade til alle andre Maxus-produkter og handler automatisk med dynamisk str\u00f8mprisfasts\u00e6ttelse gennem forskellige EMS-systemer.<\/p>\n<p>Systemets sikkerhedsdesign sikrer bedre batteriydelse og l\u00e6ngere levetid<br \/>\nlevetid. Flere skabss\u00e6t kan forbindes direkte parallelt med op til 30 enheder for at opn\u00e5 energilagring.<br \/>\nsystemudvidelse. Det er superlet skalerbart og b\u00e6rbart.<\/p>\n<p>V\u00e6skek\u00f8ling :<br \/>\nBattericellers temperaturdrift<br \/>\ni hele systemet er inden for \u00b11,5 \u00b0C p\u00e5 grund af<br \/>\nintelligent v\u00e6skek\u00f8lesystem. Det kan<br \/>\nforl\u00e6nger systemets levetid med op til<br \/>\n30%, \u00f8ger systemets effektivitet p\u00e5 lang sigt<br \/>\nop til 88,5%.<\/p>\n<p>Ekstraudstyr muligt<\/p>\n<p>N\u00f8dstr\u00f8m STS- 2 EV-opladere 22kw - hybrid inverter til paneler tilslutning ipv AC koblet<\/p>\n<p>Sikker<br \/>\nSystemet har fire ledelsesniveauer<br \/>\nstruktur, der kan give n\u00f8jagtig<br \/>\nkortslutningsbeskyttelse, overstr\u00f8m<br \/>\nbeskyttelse, oversp\u00e6ndingsbeskyttelse,<br \/>\nbeskyttelse mod undersp\u00e6nding, overtemperatur<br \/>\nbeskyttelse osv.<\/p>\n<p>Obligatoriske sikkerheds- og europ\u00e6iske certifikater, inverter og batterier:<\/p>\n<p>EN 50549-1 for Maxus-inverteren og g\u00e6lder for elproduktionsenheder, der er tilsluttet lavsp\u00e6ndingsnet, og EN 50549-2 g\u00e6lder for elproduktionsenheder, der er tilsluttet mellemsp\u00e6ndingsnet.<\/p>\n<p><strong>NEN-EN-IEC 62619:2022 - Sekund\u00e6re celler og batterier, der indeholder alkaliske eller andre ikke-sure elektrolytter - Sikkerhedskrav til sekund\u00e6re lithiumceller og -batterier til brug i industrielle applikationer<\/strong><\/p>\n<p><strong>NEN-EN-IEC 61000-6-2\u3001EN IEC 61000-6-4<\/strong><\/p>\n<p><strong>UL 9540A:2019 udgave 4 - Standard for testmetode til evaluering af termisk l\u00f8bsk brandspredning i batteri-energilagringssystemer<\/strong><\/p>\n<p><strong>UN38.3<\/strong><\/p>\n<p>VDE4100<\/p>","protected":false},"excerpt":{"rendered":"<p>&nbsp; Montering sker hos din lokale installat\u00f8r med hj\u00e6lp fra vores tekniske personale. Blauhoff Maxus 96Kwh energilagringsskab V\u00e6skek\u00f8let 10 \u00e5rs garanti 8000 cyklusser med EV-oplader Tilskud muligt [...]<\/p>","protected":false},"featured_media":82535,"template":"","meta":{"_seopress_robots_primary_cat":"none","_seopress_titles_title":"","_seopress_titles_desc":"","_seopress_robots_index":"","_kad_blocks_custom_css":"","_kad_blocks_head_custom_js":"","_kad_blocks_body_custom_js":"","_kad_blocks_footer_custom_js":""},"product_cat":[17,18,19],"product_tag":[],"class_list":{"0":"post-82534","1":"product","2":"type-product","3":"status-publish","4":"has-post-thumbnail","6":"product_cat-home-batteries","7":"product_cat-hybrid-inverters","8":"product_cat-sets-with-inverters","10":"first","11":"instock","12":"taxable","13":"shipping-taxable","14":"purchasable","15":"product-type-simple"},"taxonomy_info":{"product_cat":[{"value":17,"label":"Home batteries"},{"value":18,"label":"Hybrid inverters"},{"value":19,"label":"Sets with inverters"}]},"featured_image_src_large":["https:\/\/ownpowr.com\/wp-content\/uploads\/2024\/05\/photo-2024-02-21-15-07-10.jpg",800,800,false],"author_info":[],"comment_info":"","_links":{"self":[{"href":"https:\/\/ownpowr.com\/da\/wp-json\/wp\/v2\/product\/82534","targetHints":{"allow":["GET"]}}],"collection":[{"href":"https:\/\/ownpowr.com\/da\/wp-json\/wp\/v2\/product"}],"about":[{"href":"https:\/\/ownpowr.com\/da\/wp-json\/wp\/v2\/types\/product"}],"wp:featuredmedia":[{"embeddable":true,"href":"https:\/\/ownpowr.com\/da\/wp-json\/wp\/v2\/media\/82535"}],"wp:attachment":[{"href":"https:\/\/ownpowr.com\/da\/wp-json\/wp\/v2\/media?parent=82534"}],"wp:term":[{"taxonomy":"product_cat","embeddable":true,"href":"https:\/\/ownpowr.com\/da\/wp-json\/wp\/v2\/product_cat?post=82534"},{"taxonomy":"product_tag","embeddable":true,"href":"https:\/\/ownpowr.com\/da\/wp-json\/wp\/v2\/product_tag?post=82534"}],"curies":[{"name":"wp","href":"https:\/\/api.w.org\/{rel}","templated":true}]}}