{"id":82539,"date":"2024-05-30T16:41:16","date_gmt":"2024-05-30T14:41:16","guid":{"rendered":"https:\/\/ownpowr.com\/?post_type=product&#038;p=82539"},"modified":"2025-08-25T14:36:32","modified_gmt":"2025-08-25T12:36:32","slug":"blauhoff-maxus-60k-144kwh-energy-storage-cabinet-liquid-cooling-with-ev-charger","status":"publish","type":"product","link":"https:\/\/ownpowr.com\/da\/product\/blauhoff-maxus-60k-144kwh-energilagringsskab-vaeskekoling-med-ev-oplader\/","title":{"rendered":"Blauhoff Maxus 60K\/144KWh energilagerskab V\u00e6skek\u00f8ling med EV-oplader"},"content":{"rendered":"<p>&nbsp;<\/p>\n<p>Monteringen udf\u00f8res af din lokale installat\u00f8r med hj\u00e6lp fra vores tekniske personale.<\/p>\n<p>Blauhoff Maxus 60k\/144Kwh energilagerskab V\u00e6skek\u00f8let 10 \u00e5rs garanti 8000 cyklusser med EV-oplader<\/p>\n<p>Prismatiske celler for h\u00f8jeste kvalitet og l\u00e6ngste levetid, 8000 cyklusser og 10 \u00e5rs garanti p\u00e5 celler uden ekstra omkostninger og 5 \u00e5r p\u00e5 hele.<\/p>\n<p>De fleste andre udbydere har 3-5 \u00e5r p\u00e5 hele og celler, og s\u00e5 skal du betale ekstra, dette g\u00e6lder ogs\u00e5 for EMS'en fra Dijkman, som vi bruger, ingen m\u00e5nedlige omkostninger og kan arbejde med ubalancemarkedet.<\/p>\n<p>Fuldt integreret ESS for nem transport og drift og vedligeholdelse.<\/p>\n<p>Integreret energilagring med Ev Charger og modul\u00e6rt design g\u00f8r stedet hurtigt at s\u00e6tte op og bruge - maks. 3 timers arbejde.<\/p>\n<p>Blauhoff BLH-96kWh-Maxus, en alt-i-en kommerciel og industriel ESS med v\u00e6skek\u00f8ling, er integreret med energilagringskonverter, batteri, BMS, EMS, termisk styring, str\u00f8mfordeling, brandbeskyttelse, Ev-oplader osv.<\/p>\n<p>Alt-i-et-designet er nemt at installere og drive og vedligeholde og har en gr\u00e6nseflade til alle andre Maxus-produkter og handler automatisk med dynamisk str\u00f8mprisfasts\u00e6ttelse gennem forskellige EMS-systemer.<\/p>\n<p>Systemets sikkerhedsdesign sikrer bedre batteriydelse og l\u00e6ngere batterilevetid<br \/>\nliv. Flere skabss\u00e6t kan parallelkobles direkte op til 30 enheder for at realisere energilagring<br \/>\nsystemudvidelse. Det er superlet skalerbart og b\u00e6rbart.<\/p>\n<p>V\u00e6skek\u00f8ling :<br \/>\nBattericellers temperaturdrift<br \/>\ni hele systemet ligger inden for \u00b11,5 \u00b0C p\u00e5 grund af<br \/>\nintelligent v\u00e6skek\u00f8lesystem. Det kan<br \/>\nforl\u00e6nger systemets levetid med op til<br \/>\n30%, \u00f8ger den langsigtede systemeffektivitet<br \/>\nop til 88,5%.<\/p>\n<p>Ekstraudstyr muligt:<\/p>\n<p>N\u00f8dstr\u00f8m STS- 2 EV-opladere 22kw - hybrid inverter til paneler tilslutning ipv AC koblet<\/p>\n<p>Sikker<br \/>\nSystemet har fire ledelsesniveauer<br \/>\nstruktur, som kan give n\u00f8jagtig<br \/>\nBeskyttelse mod kortslutning, overstr\u00f8m<br \/>\nbeskyttelse, beskyttelse mod oversp\u00e6nding,<br \/>\nbeskyttelse mod undersp\u00e6nding, overtemperatur<br \/>\nbeskyttelse osv.<\/p>\n<p>Obligatoriske sikkerheds- og europ\u00e6iske certifikater, inverter og batterier:<\/p>\n<p>EN 50549-1 for inverteren i Maxus og g\u00e6lder for elproduktionsenheder, der er tilsluttet lavsp\u00e6ndingsnet, og EN 50549-2 g\u00e6lder for elproduktionsenheder, der er tilsluttet mellemsp\u00e6ndingsnet.<\/p>\n<p>NEN-EN-IEC 62619:2022 - Sekund\u00e6re celler og batterier, der indeholder alkaliske eller andre ikke-sure elektrolytter - Sikkerhedskrav til sekund\u00e6re lithiumceller og -batterier til brug i industrielle applikationer<\/p>\n<p>NEN-EN-IEC 61000-6-2\u3001EN IEC 61000-6-4<\/p>\n<p>UL 9540A:2019 udgave 4 - Standard for testmetode til evaluering af termisk l\u00f8bsk brandspredning i batteri-energilagringssystemer<\/p>\n<p>UN38.3<\/p>","protected":false},"excerpt":{"rendered":"<p>&nbsp; Montering udf\u00f8res af din lokale installat\u00f8r med hj\u00e6lp fra vores tekniske personale. Blauhoff Maxus 60k\/144Kwh energilagringsskab V\u00e6skek\u00f8let 10 \u00e5rs garanti 8000 cyklusser med EV-oplader [...]<\/p>","protected":false},"featured_media":82535,"template":"","meta":{"_seopress_robots_primary_cat":"none","_seopress_titles_title":"","_seopress_titles_desc":"","_seopress_robots_index":"","_kad_blocks_custom_css":"","_kad_blocks_head_custom_js":"","_kad_blocks_body_custom_js":"","_kad_blocks_footer_custom_js":""},"product_cat":[17,19],"product_tag":[],"class_list":{"0":"post-82539","1":"product","2":"type-product","3":"status-publish","4":"has-post-thumbnail","6":"product_cat-home-batteries","7":"product_cat-sets-with-inverters","9":"first","10":"instock","11":"taxable","12":"shipping-taxable","13":"purchasable","14":"product-type-simple"},"taxonomy_info":{"product_cat":[{"value":17,"label":"Home batteries"},{"value":19,"label":"Sets with inverters"}]},"featured_image_src_large":["https:\/\/ownpowr.com\/wp-content\/uploads\/2024\/05\/photo-2024-02-21-15-07-10.jpg",800,800,false],"author_info":[],"comment_info":"","_links":{"self":[{"href":"https:\/\/ownpowr.com\/da\/wp-json\/wp\/v2\/product\/82539","targetHints":{"allow":["GET"]}}],"collection":[{"href":"https:\/\/ownpowr.com\/da\/wp-json\/wp\/v2\/product"}],"about":[{"href":"https:\/\/ownpowr.com\/da\/wp-json\/wp\/v2\/types\/product"}],"wp:featuredmedia":[{"embeddable":true,"href":"https:\/\/ownpowr.com\/da\/wp-json\/wp\/v2\/media\/82535"}],"wp:attachment":[{"href":"https:\/\/ownpowr.com\/da\/wp-json\/wp\/v2\/media?parent=82539"}],"wp:term":[{"taxonomy":"product_cat","embeddable":true,"href":"https:\/\/ownpowr.com\/da\/wp-json\/wp\/v2\/product_cat?post=82539"},{"taxonomy":"product_tag","embeddable":true,"href":"https:\/\/ownpowr.com\/da\/wp-json\/wp\/v2\/product_tag?post=82539"}],"curies":[{"name":"wp","href":"https:\/\/api.w.org\/{rel}","templated":true}]}}