{"id":831,"date":"2023-10-04T16:35:29","date_gmt":"2023-10-04T14:35:29","guid":{"rendered":"https:\/\/ownpowr.com\/product\/blauhoff-bess-all-in-one-10k-10kwh\/"},"modified":"2025-03-27T12:50:48","modified_gmt":"2025-03-27T10:50:48","slug":"k-star-all-in-one-10k-10kwh","status":"publish","type":"product","link":"https:\/\/ownpowr.com\/da\/product\/blauhoff-bess-alt-i-en-10k-10kwh\/","title":{"rendered":"K-stars alt-i-en trefaset lagringsl\u00f8sning 10K\/10kWh"},"content":{"rendered":"<div class=\"proInfos proInfos2 clearfix\">\n<div class=\"left\">\n<p>K-stars Alt-i-en trefaset lagerl\u00f8sning (3 faser)<\/p>\n<p>Vigtige fordele<\/p>\n<ul>\n<li>Udnytter CATL's h\u00f8jtydende LFP-batteri, der er kendt for sin kvalitet og er blandt de bedste celleleverand\u00f8rer.<\/li>\n<li>Kan h\u00e5ndtere et betydeligt solcelleinput p\u00e5 20 kW, med 10 kW til opladning og 10 kW til vekselstr\u00f8msudgang.<\/li>\n<li>Har et modul\u00e6rt design, der g\u00f8r det muligt at udvide energilagringssystemet med flere 5.12KWH-enheder.<\/li>\n<li>Giver et robust 10 kW 3-faset backup-output med en t\u00e6nd\/sluk-tid p\u00e5 nettet p\u00e5 mindre end 20 ms.<\/li>\n<li>Inkluderer et energistyringssystem (EMS), hvilket g\u00f8r den alsidig til forskellige anvendelser.<\/li>\n<li>Underst\u00f8tter maksimalt 4 enheder i parallel til backup-output i off-grid-tilstand.<\/li>\n<li>Str\u00f8mlinet alt-i-et-design for bekvemmelighed og effektivitet.<\/li>\n<li>Udviser h\u00f8j effektivitet og n\u00e5r op p\u00e5 97,6%.<\/li>\n<li>IP65-beskyttelse sikrer holdbarhed og modstandsdygtighed.<\/li>\n<li>Valgfri funktionalitet til overv\u00e5gning af strenge.<\/li>\n<li>Forenkler installationsprocedurerne.<\/li>\n<li>Udstyret med en digital controller.<\/li>\n<li>Har DC\/AC-oversp\u00e6ndingsbeskyttelse.<\/li>\n<li>Indeholder en reaktiv effektregulator.<\/li>\n<\/ul>\n<p>BluE-S- E10KT<\/p>\n<p>2 x 5.1k-pakke<\/p>\n<p>1x tilslutningss\u00e6t til Blue- 2x 5.1-pakke<\/p>\n<p>Oplysninger om garanti<\/p>\n<ul>\n<li>Leveres med 10 \u00e5rs garanti.<\/li>\n<li>Designet til imponerende 10.000 cyklusser.<\/li>\n<\/ul>\n<p>S\u00e6rligt installationstilbud<\/p>\n<ul>\n<li>F\u00e5s til installation i Holland til en specialpris p\u00e5 kun 750 euro!<\/li>\n<\/ul>\n<p><a href=\"https:\/\/ownpowr.com\/wp-content\/uploads\/2023\/10\/datasheet-k-star-blue.pdf\" target=\"_blank\" rel=\"noopener\">Datablad K-Star BluE<\/a><\/p>\n<\/div>\n<\/div>\n<div class=\"hotBuy hotBuy2 clearfix\">\n<div class=\"left\">\n<div class=\"a\">\n<p>&nbsp;<\/p>\n<\/div>\n<\/div>\n<\/div>","protected":false},"excerpt":{"rendered":"<p>Blauhoff<\/p>\n<p>10 \u00e5rs garanti<\/p>\n<p>10000 cyklusser<\/p>\n<p>80% DOD<\/p>","protected":false},"featured_media":832,"template":"","meta":{"_seopress_robots_primary_cat":"none","_seopress_titles_title":"K-star All-In-One Three Phase Storage Solution | High Performance LFP Battery","_seopress_titles_desc":"Get the K-star All-In-One Three Phase Storage Solution with CATL high performance LFP battery. 20KW PV input, modular design, easy installation, and more.","_seopress_robots_index":"","_kad_blocks_custom_css":"","_kad_blocks_head_custom_js":"","_kad_blocks_body_custom_js":"","_kad_blocks_footer_custom_js":""},"product_cat":[17,19],"product_tag":[],"class_list":{"0":"post-831","1":"product","2":"type-product","3":"status-publish","4":"has-post-thumbnail","6":"product_cat-home-batteries","7":"product_cat-sets-with-inverters","9":"first","10":"instock","11":"sale","12":"taxable","13":"shipping-taxable","14":"purchasable","15":"product-type-simple"},"taxonomy_info":{"product_cat":[{"value":17,"label":"Home batteries"},{"value":19,"label":"Sets with inverters"}]},"featured_image_src_large":["https:\/\/ownpowr.com\/wp-content\/uploads\/2023\/04\/Ontwerp-zonder-titel-1024x1024.png",1024,1024,true],"author_info":[],"comment_info":"","_links":{"self":[{"href":"https:\/\/ownpowr.com\/da\/wp-json\/wp\/v2\/product\/831","targetHints":{"allow":["GET"]}}],"collection":[{"href":"https:\/\/ownpowr.com\/da\/wp-json\/wp\/v2\/product"}],"about":[{"href":"https:\/\/ownpowr.com\/da\/wp-json\/wp\/v2\/types\/product"}],"wp:featuredmedia":[{"embeddable":true,"href":"https:\/\/ownpowr.com\/da\/wp-json\/wp\/v2\/media\/832"}],"wp:attachment":[{"href":"https:\/\/ownpowr.com\/da\/wp-json\/wp\/v2\/media?parent=831"}],"wp:term":[{"taxonomy":"product_cat","embeddable":true,"href":"https:\/\/ownpowr.com\/da\/wp-json\/wp\/v2\/product_cat?post=831"},{"taxonomy":"product_tag","embeddable":true,"href":"https:\/\/ownpowr.com\/da\/wp-json\/wp\/v2\/product_tag?post=831"}],"curies":[{"name":"wp","href":"https:\/\/api.w.org\/{rel}","templated":true}]}}