{"id":910,"date":"2023-10-04T16:42:22","date_gmt":"2023-10-04T14:42:22","guid":{"rendered":"https:\/\/ownpowr.com\/product\/koyoe-10kw-three-phase-include-wire-wifi-smart-meter\/"},"modified":"2025-03-27T13:38:41","modified_gmt":"2025-03-27T11:38:41","slug":"koyoe-10kw-three-phase-include-wire-wifi-smart-meter","status":"publish","type":"product","link":"https:\/\/ownpowr.com\/da\/product\/koyoe-10kw-trefaset-smartmeter-med-wifi-ledning\/","title":{"rendered":"Koyoe 10kw trefaset inverter, inkl. ledning, wifi, smart meter"},"content":{"rendered":"<h1>Koyoe 10kw trefaset inverter, inkl. ledning, wifi, smart meter<\/h1>\n<p>Brand: Koyoe<\/p>\n<p>Produktkode \/ SKU: KY-EST10KH<\/p>\n<p>&nbsp;<\/p>\n<h2>Beskrivelse<\/h2>\n<p><strong>Modul\u00e6rt design<\/strong><\/p>\n<p>Modul\u00e6rt design, stablet installation enkelt udseende de sign, integration af modem hjem;<\/p>\n<p><strong>Smar Switch<\/strong><\/p>\n<p>Off-grid-drift, underst\u00f8tter n\u00f8dstr\u00f8msforsyning og problemfri omskiftning;<\/p>\n<p><strong>Bredt sp\u00e6ndingsindgangsomr\u00e5de<\/strong><\/p>\n<p>Ultrabredt PV-sp\u00e6ndingsomr\u00e5de 120V-500V, batteri og ultrabredt sp\u00e6ndingsomr\u00e5de 85V-450V;<\/p>\n<p><strong>Sikker og p\u00e5lidelig<\/strong><\/p>\n<p>Smart luftk\u00f8ling, lav temperaturstigning. Lang levetid, flere beskyttelsesfunktioner;<\/p>\n<p><strong>Smart og enkel<\/strong><\/p>\n<p>Underst\u00f8tter GPRS\/WIFI\/RS485\/USBLCD-design, der underst\u00f8tter fjernoverv\u00e5gning;<\/p>\n<p><strong>H\u00f8j str\u00f8meffektivitet<\/strong><\/p>\n<p>Mindre reduktion af udgangseffekten ved h\u00f8je temperaturer,<br \/>\nmed forbedret effektivitet, maksimal PV-indgangseffekt op til<br \/>\n1,3X nominel effekt<\/p>\n<p>&nbsp;<\/p>\n<p>Downloads<\/p>\n<p><a href=\"https:\/\/storeyourownpower.com\/wp-content\/uploads\/2023\/05\/Templates_cn_file_Ess-Warranty.pdf\">_Templates_cn_file_Ess Garanti<\/a><\/p>\n<p><a href=\"https:\/\/storeyourownpower.com\/wp-content\/uploads\/2023\/05\/Templates_cn_file_energy_10kw.pdf\">_Templates_cn_file_energy_10kw<\/a><\/p>","protected":false},"excerpt":{"rendered":"<p>Koyoe 10kw Inverter Trefase, inkluderer ledning, wifi, smart meter Brand: Koyoe Produktkode \/ SKU: KY-EST10KH Beskrivelse Modul\u00e6rt design Modul\u00e6rt design, stablet installation simpelt udseende de sign, integration [...]<\/p>","protected":false},"featured_media":903,"template":"","meta":{"_seopress_robots_primary_cat":"none","_seopress_titles_title":"Koyoe 10kw Inverter Three Phase - Wire, WiFi, Smart Meter","_seopress_titles_desc":"Experience the ultimate modular design and seamless integration with Koyoe 10kw Inverter. With wide voltage input range and smart features like GPRS\/WIFI monitoring, this inverter guarantees safe and reliable power supply.","_seopress_robots_index":"","_kad_blocks_custom_css":"","_kad_blocks_head_custom_js":"","_kad_blocks_body_custom_js":"","_kad_blocks_footer_custom_js":""},"product_cat":[18],"product_tag":[],"class_list":{"0":"post-910","1":"product","2":"type-product","3":"status-publish","4":"has-post-thumbnail","6":"product_cat-hybrid-inverters","8":"first","9":"instock","10":"sale","11":"taxable","12":"shipping-taxable","13":"purchasable","14":"product-type-simple"},"taxonomy_info":{"product_cat":[{"value":18,"label":"Hybrid inverters"}]},"featured_image_src_large":["https:\/\/ownpowr.com\/wp-content\/uploads\/2023\/05\/Koyoe-10kW-3-Phase-Hybrid-Inverter1-1024x1024.png",1024,1024,true],"author_info":[],"comment_info":"","_links":{"self":[{"href":"https:\/\/ownpowr.com\/da\/wp-json\/wp\/v2\/product\/910","targetHints":{"allow":["GET"]}}],"collection":[{"href":"https:\/\/ownpowr.com\/da\/wp-json\/wp\/v2\/product"}],"about":[{"href":"https:\/\/ownpowr.com\/da\/wp-json\/wp\/v2\/types\/product"}],"wp:featuredmedia":[{"embeddable":true,"href":"https:\/\/ownpowr.com\/da\/wp-json\/wp\/v2\/media\/903"}],"wp:attachment":[{"href":"https:\/\/ownpowr.com\/da\/wp-json\/wp\/v2\/media?parent=910"}],"wp:term":[{"taxonomy":"product_cat","embeddable":true,"href":"https:\/\/ownpowr.com\/da\/wp-json\/wp\/v2\/product_cat?post=910"},{"taxonomy":"product_tag","embeddable":true,"href":"https:\/\/ownpowr.com\/da\/wp-json\/wp\/v2\/product_tag?post=910"}],"curies":[{"name":"wp","href":"https:\/\/api.w.org\/{rel}","templated":true}]}}