{"id":932,"date":"2023-10-04T16:37:39","date_gmt":"2023-10-04T14:37:39","guid":{"rendered":"https:\/\/ownpowr.com\/product\/enphase-encharge-3t-battery-only-15-year-warantee\/"},"modified":"2025-04-02T14:31:50","modified_gmt":"2025-04-02T12:31:50","slug":"enphase-encharge-3t-battery","status":"publish","type":"product","link":"https:\/\/ownpowr.com\/da\/product\/enphase-encharge-3t-batteri\/","title":{"rendered":"Enphase Encharge 3T-batteri"},"content":{"rendered":"<p>Enphase Encharge 3T med 15 \u00e5rs garanti<\/p>\n<p>Bem\u00e6rk venligst: Installat\u00f8rcertificering p\u00e5kr\u00e6vet! Bes\u00f8g Enphase University for at gennemf\u00f8re din certificering.<\/p>\n<p>Enphase IQ Battery 3T\/10T Fordele ved Enphase IQ 3T og 10T:<\/p>\n<ul>\n<li>Fuldt integreret AC-batterisystem med integrerede IQ 8X-BAT mikroinvertere<\/li>\n<li>Enkel tilslutning til vekselstr\u00f8m i et almindeligt husholdningsanl\u00e6g<\/li>\n<li>Tilpasser sig pr\u00e6cist til brugerens specifikke omst\u00e6ndigheder<\/li>\n<li>Brugervenlig styring og overv\u00e5gning via en mobilapp<\/li>\n<li>Passivt k\u00f8lesystem (ingen bev\u00e6gelige dele eller bl\u00e6sere)<\/li>\n<li>Enest\u00e5ende holdbarhed med 10 \u00e5rs garanti<\/li>\n<li>Installat\u00f8rcertificering er obligatorisk for batteriinstallation. Kontakt din Enphase account manager for at f\u00e5 oplysninger om certificering.<\/li>\n<li>S\u00f8rg for, at du har Art. 270072 - Enphase - IQ Gateway-S Metered enhed.<\/li>\n<li>Enphase IQ 3T har en samlet lagringskapacitet p\u00e5 3,5 kWh og fire integrerede mikroinvertere med en samlet udgangseffekt p\u00e5 1,28 kW.<\/li>\n<li>Installat\u00f8rer kan nemt skr\u00e6ddersy systemst\u00f8rrelsen, s\u00e5 den opfylder kravene fra nye kunder s\u00e5vel som dem med eksisterende solpaneler.<\/li>\n<\/ul>\n<p>Encharge 3T batterilagringssystem med integrerede mikroinvertere i Enphase IQ-serien og batteristyringsenhed (BMU).<\/p>\n<p>Dette s\u00e6t indeholder:<\/p>\n<ul>\n<li>1x Encharge 3T baseenhed (ENP-B03-T01-INT00-1-2)<\/li>\n<\/ul>\n<p>Nyd den ro i sindet, der f\u00f8lger med Enphase Encharge 3T, som er d\u00e6kket af en gener\u00f8s 15-\u00e5rs garanti. Bem\u00e6rk venligst kravet om certificering af installat\u00f8ren for korrekt installation og konfiguration.<\/p>\n<p><strong>Mere information:<\/strong><\/p>\n<ul>\n<li><a href=\"https:\/\/storeyourownpower.com\/wp-content\/uploads\/2022\/12\/Datenblatt-German-Encharge-3T.pdf\" target=\"_blank\" rel=\"noopener\">Datenblatt tysk Encharge 3T<\/a><\/li>\n<li><a href=\"https:\/\/storeyourownpower.com\/wp-content\/uploads\/2022\/12\/Datasheet-English-Encharge-3T.pdf\" target=\"_blank\" rel=\"noopener\">Datablad engelsk Encharge 3T<\/a><\/li>\n<li><a href=\"https:\/\/storeyourownpower.com\/wp-content\/uploads\/2022\/12\/Warranty-terms-English-Encharge-3T.pdf\" target=\"_blank\" rel=\"noopener\">Garantibetingelser Engelsk Encharge 3T<\/a><\/li>\n<li><a href=\"https:\/\/storeyourownpower.com\/wp-content\/uploads\/2022\/12\/Warranty-terms-German-Encharge-3T.pdf\" target=\"_blank\" rel=\"noopener\">Garantibetingelser Tysk Encharge 3T<\/a><\/li>\n<li><a href=\"https:\/\/storeyourownpower.com\/wp-content\/uploads\/2022\/12\/Mounting-instructions-English-Encharge-3T.pdf\" target=\"_blank\" rel=\"noopener\">Monteringsvejledning engelsk Encharge 3T<\/a><\/li>\n<\/ul>","protected":false},"excerpt":{"rendered":"<p>15 \u00e5rs garanti i denne pris!<\/p>","protected":false},"featured_media":39969,"template":"","meta":{"_seopress_robots_primary_cat":"none","_seopress_titles_title":"Enphase Encharge 3T: 15-Year Warranty, Installer Certification Required","_seopress_titles_desc":"Discover the advantages of Enphase IQ Battery 3T\/10T, a fully integrated AC battery system that optimally adjusts to your needs. Get certified at Enphase University.","_seopress_robots_index":"","_kad_blocks_custom_css":"","_kad_blocks_head_custom_js":"","_kad_blocks_body_custom_js":"","_kad_blocks_footer_custom_js":""},"product_cat":[17],"product_tag":[],"class_list":{"0":"post-932","1":"product","2":"type-product","3":"status-publish","4":"has-post-thumbnail","6":"product_cat-home-batteries","8":"first","9":"outofstock","10":"sale","11":"taxable","12":"shipping-taxable","13":"purchasable","14":"product-type-simple"},"taxonomy_info":{"product_cat":[{"value":17,"label":"Home batteries"}]},"featured_image_src_large":["https:\/\/ownpowr.com\/wp-content\/uploads\/2023\/10\/enphase-iq-batterij-3t-achterkant-900x900-2.jpeg",658,658,false],"author_info":[],"comment_info":"","_links":{"self":[{"href":"https:\/\/ownpowr.com\/da\/wp-json\/wp\/v2\/product\/932","targetHints":{"allow":["GET"]}}],"collection":[{"href":"https:\/\/ownpowr.com\/da\/wp-json\/wp\/v2\/product"}],"about":[{"href":"https:\/\/ownpowr.com\/da\/wp-json\/wp\/v2\/types\/product"}],"wp:featuredmedia":[{"embeddable":true,"href":"https:\/\/ownpowr.com\/da\/wp-json\/wp\/v2\/media\/39969"}],"wp:attachment":[{"href":"https:\/\/ownpowr.com\/da\/wp-json\/wp\/v2\/media?parent=932"}],"wp:term":[{"taxonomy":"product_cat","embeddable":true,"href":"https:\/\/ownpowr.com\/da\/wp-json\/wp\/v2\/product_cat?post=932"},{"taxonomy":"product_tag","embeddable":true,"href":"https:\/\/ownpowr.com\/da\/wp-json\/wp\/v2\/product_tag?post=932"}],"curies":[{"name":"wp","href":"https:\/\/api.w.org\/{rel}","templated":true}]}}