{"id":1761,"date":"2023-08-31T23:36:30","date_gmt":"2023-08-31T21:36:30","guid":{"rendered":"https:\/\/ownpowr.com\/?page_id=1761"},"modified":"2023-09-11T14:41:36","modified_gmt":"2023-09-11T12:41:36","slug":"privacy-policy","status":"publish","type":"page","link":"https:\/\/ownpowr.com\/de\/datenschutzbestimmungen\/","title":{"rendered":"Datenschutzbestimmungen"},"content":{"rendered":"<p>Bei Ownpowr, erreichbar \u00fcber https:\/\/ownpowr.com, ist eine unserer wichtigsten Priorit\u00e4ten der Schutz der Privatsph\u00e4re unserer Besucher. Dieses Dokument zum Datenschutz enth\u00e4lt die Arten von Informationen, die von Ownpowr gesammelt und aufgezeichnet werden und wie wir sie verwenden.<\/p><p>Wenn Sie weitere Fragen haben oder mehr Informationen \u00fcber unsere Datenschutzrichtlinie ben\u00f6tigen, z\u00f6gern Sie nicht, uns zu kontaktieren. Unsere Datenschutzrichtlinie wurde mit Hilfe von <a href=\"https:\/\/www.gdprprivacynotice.com\/\">GDPR-Datenschutzrichtlinien-Generator<\/a><\/p><h3 class=\"wp-block-heading\">Allgemeine Datenschutzverordnung (GDPR)<\/h3><p>Wir sind ein Data Controller Ihrer Informationen.<\/p><p>Die Rechtsgrundlage von Blauhoff f\u00fcr die Erfassung und Verwendung der in dieser Datenschutzrichtlinie beschriebenen pers\u00f6nlichen Daten h\u00e4ngt von den pers\u00f6nlichen Daten ab, die wir erfassen, und von dem spezifischen Kontext, in dem wir die Daten erfassen:<\/p><ul class=\"wp-block-list\"><li>Blauhoff muss einen Vertrag mit Ihnen erf\u00fcllen<\/li>\n\n<li>Sie haben Blauhoff die Erlaubnis gegeben, dies zu tun<\/li>\n\n<li>Die Verarbeitung Ihrer pers\u00f6nlichen Daten liegt im legitimen Interesse von Blauhoff<\/li>\n\n<li>Blauhoff muss sich an das Gesetz halten<\/li><\/ul><p>Blauhoff wird Ihre pers\u00f6nlichen Daten nur so lange aufbewahren, wie es f\u00fcr die in dieser Datenschutzrichtlinie genannten Zwecke erforderlich ist. Wir werden Ihre Daten in dem Umfang aufbewahren und verwenden, der notwendig ist, um unseren rechtlichen Verpflichtungen nachzukommen, Streitigkeiten zu schlichten und unsere Richtlinien durchzusetzen.<\/p><p>Wenn Sie im Europ\u00e4ischen Wirtschaftsraum (EWR) ans\u00e4ssig sind, haben Sie bestimmte Datenschutzrechte. Wenn Sie wissen m\u00f6chten, welche pers\u00f6nlichen Daten wir \u00fcber Sie gespeichert haben und wenn Sie m\u00f6chten, dass diese aus unseren Systemen entfernt werden, kontaktieren Sie uns bitte.<\/p><p>Unter bestimmten Umst\u00e4nden haben Sie die folgenden Datenschutzrechte:<\/p><ul class=\"wp-block-list\"><li>Das Recht auf Zugang, Aktualisierung oder L\u00f6schung der Informationen, die wir \u00fcber Sie haben.<\/li>\n\n<li>Das Recht auf Berichtigung.<\/li>\n\n<li>Das Recht auf Widerspruch.<\/li>\n\n<li>Das Recht auf Einschr\u00e4nkung.<\/li>\n\n<li>Das Recht auf Daten\u00fcbertragbarkeit<\/li>\n\n<li>Das Recht auf Widerruf der Zustimmung<\/li><\/ul><h3 class=\"wp-block-heading\">Log-Dateien<\/h3><p>Ownpowr arbeitet standardm\u00e4\u00dfig mit Protokolldateien. Diese Dateien protokollieren, wann Besucher Websites besuchen. Alle Hosting-Unternehmen tun dies und es ist Teil der Analyse der Hosting-Dienste. Zu den von den Protokolldateien gesammelten Informationen geh\u00f6ren Internetprotokolladressen (IP), Browsertyp, Internet Service Provider (ISP), Datums- und Zeitstempel, Verweis- und Ausgangsseiten und m\u00f6glicherweise die Anzahl der Klicks. Diese Daten sind nicht mit Informationen verkn\u00fcpft, die eine pers\u00f6nliche Identifizierung erm\u00f6glichen. Der Zweck dieser Informationen besteht darin, Trends zu analysieren, die Website zu verwalten, die Bewegungen der Benutzer auf der Website zu verfolgen und demographische Informationen zu sammeln.<\/p><h3 class=\"wp-block-heading\">Cookies und Web Beacons<\/h3><p>Wie jede andere Website auch, verwendet Ownpowr \"Cookies\". Diese Cookies werden verwendet, um Informationen zu speichern, einschlie\u00dflich der Pr\u00e4ferenzen der Besucher und der Seiten auf der Website, die der Besucher aufgerufen oder besucht hat. Diese Informationen werden verwendet, um die Erfahrung des Benutzers zu optimieren, indem wir den Inhalt unserer Webseite auf der Grundlage des Browsertyps und\/oder anderer Informationen des Besuchers anpassen.<\/p><h3 class=\"wp-block-heading\">Datenschutzrichtlinien<\/h3><p>Sie k\u00f6nnen diese Liste konsultieren, um die Datenschutzbestimmungen f\u00fcr jeden der Werbepartner von Ownpowr zu finden.<\/p><p>Werbeserver oder Werbenetzwerke von Drittanbietern verwenden Technologien wie Cookies, JavaScript oder Web Beacons, die in ihren jeweiligen Anzeigen und Links, die auf Ownpowr erscheinen, verwendet werden und direkt an den Browser der Nutzer gesendet werden. Sie erhalten automatisch Ihre IP-Adresse, wenn dies geschieht. Diese Technologien werden verwendet, um die Effektivit\u00e4t ihrer Werbekampagnen zu messen und\/oder um die Werbeinhalte zu personalisieren, die Sie auf den von Ihnen besuchten Websites sehen.<\/p><p>Beachten Sie, dass Ownpowr keinen Zugriff auf oder Kontrolle \u00fcber diese Cookies hat, die von Drittanbietern verwendet werden.<\/p><h3 class=\"wp-block-heading\">Datenschutzrichtlinien von Drittanbietern<\/h3><p>Die Datenschutzrichtlinie von Ownpowr gilt nicht f\u00fcr andere Werbetreibende oder Websites. Wir raten Ihnen daher, die jeweiligen Datenschutzrichtlinien dieser Werbeserver Dritter zu konsultieren, um genauere Informationen zu erhalten. Diese k\u00f6nnen deren Praktiken und Anweisungen dar\u00fcber enthalten, wie Sie sich von bestimmten Optionen abmelden k\u00f6nnen.<\/p><p>Sie k\u00f6nnen Cookies \u00fcber Ihre individuellen Browseroptionen deaktivieren. Ausf\u00fchrlichere Informationen zur Cookie-Verwaltung mit bestimmten Webbrowsern finden Sie auf den jeweiligen Websites der Browser.<\/p><h3 class=\"wp-block-heading\">Informationen f\u00fcr Kinder<\/h3><p>Ein weiterer Teil unserer Priorit\u00e4t ist der Schutz von Kindern bei der Nutzung des Internets. Wir ermutigen Eltern und Erziehungsberechtigte, ihre Online-Aktivit\u00e4ten zu beobachten, daran teilzunehmen und\/oder sie zu \u00fcberwachen und anzuleiten.<\/p><p>Ownpowr sammelt nicht wissentlich personenbezogene Daten von Kindern unter 13 Jahren. Wenn Sie glauben, dass Ihr Kind diese Art von Informationen auf unserer Website angegeben hat, bitten wir Sie dringend, uns sofort zu kontaktieren, und wir werden unser Bestes tun, um solche Informationen umgehend aus unseren Unterlagen zu entfernen.<\/p><h3 class=\"wp-block-heading\">Nur Online-Datenschutzerkl\u00e4rung<\/h3><p>Unsere Datenschutzrichtlinie gilt nur f\u00fcr unsere Online-Aktivit\u00e4ten und f\u00fcr die Besucher unserer Website in Bezug auf die Informationen, die sie in Ownpowr teilen und\/oder sammeln. Diese Richtlinie gilt nicht f\u00fcr Informationen, die offline oder \u00fcber andere Kan\u00e4le als diese Website gesammelt werden.<\/p><h3 class=\"wp-block-heading\">Einverst\u00e4ndnis<\/h3><p>Durch die Nutzung unserer Website erkl\u00e4ren Sie sich mit unserer Datenschutzrichtlinie einverstanden und stimmen deren Bedingungen zu.<\/p>","protected":false},"excerpt":{"rendered":"<p>Bei Ownpowr, erreichbar \u00fcber https:\/\/ownpowr.com, ist eine unserer wichtigsten Priorit\u00e4ten der Schutz der Privatsph\u00e4re unserer Besucher. Dieses Dokument \u00fcber den Datenschutz enth\u00e4lt die Arten von Informationen, die von [...]<\/p>","protected":false},"author":1,"featured_media":0,"parent":0,"menu_order":0,"comment_status":"closed","ping_status":"closed","template":"","meta":{"_seopress_robots_primary_cat":"","_seopress_titles_title":"","_seopress_titles_desc":"","_seopress_robots_index":"","_kad_blocks_custom_css":"","_kad_blocks_head_custom_js":"","_kad_blocks_body_custom_js":"","_kad_blocks_footer_custom_js":"","footnotes":""},"class_list":["post-1761","page","type-page","status-publish"],"taxonomy_info":[],"featured_image_src_large":false,"author_info":{"display_name":"job-39sj@s9jal019","author_link":"https:\/\/ownpowr.com\/de\/author\/job-39sjs9jal019\/"},"comment_info":0,"_links":{"self":[{"href":"https:\/\/ownpowr.com\/de\/wp-json\/wp\/v2\/pages\/1761","targetHints":{"allow":["GET"]}}],"collection":[{"href":"https:\/\/ownpowr.com\/de\/wp-json\/wp\/v2\/pages"}],"about":[{"href":"https:\/\/ownpowr.com\/de\/wp-json\/wp\/v2\/types\/page"}],"author":[{"embeddable":true,"href":"https:\/\/ownpowr.com\/de\/wp-json\/wp\/v2\/users\/1"}],"replies":[{"embeddable":true,"href":"https:\/\/ownpowr.com\/de\/wp-json\/wp\/v2\/comments?post=1761"}],"version-history":[{"count":0,"href":"https:\/\/ownpowr.com\/de\/wp-json\/wp\/v2\/pages\/1761\/revisions"}],"wp:attachment":[{"href":"https:\/\/ownpowr.com\/de\/wp-json\/wp\/v2\/media?parent=1761"}],"curies":[{"name":"wp","href":"https:\/\/api.w.org\/{rel}","templated":true}]}}