{"id":1763,"date":"2023-08-31T23:36:56","date_gmt":"2023-08-31T21:36:56","guid":{"rendered":"https:\/\/ownpowr.com\/?page_id=1763"},"modified":"2023-09-11T16:06:47","modified_gmt":"2023-09-11T14:06:47","slug":"terms-and-conditions","status":"publish","type":"page","link":"https:\/\/ownpowr.com\/de\/bedingungen-und-konditionen\/","title":{"rendered":"Bedingungen und Konditionen"},"content":{"rendered":"<p><strong>Portale: www.ownpowr.com<\/strong><\/p><h3 class=\"wp-block-heading\"><strong>Artikel 1. Anwendbarkeit<\/strong><\/h3><p>1.1 Diese Allgemeinen Gesch\u00e4ftsbedingungen gelten f\u00fcr alle Angebote von Blauhoff, handelnd unter dem Handelsnamen \"Blauhoff\", und f\u00fcr alle mit Blauhoff geschlossenen Vertr\u00e4ge.<\/p><p>1.2 Von den Bestimmungen dieser Allgemeinen Gesch\u00e4ftsbedingungen kann nur abgewichen werden, wenn dies ausdr\u00fccklich schriftlich vereinbart wurde; in diesem Fall bleiben die \u00fcbrigen Bestimmungen dieser Gesch\u00e4ftsbedingungen in vollem Umfang in Kraft.<\/p><p>1.3 Verweist der K\u00e4ufer ebenfalls auf seine Allgemeinen Gesch\u00e4ftsbedingungen, so gelten diese nicht, es sei denn, Blauhoff hat ihnen ausdr\u00fccklich schriftlich zugestimmt.<\/p><p>1.4 \"K\u00e4ufer\" ist jeder Besucher der Internetseiten oder jede nat\u00fcrliche oder juristische Person, die mit Blauhoff in einem Vertragsverh\u00e4ltnis steht oder stehen wird.<\/p><p>1.5 Blauhoff ist berechtigt, sich bei der Ausf\u00fchrung eines Vertrags mit dem K\u00e4ufer Dritter zu bedienen. 1.6 Blauhoff beh\u00e4lt sich das Recht vor, diese Bedingungen von Zeit zu Zeit zu \u00e4ndern oder zu erg\u00e4nzen. <\/p><h3 class=\"wp-block-heading\"><strong>Artikel 2. Angebote und Zustandekommen von Vereinbarungen<\/strong><\/h3><p>2.1 Angebote oder Kostenvoranschl\u00e4ge sind als Aufforderung an potenzielle K\u00e4ufer zu verstehen, ein Angebot abzugeben. Blauhoff ist in keiner Weise daran gebunden, es sei denn, dies wurde schriftlich und unmissverst\u00e4ndlich festgehalten. Die Annahme der Aufforderung zur Abgabe eines Angebots durch den potenziellen K\u00e4ufer stellt ein Angebot dar und f\u00fchrt nur dann zum Zustandekommen eines Vertrags, wenn die anderen Bestimmungen dieses Artikels erf\u00fcllt sind.<\/p><p>2.2 Die Angebote sind g\u00fcltig, solange der Vorrat reicht.<\/p><p>2.3 Ein registriertes Angebot gilt f\u00fcr einen Zeitraum von zwei (2) Wochen, sofern im Angebot kein anderer Zeitraum angegeben ist.<\/p><p>2.4 Ein Angebot des potenziellen K\u00e4ufers, wie in Artikel 2.1 erw\u00e4hnt, gilt unter den folgenden Umst\u00e4nden als abgegeben:<\/p><p>- der potenzielle K\u00e4ufer hat genau angegeben, welches Produkt und\/oder welche Dienstleistung er erhalten m\u00f6chte;<\/p><p>- ein Angebot vom K\u00e4ufer unterzeichnet wurde und bei Blauhoff eingegangen ist, falls ein benanntes Angebot von Blauhoff abgegeben wurde;<\/p><p>- Der potentielle K\u00e4ufer hat seine Daten auf der entsprechenden Eingabemaske der Internetseite eingegeben und die entsprechenden Daten (\"Bestellformular\") elektronisch an Blauhoff gesendet, und diese Daten sind bei Blauhoff eingegangen.<\/p><p>2.5 Ein Vertrag kommt in dem Moment zustande, in dem dem K\u00e4ufer eine Auftragsbest\u00e4tigung ausgeh\u00e4ndigt wird oder, falls das Angebot \u00fcber die Internetseite gemacht wird, per E-Mail an die vom K\u00e4ufer angegebene E-Mail-Adresse gesendet wird. Dieser Vertrag kann von Blauhoff widerrufen werden, wenn der K\u00e4ufer die Bedingungen nicht erf\u00fcllt oder in der Vergangenheit nicht erf\u00fcllt hat. In diesem Fall wird Blauhoff den K\u00e4ufer innerhalb von zehn (10) Tagen nach Erhalt der Bestellung benachrichtigen.<\/p><p>2.6 Der K\u00e4ufer und Blauhoff vereinbaren ausdr\u00fccklich, dass durch die Nutzung elektronischer Kommunikationsformen ein g\u00fcltiger Vertrag zustande kommt, sobald die Bedingungen in Artikel 2.4 und 2.5 erf\u00fcllt sind. Insbesondere beeintr\u00e4chtigt auch das Fehlen einer ordentlichen Unterschrift nicht die Verbindlichkeit des Angebots und seiner Annahme. Die elektronischen Dateien von Blauhoff dienen hier, soweit gesetzlich zul\u00e4ssig, als Beweisvermutung.<\/p><p>2.7 M\u00fcndliche, telefonische oder per E-Mail erteilte Informationen, Abbildungen, Mitteilungen, Erkl\u00e4rungen usw. in Bezug auf alle Angebote und die wichtigsten Eigenschaften der Produkte werden so genau wie m\u00f6glich wiedergegeben oder gemacht. Blauhoff garantiert jedoch nicht, dass alle Angebote und Produkte vollst\u00e4ndig mit den gegebenen Informationen etc. \u00fcbereinstimmen. Abweichungen k\u00f6nnen im Prinzip kein Grund f\u00fcr eine Entsch\u00e4digung und\/oder Aufl\u00f6sung sein.<\/p><h3 class=\"wp-block-heading\"><strong>Artikel 3. Preise<\/strong><\/h3><p>3.1 Alle Preise sind, wenn nicht anders vereinbart, in Euro ausgedr\u00fcckt, gem\u00e4\u00df den gesetzlichen Bestimmungen.<\/p><p>3.2 Sonderangebote sind nur g\u00fcltig, solange der Vorrat reicht.<\/p><p>3.3 Der K\u00e4ufer schuldet den Preis, der ihm von Blauhoff in seiner Best\u00e4tigung gem\u00e4\u00df Artikel 2.5 dieser Bedingungen mitgeteilt wurde. Offensichtliche (Manipulations-)Fehler in der Preisangabe, wie z.B. offensichtliche Ungenauigkeiten, k\u00f6nnen auch nach Vertragsabschluss von Blauhoff korrigiert werden.<\/p><p>3.4 Die Lieferkosten sind nicht im Preis enthalten. F\u00fcr die Lieferung au\u00dferhalb der Niederlande gelten besondere Tarife. F\u00fcr bestimmte Zahlungsarten gelten weitere Bedingungen hinsichtlich der Liefermethode und der damit verbundenen Kosten. Dies wird dem K\u00e4ufer deutlich mitgeteilt.<\/p><p>3.5 Erh\u00f6hen sich nach dem Datum des Angebots ein oder mehrere Selbstkostenfaktoren, auch wenn dies aufgrund vorhersehbarer Umst\u00e4nde geschieht, ist Blauhoff berechtigt, den vereinbarten Preis entsprechend zu erh\u00f6hen. Erfolgt eine Preiserh\u00f6hung innerhalb von drei Monaten nach dem Abschluss des<\/p><p>kann der Verbraucher den Vertrag innerhalb von 10 Tagen aufl\u00f6sen, es sei denn, die Preiserh\u00f6hung ergibt sich aus einer Befugnis oder einer gesetzlichen Verpflichtung des Lieferanten oder es wurde vereinbart, dass die Lieferung mehr als drei Monate nach dem Kauf erfolgt.<\/p><h3 class=\"wp-block-heading\"><strong>Artikel 4. Zahlung<\/strong><\/h3><p>4.1 Bestellungen k\u00f6nnen auf die folgenden Arten bezahlt werden:<\/p><p>-Vorauszahlung mittels Giro- oder Bank\u00fcberweisung und idealerweise werden die bestellten Waren nach Zahlungseingang versandt;<\/p><p>- Bei der Abholung einer Bestellung kann die Zahlung per Pin oder bar erfolgen;<\/p><p>- Blauhoff kann die Zahlungsm\u00f6glichkeiten in Zukunft erweitern. Weitere Zahlungsm\u00f6glichkeiten werden auf der Internetseite bekannt gegeben.<\/p><p>4.2 Wenn Blauhoff eine Zahlungsfrist vereinbart hat, ger\u00e4t der K\u00e4ufer allein durch den Ablauf dieser Frist in Verzug. Zahlungsfristen k\u00f6nnen nur schriftlich unter Bedingungen vereinbart werden, die zu diesem Zeitpunkt festgelegt und vereinbart werden.<\/p><p>4.3 Bei Nichtzahlung oder versp\u00e4teter Zahlung durch den K\u00e4ufer sind auf den ausstehenden Betrag ab dem Tag, an dem die Zahlung sp\u00e4testens h\u00e4tte erfolgen m\u00fcssen, bis zum Tag der vollst\u00e4ndigen Zahlung gesetzliche Zinsen zu zahlen, wobei ein angefangener Monat als voller Monat gez\u00e4hlt wird.<\/p><p>4.4 Der K\u00e4ufer tr\u00e4gt auch alle au\u00dfergerichtlichen und gerichtlichen Inkassokosten jeglicher Art, die Blauhoff infolge der Nichterf\u00fcllung der (Zahlungs-)Verpflichtungen des K\u00e4ufers entstehen. Die vom K\u00e4ufer zu zahlenden au\u00dfergerichtlichen Inkassokosten belaufen sich auf mindestens 15% des geschuldeten Betrags und \u00fcberschreiten niemals die maximal zul\u00e4ssigen Inkassokosten. Die Lieferung von Produkten und\/oder Dienstleistungen kann bis zur Zahlung des Rechnungspreises ausgesetzt werden.<\/p><p>4.5 Bei nicht rechtzeitiger Zahlung ist Blauhoff berechtigt, den Vertrag mit sofortiger Wirkung aufzul\u00f6sen oder die (weitere) Lieferung auszusetzen, bis der K\u00e4ufer seinen Zahlungsverpflichtungen vollst\u00e4ndig nachgekommen ist, einschlie\u00dflich der Zahlung der f\u00e4lligen Zinsen und Kosten.<\/p><p>4.6 Wenn der K\u00e4ufer mit seinen Zahlungsverpflichtungen in Verzug ist oder Zahlungsschwierigkeiten hat, ist Blauhoff berechtigt, ohne vorherige Mahnung und\/oder Inverzugsetzung den Vertrag zur\u00fcckzunehmen und aufzul\u00f6sen. Der K\u00e4ufer erteilt Blauhoff die Erlaubnis, die Produkte zur\u00fcckzuholen, gegebenenfalls zu entfernen und zur\u00fcckzuholen, und der K\u00e4ufer gibt Blauhoff jede Gelegenheit, dies zu tun. Diese Zustimmung erstreckt sich auch auf die Situation, in der ein Beitritt oder etwas \u00c4hnliches stattgefunden h\u00e4tte. Die Entsorgung der Produkte erfolgt auf Kosten des K\u00e4ufers. Wenn die Produkte entsorgt werden, ist Blauhoff nicht verpflichtet, den K\u00e4ufer f\u00fcr die Produkte zu bezahlen. Das Produkt installiert Rohre, Armaturen usw. und\/oder macht die getroffenen baulichen Vorkehrungen r\u00fcckg\u00e4ngig.<\/p><h3 class=\"wp-block-heading\"><strong>Artikel 5. Lieferung und Lieferfrist<\/strong><\/h3><p>5.1 Die Bestellungen werden so schnell wie m\u00f6glich geliefert. Blauhoff ist grunds\u00e4tzlich bestrebt, Bestellungen innerhalb von f\u00fcnf Werktagen zu versenden. Die sp\u00e4teste Lieferzeit betr\u00e4gt 60 Tage nach Eingang der Bestellung, au\u00dfer bei Vorauszahlungen, bei denen die sp\u00e4teste Lieferzeit 40 Tage nach Zahlungseingang betr\u00e4gt. Die angegebene Lieferzeit ist nur ein Richtwert und stellt niemals eine Frist dar. Bei einigen Produkten, insbesondere bei den Solarmodulen, variieren die Lieferzeiten und Marktpreise jedoch stark, je nach aktuellem weltweiten Angebot und Nachfrage. Blauhoff wird ge\u00e4nderte Lieferzeiten so bald wie m\u00f6glich bekannt geben. Blauhoff kann auf der Internetseite oder anderweitig schriftlich weitere Informationen zu den Lieferzeiten geben. Solche Informationen sind nur indikativ.<\/p><p>5.2 Wenn ein K\u00e4ufer ein Produkt bestellt, das vor\u00fcbergehend nicht auf Lager ist, wird er dar\u00fcber informiert, wann das Produkt wieder verf\u00fcgbar sein wird. Blauhoff wird sich bem\u00fchen, den K\u00e4ufer innerhalb von drei Werktagen per E-Mail oder Telefon \u00fcber Verz\u00f6gerungen zu informieren.<\/p><p>5.3 Die Lieferung der versendeten Bestellungen erfolgt an die vom K\u00e4ufer bei Vertragsabschluss angegebene Adresse.<\/p><p>5.4 Sobald die zu liefernden Produkte an die angegebene Lieferadresse geliefert worden sind, geht das Risiko f\u00fcr diese Produkte auf den K\u00e4ufer \u00fcber. Bei Lieferungen, die vom K\u00e4ufer abgeholt werden, geht das Risiko f\u00fcr diese Produkte zum Zeitpunkt der \u00dcbergabe, in jedem Fall aber vor dem Verladen, auf den K\u00e4ufer \u00fcber.<\/p><p>5.5 Aus praktischen Gr\u00fcnden k\u00f6nnen die Lieferungen in Teilen erfolgen. 5.6 F\u00fcr Lieferungen ins Ausland k\u00f6nnen andere Bedingungen gelten. <\/p><h3 class=\"wp-block-heading\"><strong>Artikel 6. Tauschgesch\u00e4fte<\/strong><\/h3><p>6.1 Der K\u00e4ufer ist verpflichtet, die Produkte sofort nach Erhalt sorgf\u00e4ltig zu pr\u00fcfen (oder pr\u00fcfen zu lassen) und etwaige M\u00e4ngel oder Sch\u00e4den sofort zu melden. Auch Transportsch\u00e4den m\u00fcssen sofort dem betreffenden Spediteur gemeldet werden. Software oder \u00e4hnliche Produkte k\u00f6nnen nur innerhalb von 3 Tagen und in der Originalverpackung, deren Siegel nicht gebrochen wurde, umgetauscht werden. Ein Umtausch ist nur gegen Vorlage der Originalrechnung m\u00f6glich.<\/p><h3 class=\"wp-block-heading\"><strong>Artikel 7. Zufriedenheitsgarantie und R\u00fccktrittsrecht<\/strong><\/h3><p>7.1 Der Verbraucher-K\u00e4ufer hat das Recht, innerhalb von 14 Arbeitstagen nach Erhalt der Ware ohne Angabe von Gr\u00fcnden von seinem Widerrufsrecht Gebrauch zu machen. Ausgenommen von diesem Widerrufsrecht sind speziell bestellte und montierte Produkte (fast immer bei Solaranlagen) sowie Software oder andere Produkte, deren Siegel gebrochen ist. Der Verbraucher-K\u00e4ufer haftet f\u00fcr Sch\u00e4den an zur\u00fcckgesandten Produkten, auch wenn diese durch den R\u00fccktransport verursacht wurden.<\/p><p>7.2 Wenn der Verbraucher-K\u00e4ufer das im vorigen Absatz genannte Widerrufsrecht ausge\u00fcbt hat, sorgt Blauhoff f\u00fcr eine R\u00fcckerstattung des vom Verbraucher-K\u00e4ufer an Blauhoff gezahlten Betrags innerhalb von 14 Tagen.<\/p><p>7.3 Die Kosten f\u00fcr die R\u00fccksendung des Produkts gehen zu Lasten des Verbrauchers\/K\u00e4ufers.<\/p><h3 class=\"wp-block-heading\"><strong>Artikel 8. Eigentumsvorbehalt<\/strong><\/h3><p>8.1 Das Eigentum an den Produkten geht ungeachtet der tats\u00e4chlichen Lieferung erst dann auf den K\u00e4ufer \u00fcber, wenn der K\u00e4ufer alle Verbindlichkeiten aus dem Vertrag mit Blauhoff vollst\u00e4ndig beglichen hat, einschlie\u00dflich der Zahlung von Zinsen und Kosten, auch f\u00fcr fr\u00fchere oder sp\u00e4tere Lieferungen und f\u00fcr alle Arbeiten, die im Zusammenhang mit den Produkten ausgef\u00fchrt wurden oder werden sollen.<\/p><p>8.2 Der K\u00e4ufer darf die Produkte nicht belasten, verkaufen, weiterverkaufen, ver\u00e4u\u00dfern oder anderweitig belasten, bevor das Eigentum \u00fcbergegangen ist.<\/p><h3 class=\"wp-block-heading\"><strong>Artikel 9. Installation und Montage<\/strong><\/h3><p>9.1 Das Produkt wird vom K\u00e4ufer selbst installiert und angeschlossen, es sei denn, es wurde vereinbart, dass die Installation des Produkts von Blauhoff durchgef\u00fchrt wird.<\/p><p>9.2 Der K\u00e4ufer ist gegen\u00fcber Blauhoff f\u00fcr die korrekte und rechtzeitige Umsetzung aller Vorrichtungen, Bestimmungen oder Bedingungen verantwortlich, die f\u00fcr die Anordnung des zu montierenden Produkts und\/oder den korrekten Betrieb des Produkts im montierten Zustand erforderlich sind.<\/p><p>9.3 Ungeachtet der vorstehenden Bestimmungen hat der K\u00e4ufer im Falle der Erbringung von Dienstleistungen durch Blauhoff in jedem Fall auf eigene Kosten und eigenes Risiko sicherzustellen, dass:<\/p><p>a) das Personal von Blauhoff oder des von ihm beauftragten Dritten, sobald es am Aufstellungsort eintrifft, Zugang erh\u00e4lt und die Arbeiten w\u00e4hrend der normalen Arbeitszeiten und dar\u00fcber hinaus, wenn Blauhoff dies f\u00fcr erforderlich h\u00e4lt, au\u00dferhalb der normalen Arbeitszeiten beginnen und fortsetzen kann, sofern es den K\u00e4ufer rechtzeitig benachrichtigt hat.<\/p><p>(b) die Zufahrtsstra\u00dfen zum Aufstellungsort f\u00fcr die erforderlichen Transporte geeignet sind. (c) der vorgesehene Aufstellungsort f\u00fcr die Lagerung und Montage geeignet ist.<\/p><p>(d) alle erforderlichen Sicherheits- und Vorsichtsma\u00dfnahmen getroffen wurden und beibehalten werden sowie dass alle Ma\u00dfnahmen getroffen wurden und beibehalten werden, um die geltenden staatlichen Vorschriften im Zusammenhang mit der Montage\/Installation einzuhalten.<\/p><p>(e) am Ort der Produktplatzierung kein Asbest vorhanden ist.<\/p><p>f) soweit zutreffend, stellt der K\u00e4ufer sicher, dass Blauhoff rechtzeitig Zugang zu den f\u00fcr die Dienstleistungen erforderlichen Genehmigungen und Erlaubnissen sowie zu den vom K\u00e4ufer im Zusammenhang mit der Erbringung der Dienstleistungen bereitzustellenden Daten hat.<\/p><p>9.4 Der K\u00e4ufer hat daf\u00fcr Sorge zu tragen, dass von Dritten auszuf\u00fchrende Arbeiten und\/oder Lieferungen, die nicht zu den Montage-\/Installationsarbeiten von Blauhoff oder dem von ihr beauftragten Dritten geh\u00f6ren, so und so rechtzeitig ausgef\u00fchrt werden, dass die Ausf\u00fchrung der Arbeiten durch oder im Auftrag von Blauhoff nicht verz\u00f6gert wird. Tritt dennoch eine Verz\u00f6gerung im Sinne dieses Absatzes ein, muss der K\u00e4ufer Blauhoff rechtzeitig benachrichtigen.<\/p><p>9.5 Sch\u00e4den und Kosten, die entstanden sind, weil die in diesem Artikel festgelegten Bedingungen nicht oder nicht rechtzeitig erf\u00fcllt wurden, gehen zu Lasten des K\u00e4ufers.<\/p><p>9.6 Der K\u00e4ufer tr\u00e4gt das Risiko f\u00fcr Sch\u00e4den, die verursacht werden durch: Ungenauigkeiten bei den erteilten Informationen und\/oder den \u00fcbertragenen Arbeiten; Ungenauigkeiten bei den vom K\u00e4ufer geforderten Konstruktionen und Arbeitsmethoden; M\u00e4ngel an den vom K\u00e4ufer zur Verf\u00fcgung gestellten Materialien oder Betriebsmitteln; M\u00e4ngel an den beweglichen oder unbeweglichen Sachen, an denen die Arbeiten ausgef\u00fchrt werden.<\/p><p>9.7 Blauhoff ist bestrebt, Dienstleistungen rechtzeitig zu erbringen. Blauhoff haftet nicht f\u00fcr direkte und indirekte Sch\u00e4den, wenn sie ihre Leistungen nicht rechtzeitig erbringt.<\/p><p>9.8 Blauhoff wird sich bem\u00fchen, die von ihr zu erbringenden Dienstleistungen als guter Auftragnehmer zu erbringen.<\/p><p>9.9 Wenn zus\u00e4tzliche Arbeit anf\u00e4llt, ist Blauhoff berechtigt, diese dem K\u00e4ufer in Rechnung zu stellen. Zus\u00e4tzliche Arbeiten werden dem K\u00e4ufer - soweit m\u00f6glich - von Blauhoff so fr\u00fch wie m\u00f6glich mitgeteilt. Es wird davon ausgegangen, dass der K\u00e4ufer mit der Ausf\u00fchrung der zus\u00e4tzlichen Arbeiten, den damit verbundenen Kosten und ggf. der angepassten Lieferzeit einverstanden ist, es sei denn, der K\u00e4ufer erhebt vor Beginn der Ausf\u00fchrung der zus\u00e4tzlichen Arbeiten und in jedem Fall innerhalb von f\u00fcnf Tagen nach der vorgenannten Mitteilung von Blauhoff Einspruch.<\/p><h3 class=\"wp-block-heading\"><strong>Artikel 10. Garantie und Haftung<\/strong><\/h3><p>10.1 Die Garantie f\u00fcr von Blauhoff gelieferte Produkte wird durch den Hersteller des betreffenden Produkts festgelegt. Wenn diese Regelung f\u00fcr den Verbraucher-K\u00e4ufer nachteilig ist im Vergleich zu den Rechten, die der Verbraucher-K\u00e4ufer gegen\u00fcber Blauhoff nach dem Gesetz und dem Fernabsatzvertrag geltend machen kann, dann gelten zumindest die Rechte nach dem Gesetz und dem Fernabsatzvertrag. Konkret bedeutet dies, dass der Verbraucher-K\u00e4ufer im Falle eines unverschuldeten Mangels f\u00fcr einen Zeitraum von mindestens 2 Jahren Anspruch auf kostenlose Nachbesserung oder Ersatzlieferung des Kaufs hat.<\/p><p>10.2 Blauhoff ist niemals verpflichtet, dem K\u00e4ufer oder Dritten Schadenersatz zu leisten, es sei denn, es liegt Vorsatz oder grobe Fahrl\u00e4ssigkeit seitens Blauhoff vor. Blauhoff haftet niemals f\u00fcr Folgesch\u00e4den oder Handelsverluste, indirekte Sch\u00e4den und Gewinn- oder Umsatzverluste.<\/p><p>10.3 Die Haftung von Blauhoff f\u00fcr Sch\u00e4den \u00fcbersteigt niemals den Rechnungswert des Produkts oder der Dienstleistung, die den Schaden verursacht hat.<\/p><p>10.4 Ungeachtet der Bestimmungen dieses Artikels kann keine Garantie \u00fcbernommen werden, wenn die Abnutzung als normal angesehen werden kann und ferner in den folgenden F\u00e4llen:<\/p><p>-wenn \u00c4nderungen an dem Produkt vorgenommen wurden, einschlie\u00dflich Reparaturen, die nicht mit Zustimmung von Blauhoff oder des Herstellers durchgef\u00fchrt wurden;<\/p><p>-wenn die Originalrechnung nicht vorgelegt werden kann, ver\u00e4ndert wurde oder unleserlich geworden ist; -wenn die M\u00e4ngel auf unsachgem\u00e4\u00dfen oder unangemessenen Gebrauch zur\u00fcckzuf\u00fchren sind;<\/p><p>-wenn Sch\u00e4den durch \u00e4u\u00dfere Ursachen oder Einfl\u00fcsse entstanden sind;<\/p><p>-wenn der Schaden durch Vorsatz, grobe Fahrl\u00e4ssigkeit oder fahrl\u00e4ssige Wartung verursacht wurde.<\/p><p>10.5 Der K\u00e4ufer ist verpflichtet, Blauhoff von allen Anspr\u00fcchen freizustellen, die Dritte im Zusammenhang mit der Ausf\u00fchrung des Vertrages gegen Blauhoff geltend machen, soweit das Gesetz der \u00dcbernahme der entsprechenden Sch\u00e4den und Kosten durch den K\u00e4ufer nicht entgegensteht.<\/p><p>10.6 Blauhoff kann auf seiner Internetseite Links zu anderen Internetseiten einf\u00fcgen, die f\u00fcr den Besucher von Interesse oder informativ sein k\u00f6nnen. Solche Links sind rein informativ. Blauhoff ist nicht verantwortlich f\u00fcr den Inhalt der Internetseite, auf die verwiesen wird, oder f\u00fcr die Nutzung, die man von ihr machen kann.<\/p><h3 class=\"wp-block-heading\"><strong>Artikel 11. H\u00f6here Gewalt<\/strong><\/h3><p>11.1 Im Falle von h\u00f6herer Gewalt ist Blauhoff nicht verpflichtet, seine Verpflichtungen gegen\u00fcber dem K\u00e4ufer zu erf\u00fcllen, oder die Verpflichtung wird f\u00fcr die Dauer der h\u00f6heren Gewalt ausgesetzt<\/p><p>11.2 H\u00f6here Gewalt ist definiert als jeder Umstand, der unabh\u00e4ngig von seinem Willen die Erf\u00fcllung aller oder eines Teils seiner Verpflichtungen gegen\u00fcber dem K\u00e4ufer verhindert. Zu diesen Umst\u00e4nden geh\u00f6ren Streiks, Br\u00e4nde, Betriebsst\u00f6rungen, Energieausf\u00e4lle, Nichtlieferung oder versp\u00e4tete Lieferung durch Lieferanten oder andere beauftragte Dritte sowie das Fehlen einer beh\u00f6rdlichen Genehmigung. Als h\u00f6here Gewalt gelten auch Ausf\u00e4lle eines (Telekommunikations-)Netzes oder einer Verbindung oder der verwendeten Kommunikationssysteme und\/oder die Nichtverf\u00fcgbarkeit der Internetseite zu irgendeinem Zeitpunkt.<\/p><h3 class=\"wp-block-heading\"><strong>Artikel 12. Geistiges Eigentum<\/strong><\/h3><p>12.1 Der K\u00e4ufer erkennt ausdr\u00fccklich an, dass alle geistigen Eigentumsrechte an den dargestellten Informationen, Mitteilungen oder anderen Ausdr\u00fccken, die sich auf die Produkte und\/oder auf die Internetseite beziehen, Blauhoff, seinen Lieferanten oder anderen Anspruchsberechtigten geh\u00f6ren.<\/p><p>12.2 Rechte an geistigem Eigentum bedeutet Patent-, Urheber-, Marken-, Geschmacksmuster- und Modellrechte und\/oder andere (geistige Eigentums-)Rechte, einschlie\u00dflich der Frage, ob sie patentierbar sind<\/p><p>Technisches und\/oder kaufm\u00e4nnisches Know-how, Methoden und Konzepte.<\/p><p>12.3 Es ist dem K\u00e4ufer untersagt, die in diesem Artikel beschriebenen geistigen Eigentumsrechte ohne die ausdr\u00fcckliche vorherige schriftliche Genehmigung von Blauhoff, seinen Lieferanten oder anderen Berechtigten in irgendeiner Weise zu nutzen, einschlie\u00dflich der Vornahme von \u00c4nderungen, es sei denn, es handelt sich um eine rein private Nutzung in Bezug auf das Produkt selbst.<\/p><h3 class=\"wp-block-heading\"><strong>Artikel 13. Pers\u00f6nliche Daten<\/strong><\/h3><p>13.1 Blauhoff wird die Daten des K\u00e4ufers nur in \u00dcbereinstimmung mit seinen Datenschutzbestimmungen verarbeiten. 13.2 Blauhoff wird die geltenden Datenschutzbestimmungen und -gesetze einhalten. <\/p><h3 class=\"wp-block-heading\"><strong>Artikel 14. Anwendbares Recht und Zust\u00e4ndigkeit <\/strong>Gericht<\/h3><p>14.1 Auf alle Angebote und Vertr\u00e4ge ist ausschlie\u00dflich niederl\u00e4ndisches Recht anwendbar.<br>14.2 Die Anwendbarkeit des Wiener Kaufvertrags ist ausdr\u00fccklich ausgeschlossen.<\/p><p>14.3 Alle Streitigkeiten, die sich auf Angebote von Blauhoff oder auf mit Blauhoff geschlossene Vertr\u00e4ge beziehen oder daraus entstehen, werden dem zust\u00e4ndigen Gericht in Zwolle, Niederlande, vorgelegt, es sei denn, das Gesetz bestimmt ausdr\u00fccklich ein anderes Gericht als zust\u00e4ndig.<\/p><h3 class=\"wp-block-heading\"><strong>Artikel 15. Sonstiges<\/strong><\/h3><p>15.1 Blauhoff BV hat seinen Sitz im Heemstraweg 123, 6651 KH, Druten und ist bei der Handelskammer unter der Nummer. 83845577. Bitte senden Sie alle Korrespondenz in Bezug auf einen Vertrag oder diese Bedingungen an Blauhoff unter der oben genannten Adresse oder an die auf der Internetseite angegebene E-Mail-Adresse.<\/p><p>15.2 Blauhoff ist bestrebt, E-Mails, die bei ihm eingehen, innerhalb von f\u00fcnf Werktagen zu beantworten.<\/p><h3 class=\"wp-block-heading\"><strong>Artikel 16. Mehrwertsteuerfrei in den Niederlanden und Deutschland kaufen<\/strong><\/h3><p>16.1 In den Niederlanden und Deutschland werden bestimmte Produkte zum Nulltarif angeboten. Dieser sogenannte Nulltarif gilt nur, wenn die Solarmodule (Wechselrichter und Batterien) auf (privaten) H\u00e4usern oder Nebengeb\u00e4uden eines Hauses, wie z.B. einer Scheune, installiert werden.<\/p><p>Bedingungen und Konditionen Blauhoff 11-09-2023<\/p>","protected":false},"excerpt":{"rendered":"<p>Portale: www.ownpowr.com Artikel 1. Anwendbarkeit 1.1 Diese Allgemeinen Gesch\u00e4ftsbedingungen gelten f\u00fcr alle Angebote von Blauhoff, handelnd unter dem Handelsnamen \"Blauhoff\", und f\u00fcr alle Vertr\u00e4ge, die mit [...]<\/p>","protected":false},"author":1,"featured_media":0,"parent":0,"menu_order":0,"comment_status":"closed","ping_status":"closed","template":"","meta":{"_seopress_robots_primary_cat":"","_seopress_titles_title":"","_seopress_titles_desc":"","_seopress_robots_index":"","_kad_blocks_custom_css":"","_kad_blocks_head_custom_js":"","_kad_blocks_body_custom_js":"","_kad_blocks_footer_custom_js":"","footnotes":""},"class_list":["post-1763","page","type-page","status-publish"],"taxonomy_info":[],"featured_image_src_large":false,"author_info":{"display_name":"job-39sj@s9jal019","author_link":"https:\/\/ownpowr.com\/de\/author\/job-39sjs9jal019\/"},"comment_info":0,"_links":{"self":[{"href":"https:\/\/ownpowr.com\/de\/wp-json\/wp\/v2\/pages\/1763","targetHints":{"allow":["GET"]}}],"collection":[{"href":"https:\/\/ownpowr.com\/de\/wp-json\/wp\/v2\/pages"}],"about":[{"href":"https:\/\/ownpowr.com\/de\/wp-json\/wp\/v2\/types\/page"}],"author":[{"embeddable":true,"href":"https:\/\/ownpowr.com\/de\/wp-json\/wp\/v2\/users\/1"}],"replies":[{"embeddable":true,"href":"https:\/\/ownpowr.com\/de\/wp-json\/wp\/v2\/comments?post=1763"}],"version-history":[{"count":0,"href":"https:\/\/ownpowr.com\/de\/wp-json\/wp\/v2\/pages\/1763\/revisions"}],"wp:attachment":[{"href":"https:\/\/ownpowr.com\/de\/wp-json\/wp\/v2\/media?parent=1763"}],"curies":[{"name":"wp","href":"https:\/\/api.w.org\/{rel}","templated":true}]}}