{"id":22,"date":"2023-08-25T18:52:26","date_gmt":"2023-08-25T16:52:26","guid":{"rendered":"https:\/\/ownpowr.com\/?page_id=22"},"modified":"2023-09-11T14:43:48","modified_gmt":"2023-09-11T12:43:48","slug":"refund-returns","status":"publish","type":"page","link":"https:\/\/ownpowr.com\/de\/erstattung-ruckgabe\/","title":{"rendered":"R\u00fcckerstattung und R\u00fcckgabe"},"content":{"rendered":"<p>Die Lieferzeit der Produkte ist bei jedem Produkt angegeben.<br>Kleine Materialien, die per Paketpost verschickt werden k\u00f6nnen, liefern wir normalerweise innerhalb von 1-2 Tagen.<br><br>Wenn das Gewicht oder die Gr\u00f6\u00dfe nicht f\u00fcr den Paketversand geeignet ist, werden die Materialien per LKW geliefert. Wir werden mit Ihnen im Voraus einen Termin vereinbaren, an dem Sie die Materialien in Empfang nehmen k\u00f6nnen.<br><br>Am Liefertag erhalten Sie die voraussichtliche Lieferzeit am Morgen.<\/p><h3 class=\"wp-block-heading\"><strong>Lieferfrist<\/strong><\/h3><ul class=\"wp-block-list\"><li>Paketpostmaterialien 1-2 Tage<\/li>\n\n<li>Die Versandkosten f\u00fcr Paneele und Montagematerial 1-4 Tage werden nach dem Inhalt des Warenkorbs berechnet. Wenn Sie alle Materialien in den Warenkorb legen, k\u00f6nnen Sie sehen, wie hoch die Versandkosten sind. Die tats\u00e4chlichen Versandkosten sind deutlich h\u00f6her.<\/li><\/ul><ul class=\"wp-block-list\"><li>Paketpost bis zu 23 kg \u20ac8,95<\/li>\n\n<li>Paketpost bis zu 30 kg \u20ac12,50<\/li>\n\n<li>Die Lieferung per LKW, zwischen 25 und 85 Euro, wird im Warenkorb angezeigt. <strong>R\u00fcckgabe \/ Widerrufsrecht<\/strong> Sie haben das Recht, Ihre Bestellung bis zu 14 Tage nach Erhalt ohne Angabe von Gr\u00fcnden zu widerrufen. Wenn Sie eine Dienstleistung bestellt haben, wie z.B. die Installation von Solarmodulen. Das Widerrufsrecht erlischt 14 Tage nach Best\u00e4tigung der Bestellung. Nach dem Widerruf haben Sie weitere 14 Tage Zeit, um Ihr Produkt zur\u00fcckzusenden. Sie erhalten dann den vollen Bestellbetrag, einschlie\u00dflich der Versandkosten, gutgeschrieben. Nur die Kosten f\u00fcr die R\u00fccksendung von Ihrem Wohnort zum Webshop gehen zu Ihren Lasten. Wenn Sie von Ihrem Widerrufsrecht Gebrauch machen, wird das Produkt mit allem gelieferten Zubeh\u00f6r und in seinem urspr\u00fcnglichen Zustand und in der Originalverpackung an den Unternehmer zur\u00fcckgesandt. Um dieses Recht auszu\u00fcben, kontaktieren Sie uns bitte unter info@ownpowr.com. Wir erstatten Ihnen dann den f\u00e4lligen Betrag innerhalb von 14 Tagen nach Benachrichtigung \u00fcber Ihre R\u00fccksendung, sofern das Produkt bereits in einwandfreiem Zustand bei uns eingegangen ist. R\u00fccksendeadresse:<br>R\u00fccklaufende Z\u00e4hlung Blauhoff BV, Heemstraweg 123, 6651 KH, Druten<\/li><\/ul><h3 class=\"wp-block-heading\"><strong>R\u00fcckzahlung<\/strong><\/h3><p>Nachdem Sie von Ihrem Widerrufsrecht Gebrauch gemacht haben, erhalten Sie alle Zahlungen einschlie\u00dflich der Versandkosten innerhalb von vierzehn Tagen zur\u00fcck. Die Kosten f\u00fcr den R\u00fcckversand tragen Sie selbst.<\/p><h3 class=\"wp-block-heading\"><strong>Ausschluss des Widerrufsrechts<\/strong><\/h3><ul class=\"wp-block-list\"><li>Ma\u00dfgeschneiderte oder zusammengesetzte Produkte<\/li>\n\n<li>Zubeh\u00f6r und Montagematerial.<\/li>\n\n<li>Installationsarbeiten bereits erledigt<\/li>\n\n<li>Firmenkunden <strong>Kollektion<\/strong> Sie geben die Bestellung im Voraus in unserem Webshop auf und w\u00e4hlen die Abholoption. Sobald wir die Bestellung bearbeitet haben, erhalten Sie eine Best\u00e4tigungs-E-Mail. Darin wird Ihnen mitgeteilt, wann Sie die Bestellung abholen k\u00f6nnen. Die Abholung ist von Montag bis Freitag von 9 Uhr bis 16 Uhr m\u00f6glich. Sie m\u00fcssen im Voraus im Webshop bezahlen.<\/li><\/ul>","protected":false},"excerpt":{"rendered":"<p>Die Lieferzeit der Produkte ist bei jedem Produkt angegeben. Kleine Materialien, die per Paketpost versendet werden k\u00f6nnen, liefern wir in der Regel innerhalb von 1-2 Tagen. Wenn das Gewicht oder die Gr\u00f6\u00dfe [...]<\/p>","protected":false},"author":1,"featured_media":0,"parent":0,"menu_order":0,"comment_status":"closed","ping_status":"closed","template":"","meta":{"_seopress_robots_primary_cat":"","_seopress_titles_title":"","_seopress_titles_desc":"","_seopress_robots_index":"","_kad_blocks_custom_css":"","_kad_blocks_head_custom_js":"","_kad_blocks_body_custom_js":"","_kad_blocks_footer_custom_js":"","footnotes":""},"class_list":["post-22","page","type-page","status-publish"],"taxonomy_info":[],"featured_image_src_large":false,"author_info":{"display_name":"job-39sj@s9jal019","author_link":"https:\/\/ownpowr.com\/de\/author\/job-39sjs9jal019\/"},"comment_info":0,"_links":{"self":[{"href":"https:\/\/ownpowr.com\/de\/wp-json\/wp\/v2\/pages\/22","targetHints":{"allow":["GET"]}}],"collection":[{"href":"https:\/\/ownpowr.com\/de\/wp-json\/wp\/v2\/pages"}],"about":[{"href":"https:\/\/ownpowr.com\/de\/wp-json\/wp\/v2\/types\/page"}],"author":[{"embeddable":true,"href":"https:\/\/ownpowr.com\/de\/wp-json\/wp\/v2\/users\/1"}],"replies":[{"embeddable":true,"href":"https:\/\/ownpowr.com\/de\/wp-json\/wp\/v2\/comments?post=22"}],"version-history":[{"count":0,"href":"https:\/\/ownpowr.com\/de\/wp-json\/wp\/v2\/pages\/22\/revisions"}],"wp:attachment":[{"href":"https:\/\/ownpowr.com\/de\/wp-json\/wp\/v2\/media?parent=22"}],"curies":[{"name":"wp","href":"https:\/\/api.w.org\/{rel}","templated":true}]}}