{"id":1090,"date":"2023-10-04T16:42:23","date_gmt":"2023-10-04T14:42:23","guid":{"rendered":"https:\/\/ownpowr.com\/product\/lg-chem-resu-6-5-prime\/"},"modified":"2025-02-27T12:49:47","modified_gmt":"2025-02-27T10:49:47","slug":"lg-chem-resu-6-5-prime","status":"publish","type":"product","link":"https:\/\/ownpowr.com\/de\/product\/lg-chem-resu-6-5-prime\/","title":{"rendered":"LG Chem Resu 6.5 PRIME"},"content":{"rendered":"<p>&nbsp;<\/p>\n<p>LG CHEM RESU 6.5 LI-IO 6.5 kWh Akku<\/p>\n<p>LG Chem ESS Residential Energy Storage System Kompatibel mit Sunny Island 3.0M, Sunny Island 4.4M, Sunny Island 6.0 H, SolaX, Sungrow, Schneider, Ingeteam, GoodWe, Redback, Victron Energy.<\/p>\n<p>Der RESU ist eine intelligente Energiel\u00f6sung f\u00fcr Haushalte, die Ihre Stromkosten durch Spitzenmanagement effektiv senkt. In Verbindung mit Photovoltaikanlagen optimiert RESU die Nutzung des selbst erzeugten Stroms und tr\u00e4gt so weiter zu Kosteneinsparungen bei. Au\u00dferdem dient RESU als zuverl\u00e4ssige Stromquelle bei unerwarteten Stromausf\u00e4llen.<\/p>\n<p>Technische Daten f\u00fcr RESU 6.5 ESS Storage:<\/p>\n<ul>\n<li>Einsparungen bei der Stromrechnung: Effizientes Spitzenmanagement<\/li>\n<li>Nutzung von sauberer Energie aus PV-Anlagen<\/li>\n<li>Zuverl\u00e4ssige Stromversorgung<\/li>\n<li>Umweltvertr\u00e4gliche Materialien<\/li>\n<li>Geringe Wartung<\/li>\n<\/ul>\n<p>Wichtige technische Details:<\/p>\n<ul>\n<li>Modell: RESU 6.5<\/li>\n<li>Energiekapazit\u00e4t (kWh): 6.5<\/li>\n<li>Spannung (V): 48<\/li>\n<li>Kapazit\u00e4t (Ah): 126<\/li>\n<li>Batterie-Management-System (BMS): Integriert<\/li>\n<li>Gewicht (kg): 52<\/li>\n<li>Abmessungen (mm): Breite 452, H\u00f6he 654, Tiefe 120<\/li>\n<\/ul>","protected":false},"excerpt":{"rendered":"<p>&nbsp; LG CHEM RESU 6.5 LI-IO 6.5 kWh Speicherbatterie LG Chem ESS Residential Energy Storage System Kompatibel mit Sunny Island 3.0M, Sunny Island 4.4M, Sunny Island 6.0 H, SolaX, [...]<\/p>","protected":false},"featured_media":1091,"template":"","meta":{"_seopress_robots_primary_cat":"none","_seopress_titles_title":"LG CHEM RESU 6.5 LI-IO: Smart Energy Solution for Homes","_seopress_titles_desc":"Lower your electricity bill with peak management, enhance self-consumption of self-generated electricity, and enjoy a reliable power source with LG Chem RESU 6.5 ESS storage battery.","_seopress_robots_index":"","_kad_blocks_custom_css":"","_kad_blocks_head_custom_js":"","_kad_blocks_body_custom_js":"","_kad_blocks_footer_custom_js":""},"product_cat":[17],"product_tag":[],"class_list":{"0":"post-1090","1":"product","2":"type-product","3":"status-publish","4":"has-post-thumbnail","6":"product_cat-home-batteries","8":"first","9":"instock","10":"sale","11":"taxable","12":"shipping-taxable","13":"purchasable","14":"product-type-simple"},"taxonomy_info":{"product_cat":[{"value":17,"label":"Home batteries"}]},"featured_image_src_large":["https:\/\/ownpowr.com\/wp-content\/uploads\/2023\/07\/Resu6.5.jpeg",600,540,false],"author_info":[],"comment_info":"","_links":{"self":[{"href":"https:\/\/ownpowr.com\/de\/wp-json\/wp\/v2\/product\/1090","targetHints":{"allow":["GET"]}}],"collection":[{"href":"https:\/\/ownpowr.com\/de\/wp-json\/wp\/v2\/product"}],"about":[{"href":"https:\/\/ownpowr.com\/de\/wp-json\/wp\/v2\/types\/product"}],"wp:featuredmedia":[{"embeddable":true,"href":"https:\/\/ownpowr.com\/de\/wp-json\/wp\/v2\/media\/1091"}],"wp:attachment":[{"href":"https:\/\/ownpowr.com\/de\/wp-json\/wp\/v2\/media?parent=1090"}],"wp:term":[{"taxonomy":"product_cat","embeddable":true,"href":"https:\/\/ownpowr.com\/de\/wp-json\/wp\/v2\/product_cat?post=1090"},{"taxonomy":"product_tag","embeddable":true,"href":"https:\/\/ownpowr.com\/de\/wp-json\/wp\/v2\/product_tag?post=1090"}],"curies":[{"name":"wp","href":"https:\/\/api.w.org\/{rel}","templated":true}]}}