{"id":119,"date":"2022-11-11T09:25:43","date_gmt":"2022-11-11T07:25:43","guid":{"rendered":"https:\/\/ownpowr.com\/product\/sungrow-sbr096-battery-blue\/"},"modified":"2025-03-27T13:29:55","modified_gmt":"2025-03-27T11:29:55","slug":"sungrow-sbr096-battery-blue","status":"publish","type":"product","link":"https:\/\/ownpowr.com\/de\/product\/sungrow-sbr096-batterie-blau\/","title":{"rendered":"Sungrow SBR 9,6kWh SBR096"},"content":{"rendered":"<p>Sungrow SBR 9,6kWh SBR096 V2 blau LFP Akku + Zubeh\u00f6r<\/p>\n<p>Dieses Hausbatterie-Set von Sungrow enth\u00e4lt Folgendes:<br \/>\n3x Sungrow SBR Premium-Akkumodul 3,2 kWh<br \/>\n1x Sungrow Premium Batterie-Management-System + Zubeh\u00f6r<\/p>\n<p>- Akku-Typ: Prismatische LiFePO4-Zelle<br \/>\n- Nennleistung: 9,6 kWh<br \/>\n- Energie (nutzbar): 9,6 kWh<br \/>\n- Nennspannung: 192 V<br \/>\n- Betriebsspannung: 150 - 219 V<br \/>\n- Nennleistung DC: 5,76 kW<br \/>\n- Max. Lade-\/Entladeleistung: 6,57 kW<br \/>\n- Max. Lade-\/Entladestrom (kontinuierlich): 30 A<br \/>\n- Max. Lade-\/Entladestrom (10s Impuls): 42 A<br \/>\n- Tiefe der Entladung: 100%<br \/>\n- Kurzschlussstrom: 1700 A<br \/>\n- Anzeige: SOC-Anzeige, Statusanzeige<br \/>\n- Kommunikationsschnittstelle: CAN<br \/>\n- Installationsort: Innen \/ Au\u00dfen<br \/>\n- Montagemethode: Bodenstativ<br \/>\n- Betriebstemperaturbereich: Aufladen: 0 bis 50\u2103 \/ Entladen: -30 bis 50\u2103<br \/>\n- Schutzart: IP55<br \/>\n- Zul\u00e4ssige relative Luftfeuchtigkeit: 0% bis 95% (nicht kondensierend)<br \/>\n- Maximale H\u00f6he im Einsatz: 2000 m<br \/>\n- K\u00fchlungsmethode: nat\u00fcrliche Konvektion<br \/>\n- Zertifizierungen: CE, CEC, IEC 62619, IEC 62040, UN38.3, VDE 2510-50<br \/>\n- Anpassungsf\u00e4hig f\u00fcr Erweiterungen: Bis zu 4 Ger\u00e4te parallel (eine zus\u00e4tzliche Anschlussdose ist erforderlich, aber derzeit nicht verf\u00fcgbar)<\/p>\n<p><a href=\"https:\/\/storeyourownpower.com\/wp-content\/uploads\/2022\/08\/Datasheet-German-2.pdf\" target=\"_blank\" rel=\"noopener\">Datenblatt Deutsch<\/a><br \/>\n<a href=\"https:\/\/storeyourownpower.com\/wp-content\/uploads\/2022\/08\/Datasheets-English.pdf\" target=\"_blank\" rel=\"noopener\">Datenbl\u00e4tter Englisch<\/a><br \/>\n<a href=\"https:\/\/storeyourownpower.com\/wp-content\/uploads\/2022\/08\/Mounting-instructions-English-2.pdf\" target=\"_blank\" rel=\"noopener\">Montageanleitung Englisch<\/a><br \/>\n<a href=\"https:\/\/storeyourownpower.com\/wp-content\/uploads\/2022\/08\/Mounting-instructions-German-2.pdf\" target=\"_blank\" rel=\"noopener\">Montageanleitung Deutsch<\/a><br \/>\n<a href=\"https:\/\/storeyourownpower.com\/wp-content\/uploads\/2022\/08\/Warranty-terms-English-2.pdf\" target=\"_blank\" rel=\"noopener\">Garantiebedingungen Englisch<\/a><br \/>\n<a href=\"https:\/\/storeyourownpower.com\/wp-content\/uploads\/2022\/08\/Warranty-terms-German-1.pdf\" target=\"_blank\" rel=\"noopener\">Garantiebedingungen Deutsch<\/a><\/p>","protected":false},"excerpt":{"rendered":"<p>Sungrow SBR 9,6kWh SBR096 V2 blau LFP-Batterie + Zubeh\u00f6r Dieses Hausbatterie-Set von Sungrow enth\u00e4lt Folgendes: 3x Sungrow SBR Premium Batteriemodul 3,2 kWh 1x Sungrow Premium [...]<\/p>","protected":false},"featured_media":120,"template":"","meta":{"_seopress_robots_primary_cat":"none","_seopress_titles_title":"","_seopress_titles_desc":"","_seopress_robots_index":"","_kad_blocks_custom_css":"","_kad_blocks_head_custom_js":"","_kad_blocks_body_custom_js":"","_kad_blocks_footer_custom_js":""},"product_cat":[17],"product_tag":[],"class_list":{"0":"post-119","1":"product","2":"type-product","3":"status-publish","4":"has-post-thumbnail","6":"product_cat-home-batteries","8":"first","9":"instock","10":"sale","11":"taxable","12":"shipping-taxable","13":"purchasable","14":"product-type-simple"},"taxonomy_info":{"product_cat":[{"value":17,"label":"Home batteries"}]},"featured_image_src_large":["https:\/\/ownpowr.com\/wp-content\/uploads\/2022\/11\/Screenshot-2022-06-22-at-16.19.50.jpg",982,810,false],"author_info":[],"comment_info":"","_links":{"self":[{"href":"https:\/\/ownpowr.com\/de\/wp-json\/wp\/v2\/product\/119","targetHints":{"allow":["GET"]}}],"collection":[{"href":"https:\/\/ownpowr.com\/de\/wp-json\/wp\/v2\/product"}],"about":[{"href":"https:\/\/ownpowr.com\/de\/wp-json\/wp\/v2\/types\/product"}],"wp:featuredmedia":[{"embeddable":true,"href":"https:\/\/ownpowr.com\/de\/wp-json\/wp\/v2\/media\/120"}],"wp:attachment":[{"href":"https:\/\/ownpowr.com\/de\/wp-json\/wp\/v2\/media?parent=119"}],"wp:term":[{"taxonomy":"product_cat","embeddable":true,"href":"https:\/\/ownpowr.com\/de\/wp-json\/wp\/v2\/product_cat?post=119"},{"taxonomy":"product_tag","embeddable":true,"href":"https:\/\/ownpowr.com\/de\/wp-json\/wp\/v2\/product_tag?post=119"}],"curies":[{"name":"wp","href":"https:\/\/api.w.org\/{rel}","templated":true}]}}