{"id":185455,"date":"2025-01-30T09:44:03","date_gmt":"2025-01-30T07:44:03","guid":{"rendered":"https:\/\/ownpowr.com\/?post_type=product&#038;p=185455"},"modified":"2025-01-30T09:44:03","modified_gmt":"2025-01-30T07:44:03","slug":"blauhoff-maxus-storage-only-385kwh-liquid-cooled-energy-storage-cabinet-10y-warantee-8000-cycles","status":"publish","type":"product","link":"https:\/\/ownpowr.com\/de\/product\/blauhoff-maxus-storage-only-385kwh-flussigkeitsgekuhlter-energiespeicherschrank-10j-garantie-8000-zyklen\/","title":{"rendered":"Blauhoff Maxus Nur Speicher 385kWh Fl\u00fcssigkeitsgek\u00fchlter Energiespeicherschrank 10 Jahre Garantie 8000 Zyklen"},"content":{"rendered":"<p>ACHTUNG !<\/p>\n<p>Aufgrund der Integration und der Komplexit\u00e4t ist dieser Preis ein Gesch\u00e4ftspreis f\u00fcr Installateure ohne Mehrwertsteuer und ohne Montage.<\/p>\n<p>Die Montage wird von Ihrem Installateur vor Ort mit Hilfe unseres technischen Mitarbeiters durchgef\u00fchrt<\/p>\n<p>Blauhoff Maxus Nur Speicher 385Kwh Energiespeicherschrank Fl\u00fcssigkeitsgek\u00fchlt 10J Garantie 8000 Zyklen<\/p>\n<p>Subventionierung m\u00f6glich https:\/\/blauhoff.nl\/subsidies-thuisbatterij-voor-bedrijven\/<\/p>\n<p>Prismatische Zellen f\u00fcr h\u00f6chste Qualit\u00e4t und l\u00e4ngste Lebensdauer, 8000 Zyklen und 10 Jahre Garantie auf die Zellen ohne zus\u00e4tzliche Kosten und 5 Jahre auf das Ganze.<\/p>\n<p>Bei den meisten anderen Anbietern gibt es 3-5 Jahre auf ganze Zellen und Zellen und danach m\u00fcssen Sie extra bezahlen!<\/p>\n<p>Vollst\u00e4ndig integriertes ESS f\u00fcr einfachen Transport und Betrieb. Kann mit vielen gro\u00dfen Marken von Wechselrichtern (Somotec) angepasst und als kompakter Batteriespeicher verwendet werden.<\/p>\n<p>Das integrierte und modulare Design erm\u00f6glicht einen schnellen Aufbau und eine maximale Arbeitszeit von 3 Stunden.<\/p>\n<p>Blauhoff BLH-385kWh-Maxus, ist ein industrieller ESS-Speicherschrank mit Fl\u00fcssigkeitsk\u00fchlung, integriert mit Batterie, BMS, W\u00e4rmemanagement, Stromverteilung, Brandschutz, usw.<\/p>\n<p>Sein Sicherheitsdesign sorgt f\u00fcr eine bessere Batterieleistung und eine l\u00e4ngere Lebensdauer<br \/>\nLebensdauer. Mehrere Schr\u00e4nke k\u00f6nnen direkt parallel geschaltet werden (bis zu 30 Einheiten), um Energie zu speichern.<br \/>\nSystemerweiterung. Es ist superleicht skalierbar und portabel.<\/p>\n<p>Fl\u00fcssigk\u00fchlung :<br \/>\nDie Temperaturdrift von Batteriezellen<br \/>\nim gesamten System innerhalb von \u00b11,5\u00b0C liegt, aufgrund von<br \/>\nintelligentes Fl\u00fcssigkeitsk\u00fchlsystem. Es kann<br \/>\nverl\u00e4ngern die Lebensdauer des Systems um bis zu<br \/>\n30%, erh\u00f6ht die langfristige Effizienz des Systems<br \/>\nbis zu 88.5%.<\/p>\n<p>Sicher<br \/>\nDas System hat vier Verwaltungsebenen<br \/>\nStruktur, die eine pr\u00e4zise<br \/>\nKurzschlussschutz, \u00dcberstrom<br \/>\nSchutz, \u00dcberspannungsschutz<br \/>\nSchutz vor Unterspannung, \u00dcbertemperatur<br \/>\nSchutz usw..<\/p>\n<p><strong>NEN-EN-IEC 62619:2022 - Sekund\u00e4rzellen und -batterien, die alkalische oder andere nicht-saure Elektrolyte enthalten - Sicherheitsanforderungen an sekund\u00e4re Lithiumzellen und -batterien zur Verwendung in industriellen Anwendungen<\/strong><\/p>\n<p><strong>NEN-EN-IEC 61000-6-2\u3001EN IEC 61000-6-4<\/strong><\/p>\n<p><strong>UL 9540A:2019 Ausgabe 4 - Norm f\u00fcr das Pr\u00fcfverfahren zur Bewertung der Ausbreitung eines thermischen Durchgehensfeuers in Batteriespeichersystemen<\/strong><\/p>\n<p><strong>UN38.3<\/strong><strong>s<\/strong><\/p>","protected":false},"excerpt":{"rendered":"<p>ACHTUNG ! Aufgrund der Integration und Komplexit\u00e4t handelt es sich bei diesem Preis um gewerbliche Installateurpreise exkl. MwSt. und exkl. Montage Die Montage erfolgt durch Ihren Installateur vor Ort mit Hilfe unserer technischen [...]<\/p>","protected":false},"featured_media":185452,"template":"","meta":{"_seopress_robots_primary_cat":"none","_seopress_titles_title":"","_seopress_titles_desc":"","_seopress_robots_index":"","_kad_blocks_custom_css":"","_kad_blocks_head_custom_js":"","_kad_blocks_body_custom_js":"","_kad_blocks_footer_custom_js":""},"product_cat":[17],"product_tag":[],"class_list":{"0":"post-185455","1":"product","2":"type-product","3":"status-publish","4":"has-post-thumbnail","6":"product_cat-home-batteries","8":"first","9":"instock","10":"sale","11":"taxable","12":"shipping-taxable","13":"purchasable","14":"product-type-simple"},"taxonomy_info":{"product_cat":[{"value":17,"label":"Home batteries"}]},"featured_image_src_large":["https:\/\/ownpowr.com\/wp-content\/uploads\/2024\/10\/maxus-.png",300,300,false],"author_info":[],"comment_info":"","_links":{"self":[{"href":"https:\/\/ownpowr.com\/de\/wp-json\/wp\/v2\/product\/185455","targetHints":{"allow":["GET"]}}],"collection":[{"href":"https:\/\/ownpowr.com\/de\/wp-json\/wp\/v2\/product"}],"about":[{"href":"https:\/\/ownpowr.com\/de\/wp-json\/wp\/v2\/types\/product"}],"wp:featuredmedia":[{"embeddable":true,"href":"https:\/\/ownpowr.com\/de\/wp-json\/wp\/v2\/media\/185452"}],"wp:attachment":[{"href":"https:\/\/ownpowr.com\/de\/wp-json\/wp\/v2\/media?parent=185455"}],"wp:term":[{"taxonomy":"product_cat","embeddable":true,"href":"https:\/\/ownpowr.com\/de\/wp-json\/wp\/v2\/product_cat?post=185455"},{"taxonomy":"product_tag","embeddable":true,"href":"https:\/\/ownpowr.com\/de\/wp-json\/wp\/v2\/product_tag?post=185455"}],"curies":[{"name":"wp","href":"https:\/\/api.w.org\/{rel}","templated":true}]}}