{"id":187425,"date":"2024-10-23T16:57:40","date_gmt":"2024-10-23T14:57:40","guid":{"rendered":"https:\/\/ownpowr.com\/?post_type=product&#038;p=187425"},"modified":"2025-01-30T09:51:50","modified_gmt":"2025-01-30T07:51:50","slug":"blauhoff-40k-100kwh-hv-3-phase-systeem-powerpack-ip55-100ah-1c-charge-discharge","status":"publish","type":"product","link":"https:\/\/ownpowr.com\/de\/product\/blauhoff-40k-100kwh-hv-3-phase-systeem-powerpack-ip55-100ah-1c-laden-entladen\/","title":{"rendered":"Blauhoff 40K\/100kWh HV 3 Phase Systeem Powerpack IP55 100aH 1C Ladung\/Entladung"},"content":{"rendered":"<p>Blauhoff Home 40K\/100 kWh HV 3 Phasen System Kobaltfrei Powerpack IP55 Outdoor\/Indoor\/Kobaltfrei 100aH 1C<\/p>\n<p>Das superrobuste und leicht erweiterbare Blauhoff Home BLH-40k\/100 kWh 3-Phasen-System der renommierten Marke Blauhoff bietet eine zuverl\u00e4ssige und effiziente Energiespeicherl\u00f6sung f\u00fcr Haushalte mit h\u00f6herem Verbrauch. Mit diesem leistungsstarken System k\u00f6nnen Sie die Energieeffizienz Ihres Hauses optimieren, Ihre Abh\u00e4ngigkeit vom Stromnetz verringern und von der Notstromversorgung bei Stromausf\u00e4llen profitieren. Au\u00dferdem wird dieses System mit kostenloser Montage geliefert, was eine problemlose Installation gew\u00e4hrleistet. Kommuniziert mit Dynamic Power nach Bedarf ohne Abonnement und immer freie Wahl des Energieversorgers !<\/p>\n<p>Der Wechselrichter hat eine L\u00e4nge von 780 mm und ein Gewicht von 33,6 kg. Ein zus\u00e4tzliches 300 mm langes Kabel zwischen dem Wechselrichter und der Batterie erm\u00f6glicht es Ihnen, die optimale Platzierung f\u00fcr Ihr System zu bestimmen und sorgt f\u00fcr eine effiziente Energie\u00fcbertragung und minimale Energieverluste.<\/p>\n<p>Das Batteriesystem Blauhoff ist langlebig, kobaltfrei und kompakt und flach, mit Abmessungen von 734 mm x 400 mm pro Modul und einem Gewicht von 1128 kg. Die Batterie hat eine Kapazit\u00e4t von 100 kWh, so dass Sie \u00fcbersch\u00fcssige Energie, die von Ihren Solarmodulen oder anderen Energiequellen erzeugt wird, speichern k\u00f6nnen. In Zeiten, in denen keine Energie produziert wird, k\u00f6nnen Sie die gespeicherte Energie nutzen, um Ihren Energieverbrauch zu decken, Ihre Abh\u00e4ngigkeit vom Stromnetz zu verringern und Ihre Energiekosten weiter zu senken. Dies alles geschieht automatisch in Kombination mit einem dynamischen Energievertrag, wie er jetzt vorliegt. Sie k\u00f6nnen dann im Winter nachts billigen Strom nutzen und ihn den ganzen Tag \u00fcber verwenden und im Sommer nachmittags kostenlos aufladen und ihn abends verwenden und morgens oder nachts das Auto damit aufladen.<\/p>\n<p>Spezielles Lade-\/Entladeger\u00e4t 1C (100aH), damit Sie blitzschnell laden und entladen k\u00f6nnen. 8000 Zyklen, 10 Jahre Garantie &amp; UL9540A zertifiziert, die h\u00f6chste erreichbare und feuersichere Kategorie!<\/p>\n<p>Immer mit kostenlosem Blauhoff Smartlanhub inklusive App und Hardware, so dass Sie automatisch und ohne Abogeb\u00fchren dynamisch handeln k\u00f6nnen und die Kontrolle \u00fcber Ihren eigenen Energieversorger haben. Sie k\u00f6nnen t\u00e4glich zum g\u00fcnstigsten Anbieter wechseln. Auch kompatibel mit Homeautomation und Homey Pro home domotica.<\/p>\n<p>Das Home BLH-40k\/100 kWh 3-Phasen-System wird f\u00fcr Haushalte mit einem durchschnittlichen Jahresverbrauch von etwa 36500 kWh empfohlen. Mit einer Leistung von 100 kW k\u00f6nnen Sie einen erheblichen Teil Ihres Energiebedarfs mit der erzeugten Solarenergie und der in der Batterie gespeicherten Energie decken. Dar\u00fcber hinaus bietet dieses System eine Notstromversorgung, so dass wichtige Ger\u00e4te auch bei Stromausf\u00e4llen funktionieren und Ihr Tagesablauf ohne Unterbrechung fortgesetzt werden kann. Das System ist au\u00dferdem auf bis zu 600kWh erweiterbar.<\/p>\n<p>Das Blauhoff Home BLH-40k\/100 kWh 3-Phasen-System Powerpack wurde mit Blick auf Flexibilit\u00e4t entwickelt. Es verf\u00fcgt \u00fcber einen Generator-\/Windm\u00fchlenanschluss, so dass Sie zus\u00e4tzliche Stromquellen hinzuf\u00fcgen und Ihre Energieunabh\u00e4ngigkeit weiter erh\u00f6hen k\u00f6nnen. Mit einem Mindestanschluss von 3x63A und geeignet f\u00fcr 3-Phasen-Konfigurationen ist dieses System mit den meisten Haushaltsstromnetzen kompatibel.<\/p>\n<p>Dank der kostenlosen Montage k\u00f6nnen Sie sich auf eine professionelle Installation verlassen. So wird sichergestellt, dass Ihr System vom ersten Moment an optimal funktioniert und Sie eine sorgenfreie Erfahrung genie\u00dfen k\u00f6nnen.<\/p>\n<p>Steigen Sie um auf eine effizientere und nachhaltigere Energieversorgung mit dem Blauhoff Home BLH-40k\/100kWh 3-Phasen-System. Mit leistungsstarker Energiespeicherung, Notstromversorgung und Flexibilit\u00e4t bei den Energiequellen k\u00f6nnen Sie sich auf eine zuverl\u00e4ssige Stromversorgung verlassen, Kosteneinsparungen realisieren und Ihren \u00f6kologischen Fu\u00dfabdruck verringern. Entscheiden Sie sich f\u00fcr Blauhoff und bereiten Sie Ihr Zuhause auf den Energiebedarf der Zukunft vor.<\/p>\n<p><a href=\"https:\/\/blauhoff.nl\/wp-content\/uploads\/2024\/10\/Blauhoff-Power-Pack-HV-V1.4-1.pdf\" target=\"_blank\" rel=\"noopener\">Blauhoff Kraftpaket HV V1.4 (1)<\/a><\/p>","protected":false},"excerpt":{"rendered":"<p>Blauhoff Home 40K\/100 kWh HV 3 Phase System Cobalt free Powerpack IP55 Outdoor\/Indoor\/Cobalt free 100aH 1C Das super robuste und leicht erweiterbare Blauhoff Home BLH-40k\/100 kWh 3 Phase System, von [...]<\/p>","protected":false},"featured_media":187428,"template":"","meta":{"_seopress_robots_primary_cat":"none","_seopress_titles_title":"","_seopress_titles_desc":"","_seopress_robots_index":"","_kad_blocks_custom_css":"","_kad_blocks_head_custom_js":"","_kad_blocks_body_custom_js":"","_kad_blocks_footer_custom_js":""},"product_cat":[17,19],"product_tag":[],"class_list":{"0":"post-187425","1":"product","2":"type-product","3":"status-publish","4":"has-post-thumbnail","6":"product_cat-home-batteries","7":"product_cat-sets-with-inverters","9":"first","10":"instock","11":"taxable","12":"shipping-taxable","13":"purchasable","14":"product-type-simple"},"taxonomy_info":{"product_cat":[{"value":17,"label":"Home batteries"},{"value":19,"label":"Sets with inverters"}]},"featured_image_src_large":["https:\/\/ownpowr.com\/wp-content\/uploads\/2024\/10\/bh3_40k_100kwh-300x300-1.png",300,300,false],"author_info":[],"comment_info":"","_links":{"self":[{"href":"https:\/\/ownpowr.com\/de\/wp-json\/wp\/v2\/product\/187425","targetHints":{"allow":["GET"]}}],"collection":[{"href":"https:\/\/ownpowr.com\/de\/wp-json\/wp\/v2\/product"}],"about":[{"href":"https:\/\/ownpowr.com\/de\/wp-json\/wp\/v2\/types\/product"}],"wp:featuredmedia":[{"embeddable":true,"href":"https:\/\/ownpowr.com\/de\/wp-json\/wp\/v2\/media\/187428"}],"wp:attachment":[{"href":"https:\/\/ownpowr.com\/de\/wp-json\/wp\/v2\/media?parent=187425"}],"wp:term":[{"taxonomy":"product_cat","embeddable":true,"href":"https:\/\/ownpowr.com\/de\/wp-json\/wp\/v2\/product_cat?post=187425"},{"taxonomy":"product_tag","embeddable":true,"href":"https:\/\/ownpowr.com\/de\/wp-json\/wp\/v2\/product_tag?post=187425"}],"curies":[{"name":"wp","href":"https:\/\/api.w.org\/{rel}","templated":true}]}}