{"id":187742,"date":"2024-10-25T09:11:12","date_gmt":"2024-10-25T07:11:12","guid":{"rendered":"https:\/\/ownpowr.com\/?post_type=product&#038;p=187742"},"modified":"2025-01-30T09:53:51","modified_gmt":"2025-01-30T07:53:51","slug":"blauhoff-25k-80kwh-hv-3-phase-system-powerpack-ip55-100ah-1c-charge-discharge","status":"publish","type":"product","link":"https:\/\/ownpowr.com\/de\/product\/blauhoff-25k-80kwh-hv-3-phase-system-powerpack-ip55-100ah-1c-laden-entladen\/","title":{"rendered":"Blauhoff 25K\/80kWh HV 3 Phase System Powerpack IP55 100aH 1C Laden\/Entladen"},"content":{"rendered":"<h2>Blauhoff Home 25K\/80 kWh HV 3 Fase systeem Cobalt vrij Powerpack IP55 Outdoor\/Indoor\/Cobalt vrij 100aH 1C<\/h2>\n<p>Das superrobuste und makellose Blauhoff Home BLH-25k\/80 kWh 3 Fase Systeem, von der renommierten Marke Blauhoff, bietet eine betr\u00e4chtliche und effiziente M\u00f6glichkeit zur Energieeinsparung in Haushalten mit einem hohen Verbrauch. Mit diesem krachtigen System k\u00f6nnen Sie die Energieeffizienz Ihres Hauses optimieren, Ihre Abh\u00e4ngigkeit vom Stromnetz verringern und von den Vorteilen der Raumeinsparung profitieren. Dar\u00fcber hinaus wird das System mit einer kostenlosen Montage ausgestattet, die f\u00fcr eine reibungslose Installation sorgt. Das System ist mit einem dynamischen Raum verbunden, der \u00fcber ein Abonnement verf\u00fcgt, und bietet eine Vielzahl von M\u00f6glichkeiten zur Energieeinsparung!<\/p>\n<p>Der Omvormer hat eine L\u00e4nge von 780 mm und ein Gewicht von 33,6 kg. Mit einem zus\u00e4tzlichen 300 mm langen Kabel zwischen dem Omvormer und der Batterie k\u00f6nnen Sie die optimale Platzierung f\u00fcr Ihr System finden, was f\u00fcr eine effiziente Energieversorgung und minimale Energieverluste sorgt.<\/p>\n<p>Das Blauhoff Batteriesystem ist kompakt und leicht, mit Abmessungen von 734 mm x 400 mm pro Modul und einem Gewicht von 906 kg. Die Batterie hat eine Kapazit\u00e4t von 80 kWh, so dass Sie \u00fcbersch\u00fcssige Energie, die von Ihren Stromtanks oder anderen Energiequellen geliefert wird, aufladen k\u00f6nnen. In Momenten, in denen es keine Energieprodukte gibt, m\u00fcssen Sie die \u00fcbersch\u00fcssige Energie nutzen, um Ihre Energiebilanz zu verbessern, so dass Sie das Stromnetz und Ihre Energiekosten nicht mehr so stark belasten m\u00fcssen. Dies geschieht automatisch in Kombination mit einem dynamischen Energievertrag als Alternative. So k\u00f6nnen Sie im Winter von einem guten Stromnetz profitieren, das Sie nachts und am n\u00e4chsten Tag nutzen k\u00f6nnen und das Sie am Mittag und am Morgen oder in der Nacht kostenlos in Ihr Auto laden k\u00f6nnen.<\/p>\n<p><strong>Speziell gemaakt Charge\/Discharge 1C (100aH), so dass Sie schnell laden und aufladen k\u00f6nnen. 8000 Zyklen, 10 Jahre Garantie und UL9540A-Zertifizierung, die hochwertigste und hochwertigste Kategorie!<\/strong><\/p>\n<p><strong>Altijd geleverd met gratis Blauhoff Smartlanhub inclusief app en hardware, zodat u automatisch en zonder abonnementskosten dynamisch kan handelen en zelf de baas over uw energie leverancier bent.  Sie k\u00f6nnen also jederzeit auf den neuesten Stand gebracht werden. Kompatibel mit Homeautomation und Homey Pro domotica.<\/strong><\/p>\n<p>Das Home BLH-25k\/80 kWh 3 Fase Systeem eignet sich f\u00fcr Haushalte mit einem j\u00e4hrlichen Verbrauch von mehr als 29200 kWh. Mit einem Vermogen von 25 kW k\u00f6nnen Sie einen gro\u00dfen Teil Ihres Energiebedarfs mit Hilfe der verbrauchten Zonnenenergie und der verbrauchten Energie in der Batterie abdecken. Dar\u00fcber hinaus bietet das System auch die M\u00f6glichkeit, dass wichtige Ger\u00e4te w\u00e4hrend des Betriebs arbeiten und Sie Ihre t\u00e4glichen Routineaufgaben erledigen k\u00f6nnen. Das System kann bis zu 600kWh verbrauchen.<\/p>\n<p>Das Blauhoff Home BLH-25k\/80 kWh 3 Fase Systeem Powerpack ist ein flexibel einsetzbares Kraftpaket. Es verf\u00fcgt \u00fcber einen Generator\/Windm\u00fchlenanschluss, der es Ihnen erm\u00f6glicht, zus\u00e4tzliche Energiequellen zu nutzen und Ihre Energieversorgung zu verbessern. Mit einem minimalen Durchfluss von 3x25A und einer 3-Phasen-Konfiguration ist dieses System kompatibel mit den meisten Stromnetzen.<\/p>\n<p>Dank der kostenlosen Montage k\u00f6nnen Sie eine professionelle Installation durchf\u00fchren, so dass Ihr System ab dem ersten Moment optimal funktioniert und Sie eine optimale Wartung genie\u00dfen k\u00f6nnen.<\/p>\n<p>Erreichen Sie mit dem Blauhoff Home BLH-25k\/80kWh 3 Fase Systeem eine effizientere und effizientere Energieversorgung. Mit krachtige energieopslag, noodstroomvoorziening en flexibiliteit in energiebronnen kunt u vertrouwen op een betrouwbare stroomvoorziening, kostbesparingen realiseren en uw ecologische voetafdruk verkleinen. W\u00e4hlen Sie Blauhoff und stellen Sie Ihre Energieversorgung auf den neuesten Stand.<\/p>\n<p><a href=\"https:\/\/blauhoff.nl\/wp-content\/uploads\/2024\/10\/Blauhoff-Power-Pack-HV-V1.4-1.pdf\" target=\"_blank\" rel=\"noopener\">Blauhoff Kraftpaket HV V1.4 (1)<\/a><\/p>","protected":false},"excerpt":{"rendered":"<p>Blauhoff Home 25K\/80 kWh HV 3 Fase Systeem Cobalt vrij Powerpack IP55 Outdoor\/Indoor\/Cobalt vrij 100aH 1C Het super robuste en makkelijk uitbreidbare Blauhoff Home BLH-25k\/80 kWh 3 Fase Systeem, van [...]<\/p>","protected":false},"featured_media":187745,"template":"","meta":{"_seopress_robots_primary_cat":"none","_seopress_titles_title":"","_seopress_titles_desc":"","_seopress_robots_index":"","_kad_blocks_custom_css":"","_kad_blocks_head_custom_js":"","_kad_blocks_body_custom_js":"","_kad_blocks_footer_custom_js":""},"product_cat":[17,19],"product_tag":[],"class_list":{"0":"post-187742","1":"product","2":"type-product","3":"status-publish","4":"has-post-thumbnail","6":"product_cat-home-batteries","7":"product_cat-sets-with-inverters","9":"first","10":"instock","11":"taxable","12":"shipping-taxable","13":"purchasable","14":"product-type-simple"},"taxonomy_info":{"product_cat":[{"value":17,"label":"Home batteries"},{"value":19,"label":"Sets with inverters"}]},"featured_image_src_large":["https:\/\/ownpowr.com\/wp-content\/uploads\/2024\/10\/bh3-25k-80kwh-300x300-1.png",300,300,false],"author_info":[],"comment_info":"","_links":{"self":[{"href":"https:\/\/ownpowr.com\/de\/wp-json\/wp\/v2\/product\/187742","targetHints":{"allow":["GET"]}}],"collection":[{"href":"https:\/\/ownpowr.com\/de\/wp-json\/wp\/v2\/product"}],"about":[{"href":"https:\/\/ownpowr.com\/de\/wp-json\/wp\/v2\/types\/product"}],"wp:featuredmedia":[{"embeddable":true,"href":"https:\/\/ownpowr.com\/de\/wp-json\/wp\/v2\/media\/187745"}],"wp:attachment":[{"href":"https:\/\/ownpowr.com\/de\/wp-json\/wp\/v2\/media?parent=187742"}],"wp:term":[{"taxonomy":"product_cat","embeddable":true,"href":"https:\/\/ownpowr.com\/de\/wp-json\/wp\/v2\/product_cat?post=187742"},{"taxonomy":"product_tag","embeddable":true,"href":"https:\/\/ownpowr.com\/de\/wp-json\/wp\/v2\/product_tag?post=187742"}],"curies":[{"name":"wp","href":"https:\/\/api.w.org\/{rel}","templated":true}]}}