{"id":189103,"date":"2025-01-30T10:14:35","date_gmt":"2025-01-30T08:14:35","guid":{"rendered":"https:\/\/ownpowr.com\/?post_type=product&#038;p=189103"},"modified":"2025-01-30T10:14:36","modified_gmt":"2025-01-30T08:14:36","slug":"blauhoff-home-12k-50-kwh-lv-3-phase-system-powerpack-ip55-100ah-1c-charge-discharge","status":"publish","type":"product","link":"https:\/\/ownpowr.com\/de\/product\/blauhoff-home-12k-50-kwh-lv-3-phase-system-powerpack-ip55-100ah-1c-laden-entladen\/","title":{"rendered":"Blauhoff Home 12K\/50 kWh LV 3 Phase System Powerpack IP55 100aH 1C Laden\/Entladen"},"content":{"rendered":"<p>Blauhoff Home 12K\/50 kWh LV 3 Phasen System Kobaltfrei Powerpack IP55 Outdoor\/Indoor\/Kobaltfrei 100aH 1C<\/p>\n<p>Das superrobuste und leicht erweiterbare Blauhoff Home BLH-12k\/50 kWh 3-Phasen-System der renommierten Marke Blauhoff bietet eine zuverl\u00e4ssige und effiziente Energiespeicherl\u00f6sung f\u00fcr Haushalte mit h\u00f6herem Verbrauch. Mit diesem leistungsstarken System k\u00f6nnen Sie die Energieeffizienz Ihres Hauses optimieren, Ihre Abh\u00e4ngigkeit vom Stromnetz verringern und von der Notstromversorgung bei Stromausf\u00e4llen profitieren. Au\u00dferdem wird dieses System mit kostenloser Montage geliefert, was eine problemlose Installation gew\u00e4hrleistet. Kommuniziert mit dynamischem Strom nach Bedarf ohne Abonnement und immer freie Wahl des Energieversorgers !<\/p>\n<p>Der Wechselrichter hat eine L\u00e4nge von 780 mm und ein Gewicht von 33,6 kg. Ein zus\u00e4tzliches 300 mm langes Kabel zwischen dem Wechselrichter und der Batterie erm\u00f6glicht es Ihnen, die optimale Platzierung f\u00fcr Ihr System zu bestimmen und sorgt f\u00fcr eine effiziente Energie\u00fcbertragung und minimale Energieverluste.<\/p>\n<p>Das Batteriesystem Blauhoff ist langlebig, kobaltfrei und kompakt und flach, mit Abmessungen von 734 mm x 400 mm pro Modul und einem Gewicht von 564 kg. Die Batterie hat eine Kapazit\u00e4t von 50 kWh, so dass Sie \u00fcbersch\u00fcssige Energie, die von Ihren Solarmodulen oder anderen Energiequellen erzeugt wird, speichern k\u00f6nnen. In Zeiten, in denen keine Energie produziert wird, k\u00f6nnen Sie die gespeicherte Energie nutzen, um Ihren Energieverbrauch zu decken, Ihre Abh\u00e4ngigkeit vom Stromnetz zu verringern und Ihre Energiekosten weiter zu senken. Dies alles geschieht automatisch in Verbindung mit dem vorhandenen dynamischen Energievertrag. Sie k\u00f6nnen dann im Winter nachts billigen Strom nutzen und ihn den ganzen Tag \u00fcber verbrauchen und im Sommer nachmittags kostenlos laden und abends verbrauchen und morgens oder nachts das Auto damit aufladen.<\/p>\n<p>Speziell angefertigte Ladung\/Entladung 1C (100aH), damit Sie unglaublich schnell laden und entladen k\u00f6nnen. 8000 Zyklen, 10 Jahre Garantie &amp; UL9540A zertifiziert, die h\u00f6chste erreichbare und feuersicherste Kategorie!<\/p>\n<p>Immer mit kostenlosem Blauhoff Smartlanhub inklusive App und Hardware, damit Sie automatisch und ohne Abo-Geb\u00fchren dynamisch handeln k\u00f6nnen und die Kontrolle \u00fcber Ihren Energieversorger haben. Sie k\u00f6nnen t\u00e4glich zu dem g\u00fcnstigsten Anbieter wechseln. Auch kompatibel mit Homeautomation und Homey Pro Hausautomation.<\/p>\n<p>Das Home BLH-12k\/50 kWh 3-Phasen-System wird f\u00fcr Haushalte mit einem durchschnittlichen Jahresverbrauch von etwa 18250 kWh empfohlen. Mit einer Leistung von 12 kW k\u00f6nnen Sie einen erheblichen Teil Ihres Energiebedarfs mit der erzeugten Solarenergie und der in der Batterie gespeicherten Energie decken. Dar\u00fcber hinaus liefert dieses System Notstrom, so dass wichtige Ger\u00e4te auch bei Stromausf\u00e4llen weiter funktionieren und Ihr Tagesablauf ununterbrochen weiterl\u00e4uft. Das System ist au\u00dferdem auf bis zu 600kWh erweiterbar.<\/p>\n<p>Das Blauhoff Home BLH-12k\/50 kWh 3-Phasen-System Powerpack wurde mit Blick auf Flexibilit\u00e4t entwickelt. Es verf\u00fcgt \u00fcber einen Generator-\/Windradanschluss, der es Ihnen erm\u00f6glicht, zus\u00e4tzliche Stromquellen hinzuzuf\u00fcgen und Ihre Energieunabh\u00e4ngigkeit weiter zu erh\u00f6hen. Mit einem Mindestanschluss von 3x25A und geeignet f\u00fcr 3-Phasen-Konfigurationen ist dieses System mit den meisten Haushaltsstromnetzen kompatibel.<\/p>\n<p>Bei der kostenlosen Montage k\u00f6nnen Sie sich auf eine professionelle Installation verlassen, die sicherstellt, dass Ihr System vom ersten Moment an optimal funktioniert und Sie eine sorgenfreie Erfahrung genie\u00dfen k\u00f6nnen.<\/p>\n<p>Steigen Sie um auf eine effizientere und nachhaltigere Energieversorgung mit dem Blauhoff Home BLH-12k\/50kWh 3-Phasen-System. Mit leistungsstarker Energiespeicherung, Notstromversorgung und Flexibilit\u00e4t bei den Energiequellen k\u00f6nnen Sie sich auf eine zuverl\u00e4ssige Stromversorgung verlassen, Kosteneinsparungen realisieren und Ihren \u00f6kologischen Fu\u00dfabdruck verringern. Entscheiden Sie sich f\u00fcr Blauhoff und bereiten Sie Ihr Zuhause auf den Energiebedarf der Zukunft vor.<\/p>\n<p><a href=\"https:\/\/blauhoff.nl\/wp-content\/uploads\/2024\/07\/Blauhoff-Power-Pack-LV-V1.3-1.pdf\" target=\"_blank\" rel=\"noopener\">Blauhoff Kraftpaket LV V1.3<\/a><\/p>","protected":false},"excerpt":{"rendered":"<p>Blauhoff Home 12K\/50 kWh LV 3-Phasen-System Kobaltfrei Powerpack IP55 Outdoor\/Indoor\/Kobaltfrei 100aH 1C Das super robuste und leicht erweiterbare Blauhoff Home BLH-12k\/50 kWh 3-Phasen-System, von [...]<\/p>","protected":false},"featured_media":189106,"template":"","meta":{"_seopress_robots_primary_cat":"none","_seopress_titles_title":"","_seopress_titles_desc":"","_seopress_robots_index":"","_kad_blocks_custom_css":"","_kad_blocks_head_custom_js":"","_kad_blocks_body_custom_js":"","_kad_blocks_footer_custom_js":""},"product_cat":[17,19],"product_tag":[],"class_list":{"0":"post-189103","1":"product","2":"type-product","3":"status-publish","4":"has-post-thumbnail","6":"product_cat-home-batteries","7":"product_cat-sets-with-inverters","9":"first","10":"instock","11":"taxable","12":"shipping-taxable","13":"purchasable","14":"product-type-simple"},"taxonomy_info":{"product_cat":[{"value":17,"label":"Home batteries"},{"value":19,"label":"Sets with inverters"}]},"featured_image_src_large":["https:\/\/ownpowr.com\/wp-content\/uploads\/2024\/11\/bh3_12k_50kwh-480x480-1.png",480,480,false],"author_info":[],"comment_info":"","_links":{"self":[{"href":"https:\/\/ownpowr.com\/de\/wp-json\/wp\/v2\/product\/189103","targetHints":{"allow":["GET"]}}],"collection":[{"href":"https:\/\/ownpowr.com\/de\/wp-json\/wp\/v2\/product"}],"about":[{"href":"https:\/\/ownpowr.com\/de\/wp-json\/wp\/v2\/types\/product"}],"wp:featuredmedia":[{"embeddable":true,"href":"https:\/\/ownpowr.com\/de\/wp-json\/wp\/v2\/media\/189106"}],"wp:attachment":[{"href":"https:\/\/ownpowr.com\/de\/wp-json\/wp\/v2\/media?parent=189103"}],"wp:term":[{"taxonomy":"product_cat","embeddable":true,"href":"https:\/\/ownpowr.com\/de\/wp-json\/wp\/v2\/product_cat?post=189103"},{"taxonomy":"product_tag","embeddable":true,"href":"https:\/\/ownpowr.com\/de\/wp-json\/wp\/v2\/product_tag?post=189103"}],"curies":[{"name":"wp","href":"https:\/\/api.w.org\/{rel}","templated":true}]}}