{"id":194672,"date":"2024-11-29T12:20:43","date_gmt":"2024-11-29T10:20:43","guid":{"rendered":"https:\/\/ownpowr.com\/?post_type=product&#038;p=194672"},"modified":"2025-01-30T10:20:05","modified_gmt":"2025-01-30T08:20:05","slug":"blauhoff-25k-342-kwh-slim-line-hv","status":"publish","type":"product","link":"https:\/\/ownpowr.com\/de\/product\/blauhoff-25k-342-kwh-slim-line-hv\/","title":{"rendered":"Blauhoff 25k\/34,2 kWh Slim Line HV"},"content":{"rendered":"<p>Blauhoff Home 25K\/34.2kWh 3 Phasen System Slim Line IP65 17 cm d\u00fcnn Outdoor\/Indoor !<\/p>\n<p>Das superschlanke Blauhoff Home 25K\/34.2kWh 3-Phasen-System der renommierten Marke Blauhoff bietet eine zuverl\u00e4ssige und effiziente L\u00f6sung f\u00fcr die Energiespeicherung in Haushalten mit durchschnittlichem Verbrauch. Mit diesem leistungsstarken System k\u00f6nnen Sie die Energieeffizienz Ihres Hauses optimieren, Ihre Abh\u00e4ngigkeit vom Stromnetz verringern und von der Notstromversorgung bei einem Stromausfall profitieren. Dar\u00fcber hinaus wird dieses System mit einer kostenlosen Installation geliefert, die eine sorgenfreie Installation gew\u00e4hrleistet. Kommuniziert mit Dynamic Power nach Bedarf ohne Abonnement und immer freie Wahl des Energieversorgers!<\/p>\n<p>Der Wechselrichter hat eine L\u00e4nge von 780 mm und ein Gewicht von 33,6 kg. Mit einem zus\u00e4tzlichen 300 mm langen Kabel zwischen dem Wechselrichter und der Batterie k\u00f6nnen Sie die optimale Platzierung f\u00fcr Ihr System bestimmen, was eine effiziente Energie\u00fcbertragung und minimale Energieverluste gew\u00e4hrleistet.<\/p>\n<p>Das Blauhoff Batteriesystem ist langlebig und ultrakompakt und flach, misst 670mm x 900mm x 170mm und wiegt 150kg. Die Batterie hat eine Kapazit\u00e4t von 34,2 kWh und erm\u00f6glicht es Ihnen, \u00fcbersch\u00fcssige Energie zu speichern, die von Ihren Solarzellen oder anderen Energiequellen erzeugt wird. Wenn keine Energie produziert wird, k\u00f6nnen Sie die gespeicherte Energie nutzen, um Ihren Energieverbrauch zu decken. So sind Sie weniger abh\u00e4ngig vom Stromnetz und k\u00f6nnen Ihre Energiekosten weiter senken. Dies alles geschieht automatisch in Kombination mit einem dynamischen Energievertrag, falls verf\u00fcgbar. So k\u00f6nnen Sie im Winter nachts von billigem Strom profitieren und ihn den ganzen Tag \u00fcber nutzen. Im Sommer k\u00f6nnen Sie nachmittags und abends kostenlos laden und damit morgens oder nachts Ihr Auto aufladen.<\/p>\n<p>Das Home 25K\/34.2kWh 3-Phasen-System wird f\u00fcr Haushalte mit einem durchschnittlichen Jahresverbrauch von etwa 12483 kWh empfohlen. Mit einer Kapazit\u00e4t von 25 kW k\u00f6nnen Sie einen betr\u00e4chtlichen Teil Ihres Energiebedarfs mit der erzeugten und in der Batterie gespeicherten Solarenergie decken. Dar\u00fcber hinaus liefert dieses System Notstrom, so dass wichtige Ger\u00e4te auch bei Stromausf\u00e4llen weiter funktionieren und Ihr Tagesablauf ununterbrochen weiterl\u00e4uft.<\/p>\n<p>Das Blauhoff Home 25K\/34.2kWh 3-Phasen-System Slim Line wurde mit Blick auf die Flexibilit\u00e4t entwickelt. Es verf\u00fcgt \u00fcber einen Generator-\/Windturbinenanschluss, der Ihnen die M\u00f6glichkeit bietet, zus\u00e4tzliche Energiequellen hinzuzuf\u00fcgen und Ihre Energieunabh\u00e4ngigkeit weiter zu erh\u00f6hen. Mit einem Mindestanschluss von 3x50A und geeignet f\u00fcr 3-Phasen-Konfigurationen ist dieses System mit den meisten Haushaltsstromnetzen kompatibel.<\/p>\n<p>Dank der kostenlosen Installation k\u00f6nnen Sie sich auf eine professionelle Installation verlassen. So wird sichergestellt, dass Ihr System vom ersten Moment an optimal funktioniert und Sie ein sorgenfreies Erlebnis genie\u00dfen k\u00f6nnen.<\/p>\n<p>Steigen Sie mit dem Blauhoff Home 25K\/34.2kWh 3-Phasen-System auf eine effizientere und nachhaltigere Energieversorgung um. Mit leistungsstarker Energiespeicherung, Notstromversorgung und Flexibilit\u00e4t bei den Energiequellen k\u00f6nnen Sie sich auf eine zuverl\u00e4ssige Energieversorgung verlassen, Kosteneinsparungen realisieren und Ihren \u00f6kologischen Fu\u00dfabdruck verringern. Entscheiden Sie sich f\u00fcr Blauhoff und machen Sie Ihr Haus fit f\u00fcr den Energiebedarf der Zukunft.<\/p>\n<p><a href=\"https:\/\/blauhoff.nl\/wp-content\/uploads\/2024\/02\/Datasheet-Blauhoff-RESS-HV-Slim-Line.pdf\" target=\"_blank\" rel=\"noopener\">Datenblatt Blauhoff RESS HV Slim Line<\/a><\/p>","protected":false},"excerpt":{"rendered":"<p>Blauhoff Home 25K\/34.2kWh 3 Phase System Slim Line IP65 17 cm d\u00fcnn Outdoor\/Indoor ! Das superschlanke Blauhoff Home 25K\/34.2kWh 3-Phasen-System der renommierten Marke Blauhoff bietet eine [...]<\/p>","protected":false},"featured_media":194675,"template":"","meta":{"_seopress_robots_primary_cat":"none","_seopress_titles_title":"","_seopress_titles_desc":"","_seopress_robots_index":"","_kad_blocks_custom_css":"","_kad_blocks_head_custom_js":"","_kad_blocks_body_custom_js":"","_kad_blocks_footer_custom_js":""},"product_cat":[17,19],"product_tag":[],"class_list":{"0":"post-194672","1":"product","2":"type-product","3":"status-publish","4":"has-post-thumbnail","6":"product_cat-home-batteries","7":"product_cat-sets-with-inverters","9":"first","10":"instock","11":"taxable","12":"shipping-taxable","13":"purchasable","14":"product-type-simple"},"taxonomy_info":{"product_cat":[{"value":17,"label":"Home batteries"},{"value":19,"label":"Sets with inverters"}]},"featured_image_src_large":["https:\/\/ownpowr.com\/wp-content\/uploads\/2024\/11\/3-phase-25k-battery-342kwh-480x480-1.png",480,480,false],"author_info":[],"comment_info":"","_links":{"self":[{"href":"https:\/\/ownpowr.com\/de\/wp-json\/wp\/v2\/product\/194672","targetHints":{"allow":["GET"]}}],"collection":[{"href":"https:\/\/ownpowr.com\/de\/wp-json\/wp\/v2\/product"}],"about":[{"href":"https:\/\/ownpowr.com\/de\/wp-json\/wp\/v2\/types\/product"}],"wp:featuredmedia":[{"embeddable":true,"href":"https:\/\/ownpowr.com\/de\/wp-json\/wp\/v2\/media\/194675"}],"wp:attachment":[{"href":"https:\/\/ownpowr.com\/de\/wp-json\/wp\/v2\/media?parent=194672"}],"wp:term":[{"taxonomy":"product_cat","embeddable":true,"href":"https:\/\/ownpowr.com\/de\/wp-json\/wp\/v2\/product_cat?post=194672"},{"taxonomy":"product_tag","embeddable":true,"href":"https:\/\/ownpowr.com\/de\/wp-json\/wp\/v2\/product_tag?post=194672"}],"curies":[{"name":"wp","href":"https:\/\/api.w.org\/{rel}","templated":true}]}}