{"id":203516,"date":"2025-01-17T12:00:55","date_gmt":"2025-01-17T10:00:55","guid":{"rendered":"https:\/\/ownpowr.com\/?post_type=product&#038;p=203516"},"modified":"2025-01-31T09:16:16","modified_gmt":"2025-01-31T07:16:16","slug":"blauhoff-15k-25kwh-hv-3-phase-system-powerpack-ip55-100ah-1c-charge-discharge","status":"publish","type":"product","link":"https:\/\/ownpowr.com\/de\/product\/blauhoff-15k-25kwh-hv-3-phase-system-powerpack-ip55-100ah-1c-laden-entladen\/","title":{"rendered":"Blauhoff 15K\/25kWh HV 3 Phase System Powerpack IP55 100aH 1C Laden\/Entladen"},"content":{"rendered":"<p>Blauhoff Home 15K\/25 kWh HV 3 Phasen System Kobaltfrei Powerpack IP65 Outdoor\/Indoor\/Kobaltfrei 100aH 1C<\/p>\n<p>Das superrobuste und leicht erweiterbare Blauhoff Home BLH-15k\/25 kWh 3-Phasen-System der renommierten Marke Blauhoff bietet eine zuverl\u00e4ssige und effiziente L\u00f6sung f\u00fcr die Energiespeicherung in Haushalten mit einem h\u00f6heren Verbrauch. Mit diesem leistungsstarken System k\u00f6nnen Sie die Energieeffizienz Ihres Hauses optimieren, Ihre Abh\u00e4ngigkeit vom Stromnetz verringern und von der Notstromversorgung im Falle eines Stromausfalls profitieren. Dar\u00fcber hinaus wird dieses System mit kostenloser Installation geliefert, was eine sorgenfreie Installation gew\u00e4hrleistet. Kommuniziert mit dynamischem Strom nach Bedarf ohne Abonnement und immer freie Wahl des Energieversorgers!<\/p>\n<p>Der Wechselrichter hat eine L\u00e4nge von 780 mm und ein Gewicht von 33,6 kg. Mit einem zus\u00e4tzlichen 300 mm langen Kabel zwischen dem Wechselrichter und der Batterie k\u00f6nnen Sie die optimale Platzierung f\u00fcr Ihr System bestimmen und so eine effiziente Energie\u00fcbertragung und minimale Energieverluste sicherstellen.<\/p>\n<p>Das Batteriesystem Blauhoff ist nachhaltig, kobaltfrei und kompakt und flach, mit Abmessungen von 734 mm x 400 mm pro Modul und einem Gewicht von 283 kg. Die Batterie hat eine Kapazit\u00e4t von 25 kWh, so dass Sie \u00fcbersch\u00fcssige Energie, die von Ihren Solarmodulen oder anderen Energiequellen erzeugt wird, speichern k\u00f6nnen. In Zeiten, in denen keine Energie produziert wird, k\u00f6nnen Sie die gespeicherte Energie nutzen, um Ihren Energieverbrauch zu decken. So sind Sie weniger abh\u00e4ngig vom Stromnetz und k\u00f6nnen Ihre Energiekosten weiter senken. Dies alles geschieht automatisch in Kombination mit einem dynamischen Energievertrag, falls verf\u00fcgbar. So k\u00f6nnen Sie im Winter nachts von billigem Strom profitieren und ihn den ganzen Tag \u00fcber nutzen. Im Sommer k\u00f6nnen Sie nachmittags und abends kostenlos laden und morgens oder nachts das Auto damit aufladen.<\/p>\n<p>Speziell angefertigte Ladung\/Entladung 1C (100aH), damit Sie sehr schnell laden und entladen k\u00f6nnen. 8000 Zyklen, 10 Jahre Garantie &amp; UL9540A zertifiziert, die h\u00f6chste erreichbare und feuersichere Kategorie!<\/p>\n<p>Immer mit kostenlosem Blauhoff Smartlanhub inklusive App und Hardware, damit Sie automatisch und ohne Abo-Kosten dynamisch agieren k\u00f6nnen und selbst die Kontrolle \u00fcber Ihren Energieversorger haben. Sie k\u00f6nnen t\u00e4glich zu dem g\u00fcnstigsten Anbieter wechseln. Auch kompatibel mit Homeautomation und Homey Pro Hausautomation.<\/p>\n<p>Das Home BLH-15k\/25 kWh 3-Phasen-System wird f\u00fcr Haushalte mit einem durchschnittlichen Jahresverbrauch von ca. 9125 kWh empfohlen. Mit einer Kapazit\u00e4t von 15 kW k\u00f6nnen Sie einen erheblichen Teil Ihres Energiebedarfs mit der erzeugten Solarenergie und der in der Batterie gespeicherten Energie decken. Dar\u00fcber hinaus bietet dieses System eine Notstromversorgung, so dass wichtige Ger\u00e4te auch bei Stromausf\u00e4llen weiter funktionieren und Ihr Alltag ungest\u00f6rt weitergehen kann. Das System kann auch auf maximal 600kWh erweitert werden.<\/p>\n<p>Das Blauhoff Home BLH-15k\/25 kWh 3-Phasen-System Powerpack wurde mit Blick auf Flexibilit\u00e4t entwickelt. Es verf\u00fcgt \u00fcber einen Generator-\/Windm\u00fchlenanschluss, der Ihnen die M\u00f6glichkeit gibt, zus\u00e4tzliche Energiequellen hinzuzuf\u00fcgen und Ihre Energieunabh\u00e4ngigkeit weiter zu erh\u00f6hen. Mit einem Mindestanschluss von 3x25A und geeignet f\u00fcr 3-Phasen-Konfigurationen ist dieses System mit den meisten Haushaltsstromnetzen kompatibel.<\/p>\n<p>Dank der kostenlosen Installation k\u00f6nnen Sie sich auf eine professionelle Installation verlassen, die sicherstellt, dass Ihr System vom ersten Moment an optimal funktioniert und Sie ein sorgenfreies Erlebnis genie\u00dfen k\u00f6nnen.<\/p>\n<p>Steigen Sie um auf eine effizientere und nachhaltigere Energieversorgung mit dem Blauhoff Home BLH-15k\/40kWh 3-Phasen-System. Mit der leistungsstarken Energiespeicherung, der Notstromversorgung und der Flexibilit\u00e4t bei den Energiequellen k\u00f6nnen Sie sich auf eine zuverl\u00e4ssige Stromversorgung verlassen, Kosteneinsparungen realisieren und Ihren \u00f6kologischen Fu\u00dfabdruck verringern. Entscheiden Sie sich f\u00fcr Blauhoff und machen Sie Ihr Haus fit f\u00fcr den Energiebedarf der Zukunft.<\/p>\n<p>Als zus\u00e4tzliche Option auch mit Heizung f\u00fcr die Montage in kalten R\u00e4umen oder im Freien erh\u00e4ltlich !<\/p>\n<p><a href=\"https:\/\/blauhoff.nl\/wp-content\/uploads\/2024\/10\/Blauhoff-Power-Pack-HV-V1.4-1.pdf\" target=\"_blank\" rel=\"noopener\">Blauhoff Kraftpaket HV V1.4 (1)<\/a><\/p>\n<div style=\"width: 640px;\" class=\"wp-video\"><video class=\"wp-video-shortcode\" id=\"video-203516-1\" width=\"640\" height=\"360\" preload=\"metadata\" controls=\"controls\"><source type=\"video\/mp4\" src=\"https:\/\/blauhoff.nl\/wp-content\/uploads\/2024\/12\/Blauhoff-PowerPack-Series.mp4?_=1\" \/><a href=\"https:\/\/blauhoff.nl\/wp-content\/uploads\/2024\/12\/Blauhoff-PowerPack-Series.mp4\">https:\/\/blauhoff.nl\/wp-content\/uploads\/2024\/12\/Blauhoff-PowerPack-Series.mp4<\/a><\/video><\/div>","protected":false},"excerpt":{"rendered":"<p>Blauhoff Home 15K\/25 kWh HV 3-Phasen-System Kobaltfrei Powerpack IP65 Outdoor\/Indoor\/Kobaltfrei 100aH 1C Das superrobuste und leicht erweiterbare Blauhoff Home BLH-15k\/25 kWh 3-Phasen-System, von [...]<\/p>","protected":false},"featured_media":203519,"template":"","meta":{"_seopress_robots_primary_cat":"none","_seopress_titles_title":"","_seopress_titles_desc":"","_seopress_robots_index":"","_kad_blocks_custom_css":"","_kad_blocks_head_custom_js":"","_kad_blocks_body_custom_js":"","_kad_blocks_footer_custom_js":""},"product_cat":[17,19],"product_tag":[],"class_list":{"0":"post-203516","1":"product","2":"type-product","3":"status-publish","4":"has-post-thumbnail","6":"product_cat-home-batteries","7":"product_cat-sets-with-inverters","9":"first","10":"instock","11":"taxable","12":"shipping-taxable","13":"purchasable","14":"product-type-simple"},"taxonomy_info":{"product_cat":[{"value":17,"label":"Home batteries"},{"value":19,"label":"Sets with inverters"}]},"featured_image_src_large":["https:\/\/ownpowr.com\/wp-content\/uploads\/2025\/01\/bh3_15k_25kwh-1024x1024.png",1024,1024,true],"author_info":[],"comment_info":"","_links":{"self":[{"href":"https:\/\/ownpowr.com\/de\/wp-json\/wp\/v2\/product\/203516","targetHints":{"allow":["GET"]}}],"collection":[{"href":"https:\/\/ownpowr.com\/de\/wp-json\/wp\/v2\/product"}],"about":[{"href":"https:\/\/ownpowr.com\/de\/wp-json\/wp\/v2\/types\/product"}],"wp:featuredmedia":[{"embeddable":true,"href":"https:\/\/ownpowr.com\/de\/wp-json\/wp\/v2\/media\/203519"}],"wp:attachment":[{"href":"https:\/\/ownpowr.com\/de\/wp-json\/wp\/v2\/media?parent=203516"}],"wp:term":[{"taxonomy":"product_cat","embeddable":true,"href":"https:\/\/ownpowr.com\/de\/wp-json\/wp\/v2\/product_cat?post=203516"},{"taxonomy":"product_tag","embeddable":true,"href":"https:\/\/ownpowr.com\/de\/wp-json\/wp\/v2\/product_tag?post=203516"}],"curies":[{"name":"wp","href":"https:\/\/api.w.org\/{rel}","templated":true}]}}