{"id":205857,"date":"2025-01-30T13:37:19","date_gmt":"2025-01-30T11:37:19","guid":{"rendered":"https:\/\/ownpowr.com\/?post_type=product&#038;p=205857"},"modified":"2025-01-31T10:08:34","modified_gmt":"2025-01-31T08:08:34","slug":"blauhoff-25k-50kwh-hv-3-phase-system-powerpack-ip55-100ah-1c-charge-discharge","status":"publish","type":"product","link":"https:\/\/ownpowr.com\/de\/product\/blauhoff-25k-50kwh-hv-3-phase-system-powerpack-ip55-100ah-1c-laden-entladen\/","title":{"rendered":"Blauhoff 25K\/50kWh HV 3 Phase System Powerpack IP55 100aH 1C Laden\/Entladen"},"content":{"rendered":"<p>Blauhoff Home 25K\/50 kWh HV 3 Phase System Kobaltfrei Powerpack IP55 Outdoor\/Indoor\/Kobaltfrei 100aH 1C<\/p>\n<p>Das superrobuste und leicht erweiterbare Blauhoff Home BLH-25k\/50 kWh 3-Phasen-System der renommierten Marke Blauhoff bietet eine zuverl\u00e4ssige und effiziente Energiespeicherl\u00f6sung f\u00fcr Haushalte mit hohem Verbrauch. Mit diesem leistungsstarken System k\u00f6nnen Sie die Energieeffizienz Ihres Hauses optimieren, Ihre Abh\u00e4ngigkeit vom Stromnetz verringern und von der Notstromversorgung bei Stromausf\u00e4llen profitieren. Au\u00dferdem wird dieses System mit kostenloser Montage geliefert, was eine problemlose Installation gew\u00e4hrleistet. Kommuniziert nach Bedarf mit dynamischem Strom ohne Abonnement und immer freie Wahl des Energieversorgers!<\/p>\n<p>Der Wechselrichter hat eine L\u00e4nge von 780 mm und ein Gewicht von 33,6 kg. Mit einem zus\u00e4tzlichen 300 mm langen Kabel zwischen dem Wechselrichter und der Batterie k\u00f6nnen Sie die optimale Platzierung f\u00fcr Ihr System bestimmen und so eine effiziente Energie\u00fcbertragung und minimalen Energieverlust sicherstellen.<\/p>\n<p>Das Home BLH-25k\/50 kWh 3-Phasen-System wird f\u00fcr Haushalte mit einem durchschnittlichen Jahresverbrauch von etwa 18250 kWh empfohlen. Mit einer Leistung von 25 kW k\u00f6nnen Sie einen erheblichen Teil Ihres Energiebedarfs durch die Nutzung der erzeugten Sonnenenergie und der in der Batterie gespeicherten Energie decken. Dar\u00fcber hinaus liefert dieses System Notstrom, so dass wichtige Ger\u00e4te auch bei Stromausf\u00e4llen weiter funktionieren und Ihr Alltag ohne Unterbrechung weitergehen kann. Das System ist au\u00dferdem auf bis zu 600kWh erweiterbar.<\/p>\n<p>Das Blauhoff Home BLH-25k\/50 kWh 3-Phasen-System Powerpack wurde mit Blick auf Flexibilit\u00e4t entwickelt. Es verf\u00fcgt \u00fcber einen Generator-\/Windm\u00fchlenanschluss, so dass Sie zus\u00e4tzliche Stromquellen hinzuf\u00fcgen und Ihre Energieunabh\u00e4ngigkeit weiter erh\u00f6hen k\u00f6nnen. Mit einem Mindestanschluss von 3x25A und geeignet f\u00fcr 3-Phasen-Konfigurationen ist dieses System mit den meisten Haushaltsstromnetzen kompatibel.<\/p>\n<p>Bei der kostenlosen Montage k\u00f6nnen Sie sich auf eine professionelle Installation verlassen, die sicherstellt, dass Ihr System vom ersten Moment an optimal funktioniert und Sie eine sorgenfreie Erfahrung genie\u00dfen k\u00f6nnen.<\/p>\n<p>Steigen Sie um auf eine effizientere und nachhaltigere Energieversorgung mit dem Blauhoff Home BLH-25k\/50 kWh 3-Phasen-System. Mit leistungsstarker Energiespeicherung, Notstromversorgung und Flexibilit\u00e4t bei den Energiequellen k\u00f6nnen Sie sich auf eine zuverl\u00e4ssige Stromversorgung verlassen, Kosteneinsparungen realisieren und Ihren \u00f6kologischen Fu\u00dfabdruck verringern. Entscheiden Sie sich f\u00fcr Blauhoff und bereiten Sie Ihr Zuhause auf den Energiebedarf der Zukunft vor.<\/p>\n<p>Als zus\u00e4tzliche Option auch mit Heizung f\u00fcr die Montage in kalten R\u00e4umen oder im Freien erh\u00e4ltlich !<\/p>\n<p><a href=\"https:\/\/blauhoff.nl\/wp-content\/uploads\/2024\/10\/Blauhoff-Power-Pack-HV-V1.4-1.pdf\" target=\"_blank\" rel=\"noopener\">Blauhoff Kraftpaket HV V1.4 (1)<\/a><\/p>\n<div style=\"width: 640px;\" class=\"wp-video\"><video class=\"wp-video-shortcode\" id=\"video-205857-1\" width=\"640\" height=\"360\" preload=\"metadata\" controls=\"controls\"><source type=\"video\/mp4\" src=\"https:\/\/blauhoff.nl\/wp-content\/uploads\/2024\/12\/Blauhoff-PowerPack-Series.mp4?_=1\" \/><a href=\"https:\/\/blauhoff.nl\/wp-content\/uploads\/2024\/12\/Blauhoff-PowerPack-Series.mp4\">https:\/\/blauhoff.nl\/wp-content\/uploads\/2024\/12\/Blauhoff-PowerPack-Series.mp4<\/a><\/video><\/div>","protected":false},"excerpt":{"rendered":"<p>Blauhoff Home 25K\/50 kWh HV 3-Phasen-System Kobaltfreies Powerpack IP55 Outdoor\/Indoor\/Kobaltfrei 100aH 1C Das superrobuste und leicht erweiterbare Blauhoff Home BLH-25k\/50 kWh 3-Phasen-System des renommierten [...]<\/p>","protected":false},"featured_media":205860,"template":"","meta":{"_seopress_robots_primary_cat":"none","_seopress_titles_title":"","_seopress_titles_desc":"","_seopress_robots_index":"","_kad_blocks_custom_css":"","_kad_blocks_head_custom_js":"","_kad_blocks_body_custom_js":"","_kad_blocks_footer_custom_js":""},"product_cat":[17,19],"product_tag":[],"class_list":{"0":"post-205857","1":"product","2":"type-product","3":"status-publish","4":"has-post-thumbnail","6":"product_cat-home-batteries","7":"product_cat-sets-with-inverters","9":"first","10":"instock","11":"taxable","12":"shipping-taxable","13":"purchasable","14":"product-type-simple"},"taxonomy_info":{"product_cat":[{"value":17,"label":"Home batteries"},{"value":19,"label":"Sets with inverters"}]},"featured_image_src_large":["https:\/\/ownpowr.com\/wp-content\/uploads\/2025\/01\/bh3_12k_50kwh-480x480-2.png",480,480,false],"author_info":[],"comment_info":"","_links":{"self":[{"href":"https:\/\/ownpowr.com\/de\/wp-json\/wp\/v2\/product\/205857","targetHints":{"allow":["GET"]}}],"collection":[{"href":"https:\/\/ownpowr.com\/de\/wp-json\/wp\/v2\/product"}],"about":[{"href":"https:\/\/ownpowr.com\/de\/wp-json\/wp\/v2\/types\/product"}],"wp:featuredmedia":[{"embeddable":true,"href":"https:\/\/ownpowr.com\/de\/wp-json\/wp\/v2\/media\/205860"}],"wp:attachment":[{"href":"https:\/\/ownpowr.com\/de\/wp-json\/wp\/v2\/media?parent=205857"}],"wp:term":[{"taxonomy":"product_cat","embeddable":true,"href":"https:\/\/ownpowr.com\/de\/wp-json\/wp\/v2\/product_cat?post=205857"},{"taxonomy":"product_tag","embeddable":true,"href":"https:\/\/ownpowr.com\/de\/wp-json\/wp\/v2\/product_tag?post=205857"}],"curies":[{"name":"wp","href":"https:\/\/api.w.org\/{rel}","templated":true}]}}