{"id":206803,"date":"2025-02-07T15:58:34","date_gmt":"2025-02-07T13:58:34","guid":{"rendered":"https:\/\/ownpowr.com\/?post_type=product&#038;p=206803"},"modified":"2025-02-14T16:28:57","modified_gmt":"2025-02-14T14:28:57","slug":"blauhoff-home-8k-20kwh-3-phase-system","status":"publish","type":"product","link":"https:\/\/ownpowr.com\/de\/product\/blauhoff-home-8k-20kwh-3-phase-system\/","title":{"rendered":"Blauhoff Home 8K\/20kWh 1- oder 3-Phasen-System"},"content":{"rendered":"<p>Blauhoff Home 8K\/20kWh Phasensystem<\/p>\n<p>Das Blauhoff Home 8K\/20kWh Phase System, von der vertrauensw\u00fcrdigen Marke Blauhoff, bietet eine fortschrittliche L\u00f6sung f\u00fcr die Energiespeicherung zu Hause. Dieses System wurde speziell entwickelt, um den Energiebedarf von Haushalten mit hohem Verbrauch zu decken. Mit diesem leistungsstarken System k\u00f6nnen Sie die Effizienz Ihres Energieverbrauchs optimieren, Ihre Abh\u00e4ngigkeit vom Stromnetz verringern und sogar von der Notstromversorgung im Falle eines Stromausfalls profitieren. Au\u00dferdem wird dieses System mit kostenloser Installation geliefert, was die Installation einfach und m\u00fchelos macht.<\/p>\n<p>Der Wechselrichter hat eine L\u00e4nge von 580 mm und wiegt 33,6 kg. Mit einem zus\u00e4tzlichen 300mm langen Kabel zwischen dem Wechselrichter und der Batterie k\u00f6nnen Sie die optimale Platzierung f\u00fcr Ihr System bestimmen und so eine effiziente Energie\u00fcbertragung und minimale Energieverluste sicherstellen.<\/p>\n<p>Das Blauhoff Batteriesystem ist robust und langlebig, misst 580mm x 387mm x 1300mm und wiegt 180kg. Die Batterie hat eine beeindruckende Kapazit\u00e4t von 20 kWh, so dass Sie \u00fcbersch\u00fcssige Energie, die von Ihren Solarmodulen erzeugt wird, speichern k\u00f6nnen. Wenn kein Sonnenlicht zur Verf\u00fcgung steht, k\u00f6nnen Sie diese gespeicherte Energie nutzen, um Ihren Energieverbrauch zu decken. So sind Sie weniger abh\u00e4ngig vom Stromnetz und k\u00f6nnen Ihre Energiekosten weiter senken.<\/p>\n<p>Das Blauhoff Home 8K\/20kWh Phase System wird f\u00fcr Haushalte mit einem durchschnittlichen Jahresverbrauch von etwa 7000 kWh empfohlen. Mit einer Kapazit\u00e4t von 8 kW k\u00f6nnen Sie einen erheblichen Teil Ihres Energiebedarfs durch die erzeugte Solarenergie und die in der Batterie gespeicherte Energie decken. Dar\u00fcber hinaus bietet dieses System eine Notstromversorgung, die es Ihnen erm\u00f6glicht, wichtige Ger\u00e4te auch bei Stromausf\u00e4llen weiter zu nutzen und so f\u00fcr Ihren Komfort und Ihren Seelenfrieden zu sorgen.<\/p>\n<p>Das Blauhoff Home 8K\/20kWh Phasensystem wurde im Hinblick auf Flexibilit\u00e4t entwickelt. Es verf\u00fcgt \u00fcber einen Generator-\/Windm\u00fchlenanschluss, der Ihnen die M\u00f6glichkeit gibt, zus\u00e4tzliche Energiequellen hinzuzuf\u00fcgen und Ihre Energieunabh\u00e4ngigkeit weiter zu erh\u00f6hen. Mit einem Mindestanschluss von 1x40A und geeignet f\u00fcr 1-phasige Konfigurationen ist dieses System mit den meisten Haushaltsstromnetzen kompatibel.<\/p>\n<p>Dank der kostenlosen Installation k\u00f6nnen Sie sich auf eine professionelle Installation verlassen, die Ihnen Zeit und M\u00fche erspart und sicherstellt, dass Ihr System vom ersten Moment an optimal funktioniert.<\/p>\n<p>Steigen Sie um auf eine effizientere und nachhaltigere Energieversorgung mit dem Blauhoff Home 8K\/20kWh Phase System. Mit leistungsstarker Energiespeicherung, Notstromversorgung und Flexibilit\u00e4t bei den Energiequellen genie\u00dfen Sie ein zuverl\u00e4ssiges und kosteng\u00fcnstiges Energiemanagement in Ihrem Zuhause. Entscheiden Sie sich f\u00fcr Blauhoff und bereiten Sie Ihr Zuhause auf den Energiebedarf der Zukunft vor.<\/p>\n<p><strong>Das Blauhoff Home 8K\/20 kWh 1 Phase System ist ebenfalls auf Anfrage erh\u00e4ltlich!<\/strong><\/p>","protected":false},"excerpt":{"rendered":"<p>Blauhoff Home 8K\/20kWh Phasensystem Das Blauhoff Home 8K\/20kWh Phasensystem der bew\u00e4hrten Marke Blauhoff bietet eine fortschrittliche L\u00f6sung f\u00fcr die Energiespeicherung zu Hause. Dieses System wurde speziell f\u00fcr die Anforderungen [...]<\/p>","protected":false},"featured_media":206806,"template":"","meta":{"_seopress_robots_primary_cat":"none","_seopress_titles_title":"","_seopress_titles_desc":"","_seopress_robots_index":"","_kad_blocks_custom_css":"","_kad_blocks_head_custom_js":"","_kad_blocks_body_custom_js":"","_kad_blocks_footer_custom_js":""},"product_cat":[17,19],"product_tag":[],"class_list":{"0":"post-206803","1":"product","2":"type-product","3":"status-publish","4":"has-post-thumbnail","6":"product_cat-home-batteries","7":"product_cat-sets-with-inverters","9":"first","10":"instock","11":"taxable","12":"shipping-taxable","13":"purchasable","14":"product-type-simple"},"taxonomy_info":{"product_cat":[{"value":17,"label":"Home batteries"},{"value":19,"label":"Sets with inverters"}]},"featured_image_src_large":["https:\/\/ownpowr.com\/wp-content\/uploads\/2025\/02\/blh_8k_20kwh.jpg",480,480,false],"author_info":[],"comment_info":"","_links":{"self":[{"href":"https:\/\/ownpowr.com\/de\/wp-json\/wp\/v2\/product\/206803","targetHints":{"allow":["GET"]}}],"collection":[{"href":"https:\/\/ownpowr.com\/de\/wp-json\/wp\/v2\/product"}],"about":[{"href":"https:\/\/ownpowr.com\/de\/wp-json\/wp\/v2\/types\/product"}],"wp:featuredmedia":[{"embeddable":true,"href":"https:\/\/ownpowr.com\/de\/wp-json\/wp\/v2\/media\/206806"}],"wp:attachment":[{"href":"https:\/\/ownpowr.com\/de\/wp-json\/wp\/v2\/media?parent=206803"}],"wp:term":[{"taxonomy":"product_cat","embeddable":true,"href":"https:\/\/ownpowr.com\/de\/wp-json\/wp\/v2\/product_cat?post=206803"},{"taxonomy":"product_tag","embeddable":true,"href":"https:\/\/ownpowr.com\/de\/wp-json\/wp\/v2\/product_tag?post=206803"}],"curies":[{"name":"wp","href":"https:\/\/api.w.org\/{rel}","templated":true}]}}