{"id":207770,"date":"2025-02-14T12:09:30","date_gmt":"2025-02-14T10:09:30","guid":{"rendered":"https:\/\/ownpowr.com\/?post_type=product&#038;p=207770"},"modified":"2025-02-14T12:10:25","modified_gmt":"2025-02-14T10:10:25","slug":"blauhoff-home-3-6k-10kwh-1-phase-system","status":"publish","type":"product","link":"https:\/\/ownpowr.com\/de\/product\/blauhoff-home-3-6k-10kwh-1-phase-system\/","title":{"rendered":"Blauhoff Home 3.6K\/10kWh 1 Phase System"},"content":{"rendered":"<p>Blauhoff Home 3.6K\/10kWh 1 Phase System<\/p>\n<p>Das Blauhoff Home 3.6K\/10kWh 1 Phase System ist ein revolution\u00e4res Energiespeichersystem, das f\u00fcr die Bed\u00fcrfnisse moderner Haushalte entwickelt wurde. Mit fortschrittlichen Technologien und beeindruckender Kapazit\u00e4t bietet dieses System eine zuverl\u00e4ssige und effiziente L\u00f6sung f\u00fcr die Verwaltung Ihres Energieverbrauchs.<\/p>\n<p>Dieses System wird speziell f\u00fcr einen durchschnittlichen Jahresverbrauch von 3650 kWh empfohlen und ist damit perfekt f\u00fcr die meisten Haushalte geeignet. Ganz gleich, ob Sie Ihre Elektroger\u00e4te mit Strom versorgen, Ihr Haus mit Solarenergie versorgen oder Ihren Energieverbrauch optimieren m\u00f6chten, das System Blauhoff Home ist auf Ihre Bed\u00fcrfnisse zugeschnitten.<\/p>\n<p>Mit einer gro\u00dfz\u00fcgigen Kapazit\u00e4t von 10 kWh bietet dieses System reichlich Speicherplatz f\u00fcr \u00fcbersch\u00fcssige Energie, die von Sonnenkollektoren oder anderen erneuerbaren Quellen erzeugt wird. Das bedeutet, dass Sie Energie speichern und nutzen k\u00f6nnen, wann immer Sie sie brauchen, selbst in Spitzenzeiten oder wenn keine externe Stromversorgung verf\u00fcgbar ist. Au\u00dferdem verf\u00fcgt das System \u00fcber eine Notstromfunktion, so dass Sie auch bei Stromausf\u00e4llen immer Strom haben.<\/p>\n<p>Eine der bemerkenswerten Eigenschaften des Blauhoff Home Systems ist seine Kompatibilit\u00e4t mit Generatoren und Windturbinenanschl\u00fcssen. So k\u00f6nnen Sie verschiedene Quellen f\u00fcr erneuerbare Energien integrieren und Ihren CO2-Fu\u00dfabdruck weiter reduzieren. Sie k\u00f6nnen von der Erzeugung gr\u00fcner Energie profitieren und Ihren Stromverbrauch nachhaltiger gestalten.<\/p>\n<p>Mit einer Leistung von 3,6 kW bietet das Blauhoff Home System gen\u00fcgend Strom f\u00fcr Ihren t\u00e4glichen Bedarf. Ganz gleich, ob Sie Ihre Beleuchtung, Ihren K\u00fchlschrank, Ihre Klimaanlage oder andere elektrische Ger\u00e4te anschlie\u00dfen m\u00f6chten, dieses System liefert zuverl\u00e4ssige Leistung und sorgt daf\u00fcr, dass Sie nie ohne Strom sind.<\/p>\n<p>Die Installation des Blauhoff Home 3.6K\/10 kWh 1 Phase Systems ist einfach und erfordert nur einen Mindestanschluss von 1x25A. Au\u00dferdem wird das System mit kostenloser Installation geliefert, so dass Sie die Vorteile Ihrer neuen Energiel\u00f6sung sofort genie\u00dfen k\u00f6nnen.<\/p>\n<p>Entscheiden Sie sich f\u00fcr das Blauhoff Home 3.6K\/10 kWh 1 Phase System und entdecken Sie eine fortschrittliche und zuverl\u00e4ssige M\u00f6glichkeit, Ihren Energieverbrauch zu verwalten. Genie\u00dfen Sie die Freiheit, Ihre eigene Energie zu erzeugen, zu speichern und zu nutzen, w\u00e4hrend Sie gleichzeitig Energiekosten sparen und einen Beitrag zu einer nachhaltigeren Zukunft leisten. Mit dem Blauhoff Home haben Sie die Kontrolle \u00fcber Ihre Energie.<\/p>","protected":false},"excerpt":{"rendered":"<p>Blauhoff Home 3.6K\/10kWh 1 Phase System Das Blauhoff Home 3.6K\/10kWh 1 Phase System ist ein revolution\u00e4res Energiespeichersystem, das auf die Bed\u00fcrfnisse moderner Haushalte zugeschnitten ist. Mit fortschrittlichen Technologien [...]<\/p>","protected":false},"featured_media":207773,"template":"","meta":{"_seopress_robots_primary_cat":"none","_seopress_titles_title":"","_seopress_titles_desc":"","_seopress_robots_index":"","_kad_blocks_custom_css":"","_kad_blocks_head_custom_js":"","_kad_blocks_body_custom_js":"","_kad_blocks_footer_custom_js":""},"product_cat":[17,19],"product_tag":[],"class_list":{"0":"post-207770","1":"product","2":"type-product","3":"status-publish","4":"has-post-thumbnail","6":"product_cat-home-batteries","7":"product_cat-sets-with-inverters","9":"first","10":"instock","11":"taxable","12":"shipping-taxable","13":"purchasable","14":"product-type-simple"},"taxonomy_info":{"product_cat":[{"value":17,"label":"Home batteries"},{"value":19,"label":"Sets with inverters"}]},"featured_image_src_large":["https:\/\/ownpowr.com\/wp-content\/uploads\/2025\/02\/blh_1_phase_36_10.jpg",600,600,false],"author_info":[],"comment_info":"","_links":{"self":[{"href":"https:\/\/ownpowr.com\/de\/wp-json\/wp\/v2\/product\/207770","targetHints":{"allow":["GET"]}}],"collection":[{"href":"https:\/\/ownpowr.com\/de\/wp-json\/wp\/v2\/product"}],"about":[{"href":"https:\/\/ownpowr.com\/de\/wp-json\/wp\/v2\/types\/product"}],"wp:featuredmedia":[{"embeddable":true,"href":"https:\/\/ownpowr.com\/de\/wp-json\/wp\/v2\/media\/207773"}],"wp:attachment":[{"href":"https:\/\/ownpowr.com\/de\/wp-json\/wp\/v2\/media?parent=207770"}],"wp:term":[{"taxonomy":"product_cat","embeddable":true,"href":"https:\/\/ownpowr.com\/de\/wp-json\/wp\/v2\/product_cat?post=207770"},{"taxonomy":"product_tag","embeddable":true,"href":"https:\/\/ownpowr.com\/de\/wp-json\/wp\/v2\/product_tag?post=207770"}],"curies":[{"name":"wp","href":"https:\/\/api.w.org\/{rel}","templated":true}]}}