{"id":207863,"date":"2025-02-14T16:12:44","date_gmt":"2025-02-14T14:12:44","guid":{"rendered":"https:\/\/ownpowr.com\/?post_type=product&#038;p=207863"},"modified":"2025-02-14T16:12:45","modified_gmt":"2025-02-14T14:12:45","slug":"blauhoff-home-10k-20kwh-3-phase-system-hv-lv","status":"publish","type":"product","link":"https:\/\/ownpowr.com\/de\/product\/blauhoff-home-10k-20kwh-3-phase-system-hv-lv\/","title":{"rendered":"Blauhoff Home 10K\/20kWh 3 Phasen System HV\/LV"},"content":{"rendered":"<p>Blauhoff Home 10K\/20kWh Phasensystem<\/p>\n<p>Das Blauhoff Home 10K\/20kWh Phase System der renommierten Marke Blauhoff bietet eine leistungsstarke und zuverl\u00e4ssige L\u00f6sung f\u00fcr die Energiespeicherung in Haushalten mit hohem Verbrauch. Mit diesem fortschrittlichen System k\u00f6nnen Sie Ihr Energiemanagement optimieren, Ihre Abh\u00e4ngigkeit vom Stromnetz verringern und von der Notstromversorgung im Falle eines Stromausfalls profitieren. Au\u00dferdem wird dieses System mit kostenloser Installation geliefert, was die Installation einfach und m\u00fchelos macht.<\/p>\n<p>Der Wechselrichter hat eine L\u00e4nge von 699,3 mm und wiegt 33,6 kg. Mit einem zus\u00e4tzlichen 300 mm langen Kabel zwischen dem Wechselrichter und der Batterie k\u00f6nnen Sie die optimale Platzierung f\u00fcr Ihr System bestimmen und so eine effiziente Energie\u00fcbertragung und minimale Energieverluste sicherstellen.<\/p>\n<p>Das Blauhoff Batteriesystem ist langlebig und robust, mit Abmessungen von 586 mm x 387 mm x 1300 mm und einem Gewicht von 180 kg. Die Batterie hat eine beeindruckende Kapazit\u00e4t von 20 kWh und erm\u00f6glicht es Ihnen, \u00fcbersch\u00fcssige Energie zu speichern, die von Ihren Sonnenkollektoren oder anderen Energiequellen erzeugt wird. Wenn keine Energie produziert wird, k\u00f6nnen Sie die gespeicherte Energie nutzen, um Ihren Energieverbrauch zu decken. Dadurch sind Sie weniger abh\u00e4ngig vom Stromnetz und k\u00f6nnen Ihre Energiekosten weiter senken.<\/p>\n<p>Das Blauhoff Home 10K\/20kWh Phase System wird f\u00fcr Haushalte mit einem durchschnittlichen Jahresverbrauch von etwa 7300 kWh empfohlen. Mit einer Kapazit\u00e4t von 10 kW k\u00f6nnen Sie einen gro\u00dfen Teil Ihres Energiebedarfs mit der erzeugten Sonnenenergie und der in der Batterie gespeicherten Energie decken. Dar\u00fcber hinaus liefert dieses System Notstrom, so dass wichtige Ger\u00e4te auch bei Stromausf\u00e4llen weiter funktionieren und Ihr Tagesablauf ununterbrochen weiterl\u00e4uft.<\/p>\n<p>Das Blauhoff Home 10K\/20kWh Phasensystem wurde im Hinblick auf Flexibilit\u00e4t entwickelt. Es verf\u00fcgt \u00fcber einen Generator-\/Windturbinenanschluss, der Ihnen die M\u00f6glichkeit bietet, zus\u00e4tzliche Energiequellen hinzuzuf\u00fcgen und Ihre Energieunabh\u00e4ngigkeit weiter zu erh\u00f6hen. Mit einem Mindestanschluss von 3x25A und geeignet f\u00fcr Phasenkonfigurationen ist dieses System mit den meisten Haushaltsstromnetzen kompatibel.<\/p>\n<p>Dank der kostenlosen Installation k\u00f6nnen Sie sich auf eine professionelle Installation verlassen, die sicherstellt, dass Ihr System vom ersten Moment an optimal funktioniert und Sie eine sorgenfreie Erfahrung genie\u00dfen k\u00f6nnen.<\/p>\n<p>Steigen Sie um auf eine effizientere und nachhaltigere Energieversorgung mit dem Blauhoff Home 10K\/20kWh Phase System. Mit der leistungsstarken Energiespeicherung, der Notstromversorgung und der Flexibilit\u00e4t bei den Energiequellen k\u00f6nnen Sie sich auf eine zuverl\u00e4ssige Stromversorgung verlassen, Kosteneinsparungen realisieren und Ihren \u00f6kologischen Fu\u00dfabdruck verringern. Entscheiden Sie sich f\u00fcr Blauhoff und bereiten Sie Ihr Zuhause auf den Energiebedarf der Zukunft vor.<\/p>\n<p><strong>Der Preis unterscheidet sich zwischen HV und LV!<\/strong><\/p>","protected":false},"excerpt":{"rendered":"<p>Blauhoff Home 10K\/20kWh Phase System Das Blauhoff Home 10K\/20kWh Phase System der renommierten Marke Blauhoff bietet eine leistungsstarke und zuverl\u00e4ssige L\u00f6sung f\u00fcr die Energiespeicherung in Haushalten mit hohem Verbrauch. [...]<\/p>","protected":false},"featured_media":207866,"template":"","meta":{"_seopress_robots_primary_cat":"","_seopress_titles_title":"","_seopress_titles_desc":"","_seopress_robots_index":"","_kad_blocks_custom_css":"","_kad_blocks_head_custom_js":"","_kad_blocks_body_custom_js":"","_kad_blocks_footer_custom_js":""},"product_cat":[17,19],"product_tag":[],"class_list":{"0":"post-207863","1":"product","2":"type-product","3":"status-publish","4":"has-post-thumbnail","6":"product_cat-home-batteries","7":"product_cat-sets-with-inverters","9":"first","10":"instock","11":"taxable","12":"shipping-taxable","13":"purchasable","14":"product-type-simple"},"taxonomy_info":{"product_cat":[{"value":17,"label":"Home batteries"},{"value":19,"label":"Sets with inverters"}]},"featured_image_src_large":["https:\/\/ownpowr.com\/wp-content\/uploads\/2025\/02\/blh_5100_10k_20kwh-600x600-1.jpg",600,600,false],"author_info":[],"comment_info":"","_links":{"self":[{"href":"https:\/\/ownpowr.com\/de\/wp-json\/wp\/v2\/product\/207863","targetHints":{"allow":["GET"]}}],"collection":[{"href":"https:\/\/ownpowr.com\/de\/wp-json\/wp\/v2\/product"}],"about":[{"href":"https:\/\/ownpowr.com\/de\/wp-json\/wp\/v2\/types\/product"}],"wp:featuredmedia":[{"embeddable":true,"href":"https:\/\/ownpowr.com\/de\/wp-json\/wp\/v2\/media\/207866"}],"wp:attachment":[{"href":"https:\/\/ownpowr.com\/de\/wp-json\/wp\/v2\/media?parent=207863"}],"wp:term":[{"taxonomy":"product_cat","embeddable":true,"href":"https:\/\/ownpowr.com\/de\/wp-json\/wp\/v2\/product_cat?post=207863"},{"taxonomy":"product_tag","embeddable":true,"href":"https:\/\/ownpowr.com\/de\/wp-json\/wp\/v2\/product_tag?post=207863"}],"curies":[{"name":"wp","href":"https:\/\/api.w.org\/{rel}","templated":true}]}}